{"id":676880,"date":"2025-11-17T17:25:15","date_gmt":"2025-11-17T14:25:15","guid":{"rendered":"https:\/\/nbg.eu\/product\/termovizijski-cilj-nocpix-rico-2-h75r\/"},"modified":"2026-04-14T16:18:52","modified_gmt":"2026-04-14T13:18:52","slug":"termovizijski-cilj-nocpix-rico-2-h75r","status":"publish","type":"product","link":"https:\/\/nbg.eu\/sl\/izdelek\/termovizijski-cilj-nocpix-rico-2-h75r\/","title":{"rendered":"Nocpix Termi\u010dni Namerilnik Rico 2 H75R"},"content":{"rendered":"<h2>Nocpix Rico 2 H75R: Popolno strelsko viziranje na dolge razdalje<\/h2>\n<p>Serija termi\u010dnih opazovalnih naprav Nocpix RICO 2 H75R je zasnovana za lovce, ki zahtevajo najbolj\u0161o jasnost, doseg in udobje. Z vodilnim industrijskim termi\u010dnim senzorjem in visoko hitrostjo sli\u010dic zagotavlja vrhunsko kakovost slike, ki omogo\u010da enostavno prepoznavanje in sledenje tar\u010dam. Njegov dolg gori\u0161\u010dni razpon in vgrajen daljinomer za merjenje razdalje zagotavljajo natan\u010dno merjenje oddaljenih tar\u010d, napredna opti\u010dna zasnova pa omogo\u010da neprekinjeno do\u017eivetje brez popa\u010denja. Z nastavljivo pove\u010davo in izjemnim o\u010desnim razmakom serija Nocpix RICO 2 H75R lovcem omogo\u010da enostavno prilagajanje pove\u010dave in udobno uporabo med dalj\u0161imi lovi. Inovativne tehnologije in uporabniku prijazen dizajn serijo Nocpix RICO 2 H75R uvr\u0161\u010dajo v sam vrh zmogljivosti za lov na dolge razdalje.<\/p>\n<h2>Najsodobnej\u0161a termi\u010dna vizualizacija<\/h2>\n<p>\n","protected":false},"excerpt":{"rendered":"<p>Nocpix Rico 2 H75R \u2013 dolgoro\u010dni strelski strokovnjak s senzorjem 640\u00d7512, 60Hz, integrirano lasesko razdaljemerilno napravo in neprekinjenim zoomom.<\/p>\n<p>\u010ce izdelek ni na voljo, nas prosimo kontaktirajte: shop@nbg.eu ali +359896147790<\/p>\n","protected":false},"featured_media":676966,"template":"","meta":{"_acf_changed":false},"product_brand":[14462],"product_cat":[16100],"product_tag":[],"class_list":{"0":"post-676880","1":"product","2":"type-product","3":"status-publish","4":"has-post-thumbnail","6":"product_brand-nocpix","7":"product_cat-thermal-cameras-sl","9":"first","10":"instock","11":"taxable","12":"shipping-taxable","13":"purchasable","14":"product-type-simple"},"acf":[],"_links":{"self":[{"href":"https:\/\/nbg.eu\/sl\/wp-json\/wp\/v2\/product\/676880","targetHints":{"allow":["GET"]}}],"collection":[{"href":"https:\/\/nbg.eu\/sl\/wp-json\/wp\/v2\/product"}],"about":[{"href":"https:\/\/nbg.eu\/sl\/wp-json\/wp\/v2\/types\/product"}],"wp:featuredmedia":[{"embeddable":true,"href":"https:\/\/nbg.eu\/sl\/wp-json\/wp\/v2\/media\/676966"}],"wp:attachment":[{"href":"https:\/\/nbg.eu\/sl\/wp-json\/wp\/v2\/media?parent=676880"}],"wp:term":[{"taxonomy":"product_brand","embeddable":true,"href":"https:\/\/nbg.eu\/sl\/wp-json\/wp\/v2\/product_brand?post=676880"},{"taxonomy":"product_cat","embeddable":true,"href":"https:\/\/nbg.eu\/sl\/wp-json\/wp\/v2\/product_cat?post=676880"},{"taxonomy":"product_tag","embeddable":true,"href":"https:\/\/nbg.eu\/sl\/wp-json\/wp\/v2\/product_tag?post=676880"}],"curies":[{"name":"wp","href":"https:\/\/api.w.org\/{rel}","templated":true}]}}