{"id":676987,"date":"2025-11-17T17:25:28","date_gmt":"2025-11-17T14:25:28","guid":{"rendered":"https:\/\/nbg.eu\/product\/termovizijski-vizir-nocpix-ace-s60r-rails-zeiss\/"},"modified":"2026-04-14T17:21:48","modified_gmt":"2026-04-14T14:21:48","slug":"termovizijski-vizir-nocpix-ace-s60r-rails-zeiss","status":"publish","type":"product","link":"https:\/\/nbg.eu\/sl\/izdelek\/termovizijski-vizir-nocpix-ace-s60r-rails-zeiss\/","title":{"rendered":"Nocpix Termi\u010dni Namerilnik ACE S60R ZEISS RAIL"},"content":{"rendered":"<h2>NocPix ACE S60R termi\u010dni daljnogled<\/h2>\n<p>NocPix ACE S60R termi\u010dni daljnogled je popolnoma nov, vrhunski pripomo\u010dek, zasnovan za elitne lovce, ki zahtevajo vrhunsko u\u010dinkovitost v najbolj zahtevnih okoljih. S svojo najsodobnej\u0161o tehnologijo in odporno konstrukcijo je ta vodilni termi\u010dni daljnogled zasnovan tako, da vam pomaga vladati pono\u010di in krotiti divjad. \u010ce i\u0161\u010dete plen na dolgih razdaljah ali sledite hitro premikajo\u010dim se ciljem, vam ACE S60R ponuja neprimerljivo jasnost, natan\u010dnost in zanesljivost.<\/p>\n<p>V jedru tega izjemnega daljnogleda se nahaja termi\u010dni senzor 2. generacije z lo\u010dljivostjo 1280\u00d71024 in ultra ob\u010dutljivim NETD \u226415mK. Ta senzor naslednje generacije omogo\u010da, da ACE S60R zazna tudi najmanj\u0161e temperaturne spremembe in zagotavlja jasne, podrobne termi\u010dne slike v realnem \u010dasu. Z hitrostjo zaslonke 50 Hz daljnogled zagotavlja gladke vizualne u\u010dinke, ki sledijo hitrosti va\u0161ega cilja, kar vam omogo\u010da zanesljivo ujemanje.<\/p>\n<p>NocPix ACE S60R ima tudi le\u010do 60mm\/F1.0, ki zbira 20% ve\u010d svetlobe kot standardni daljnogledi, kar vam daje svetlej\u0161e in jasnej\u0161e slike celo v najtemnej\u0161ih razmerah. Njegova izjemna zaznava na dolgih razdaljah do 3100 metrov vam omogo\u010da, da brez te\u017eav identificirate in sledite oddaljenim ciljem, kar je klju\u010dnega pomena za lov in streljanje na dolge razdalje. Skupaj z NocPixovim lastnim algoritmom obdelave slike Reality+ ACE S60R znatno zmanj\u0161a okoljski \u0161um in zagotavlja ostre, visokokontrastne slike vsak \u010das.<\/p>\n<p>Za tiste, ki \u017eelijo \u0161e ve\u010d vizualne jasnosti, je ACE S60R opremljen z inovativnim sistemom Vision+. Okrogel zaslon AMOLED 1,03 palca 2560\u00d72560, v kombinaciji z vodilno opti\u010dno pove\u010davo, zagotavlja neprimerljivo opti\u010dno pove\u010davo brez zamegljenosti ali popa\u010denja, ki je obi\u010dajno povezano z elektronskim pove\u010danjem. Ta prelomna tehnologija zagotavlja kristalno jasnost pogleda in \u0161iroko vidno polje, ne glede na to, ali se pribli\u017eujete svojemu cilju ali pregledate okolico.<\/p>\n<p>Natan\u010dnost je klju\u010dna pri lovu in ACE S60R ne razo\u010dara. Vgrajen laserski razdaljemer (LRF) zagotavlja natan\u010dne meritve do 1200 metrov. LRF je gladko vgrajen v elegantno zasnovo, ohranjanje opti\u010dne osi, kar vam omogo\u010da izra\u010dun natan\u010dnih razdalj brez motenja fokusa. Z vgrajeno funkcionalnostjo balisti\u010dne kalkulacije ACE S60R zagotavlja, da so va\u0161i streli natan\u010dni, upo\u0161tevajo pa vsak dejavnik za brezhibno to\u010dnost.<\/p>\n<p>Zasnovan za lovce, NocPix ACE S60R se pona\u0161a z dvojnim baterijskim sistemom z vgrajeno baterijo 4000mAh in snemljivo baterijo 18650 za podalj\u0161ano uporabo na terenu. Ve\u010d se ne boste morali skrbeti, da boste med lovom ostali brez energije &#8211; ta sistem je zasnovan tako, da zdr\u017ei toliko \u010dasa, kot va\u0161e avanture. Poleg tega funkcije, kot sta samodejni izklop zaslona, videosnema-nje aktivirano z navotrom in dizajn brez pokrova, iz tega termi\u010dnega daljnogleda delajo pravo revolucionarno stvar na terenu.<\/p>\n<p>Zgrajen za najhuj\u0161e zunanje pogoje, je ACE S60R narejen iz visokotrdnostne aluminijeve zlitine, ki je temeljito preizku\u0161ena za zdr\u017eanje ekstremnih \u0161okov in grobe uporabe. S stopnjo za\u0161\u010dite IP67 za odpornost na vodo deluje brezhibno v de\u017eju, prahu in zahtevnih okoljih, kar zagotavlja, da je va\u0161 daljnogled tako trajen kot va\u0161i lovske notranji gibi.<\/p>\n<p>NocPix ACE S60R je ve\u010d kot samo termi\u010dni daljnogled &#8211; je najbolj\u0161i spremljevalec na lovu. S svojo najsodobnej\u0161o tehnologijo, izjemno trajnostjo in vrsto naprednih funkcij, oblikovanih za izbolj\u0161anje va\u0161ega lovskega do\u017eivetja, bo ta daljnogled preoblikoval, kaj pri\u010dakujete od svoje opreme. Pripravite se, da boste vladali pono\u010di.<\/p>\n","protected":false},"excerpt":{"rendered":"<p>Termovizijski komplet Nocpix ACE S60R je najsodobnej\u0161e orodje, oblikovano za elitne lovce, z naprednimi tehnologijami, trdno konstrukcijo in funkcijami, kot so termo-senzor HD generacije 2, sistem Vision+, vgrajen laserski razdaljemer in dvobaterijski sistem za vrhunsko delovanje v zahtevnih okoljih.<\/p>\n<p>\u010ce artikel ni na voljo, nas prosimo kontaktirajte na: shop@nbg.eu ali +359896147790<\/p>\n","protected":false},"featured_media":677644,"template":"","meta":{"_acf_changed":false},"product_brand":[14462],"product_cat":[13454],"product_tag":[],"class_list":{"0":"post-676987","1":"product","2":"type-product","3":"status-publish","4":"has-post-thumbnail","6":"product_brand-nocpix","7":"product_cat-termovizija","9":"first","10":"instock","11":"taxable","12":"shipping-taxable","13":"purchasable","14":"product-type-simple"},"acf":[],"_links":{"self":[{"href":"https:\/\/nbg.eu\/sl\/wp-json\/wp\/v2\/product\/676987","targetHints":{"allow":["GET"]}}],"collection":[{"href":"https:\/\/nbg.eu\/sl\/wp-json\/wp\/v2\/product"}],"about":[{"href":"https:\/\/nbg.eu\/sl\/wp-json\/wp\/v2\/types\/product"}],"wp:featuredmedia":[{"embeddable":true,"href":"https:\/\/nbg.eu\/sl\/wp-json\/wp\/v2\/media\/677644"}],"wp:attachment":[{"href":"https:\/\/nbg.eu\/sl\/wp-json\/wp\/v2\/media?parent=676987"}],"wp:term":[{"taxonomy":"product_brand","embeddable":true,"href":"https:\/\/nbg.eu\/sl\/wp-json\/wp\/v2\/product_brand?post=676987"},{"taxonomy":"product_cat","embeddable":true,"href":"https:\/\/nbg.eu\/sl\/wp-json\/wp\/v2\/product_cat?post=676987"},{"taxonomy":"product_tag","embeddable":true,"href":"https:\/\/nbg.eu\/sl\/wp-json\/wp\/v2\/product_tag?post=676987"}],"curies":[{"name":"wp","href":"https:\/\/api.w.org\/{rel}","templated":true}]}}