{"id":677689,"date":"2025-11-17T17:25:33","date_gmt":"2025-11-17T14:25:33","guid":{"rendered":"https:\/\/nbg.eu\/product\/termovizijska-naprava-nocpix-ace-h50r-12um-640x512-15mk-netd\/"},"modified":"2026-04-14T16:18:46","modified_gmt":"2026-04-14T13:18:46","slug":"termovizijska-naprava-nocpix-ace-h50r-12um-640x512-15mk-netd","status":"publish","type":"product","link":"https:\/\/nbg.eu\/sl\/izdelek\/termovizijska-naprava-nocpix-ace-h50r-12um-640x512-15mk-netd\/","title":{"rendered":"Nocpix Termi\u010dni Namerilnik ACE H50R"},"content":{"rendered":"<h2>NocPix ACE H50R termalni opti\u010dni namerilnik za pu\u0161ko<\/h2>\n<p>Termalni opti\u010dni namerilnik NocPix ACE H50R zdru\u017euje napredno tehnologijo in trdno vzdr\u017eljivost za neprimerljivo izku\u0161njo lova. Opremljen je s termalnim senzorjem lo\u010dljivosti 640&#215;512 s NETD \u226412mK za izjemno jasnost slike, dosegom detekcije 3100 metrov in vgrajenim laserskim razdaljemerom za natan\u010dne meritve do 1200 metrov. Inovativni sistem Vision+ ponuja okularno pove\u010davo za jasne poglede od blizu, medtem ko dvojni sistem baterij zagotavlja dolgotrajen delovanje. Izdelan iz visokotrdnostne aluminijeve zlitine in z oznako IP67, ta opti\u010dni namerilnik je zasnovan za izvrstno delovanje v vsakem zunanjem okolju in prilagoditev vsaki situaciji.<\/p>\n<p>Termalni opti\u010dni namerilnik za pu\u0161ko Nocpix ACE H50 je vrhunsko orodje, zasnovano za preoblikovanje do\u017eivetja lova, ne glede na to, ali navigirate skozi temno no\u010d ali zasledujete plen skozi zahteven teren. Kot del zastave serije ACE podjetja Nocpix se ta termalni opti\u010dni ciljnik izkazuje z nadaljnimi kakovostjo slike in natan\u010dnostjo zahvaljujo\u010d visoko lo\u010dljivemu termalnemu senzorju, ki ga je razvilo podjetje, in naprednim sistemom Reality+ in Vision+.<\/p>\n<p>V jedru Nocpix ACE H50R je generacija 2 termalnega senzorja visoke lo\u010dljivosti, ki se pona\u0161a z lo\u010dljivostjo 640&#215;512 in hitrostjo zajema 60 Hz, kar zagotavlja izjemno stabilno delovanje. Z NETD \u226412mK ta opti\u010dni namerilnik zaznava tudi najmanj\u0161e razlike v temperaturi, kar omogo\u010da podrobne in gladke termalne slike, idealne za sledenje hitro premikajo\u010dim se tar\u010dam v realnem \u010dasu. Napredni algoritmi Reality+ dodatno izbolj\u0161ajo to z odstranitvijo \u0161uma okoli\u0161ke temperature, kar zagotavlja bolj\u0161i kontrast in jasnost tudi v zahtevnih lovskih razmerah.<\/p>\n<p>ACE H50R je opremljen z objektivom 50mm\/F0,9, ki omogo\u010da 20% ve\u010d svetlobe do senzorja, kar ustvarja svetlej\u0161e in jasnej\u0161e slike. To je klju\u010dnega pomena za lovce, ki si prizadevajo za natan\u010dnost, saj izbolj\u0161ani prenos svetlobe zagotavlja bolj\u0161o vidljivost v slabih svetlobnih razmerah. Poleg tega doseg detekcije 3100 metrov lo\u010di ACE od drugih, kar daljinsko identifikacijo in sledenje oddaljenim tar\u010dam la\u017eje in u\u010dinkovitej\u0161e kot kadarkoli.<\/p>\n<p>Vgrajeni sistem Vision+ izbolj\u0161a vizualno izku\u0161njo z okularnim AMOLED zaslonom premera 1,03 palca z lo\u010dljivostjo 2560&#215;2560. Njegov opti\u010dni sistem pove\u010dave, zasnovan za izogibanje megljenju in popa\u010denju, ki je obi\u010dajno povezano s tradicionalnimi elektronskimi pove\u010davami, lovcem zagotavlja jasne, visoko lo\u010dljive poglede od blizu brez izgube podrobnosti. To omogo\u010da potopljeno in udobno izku\u0161njo gledanja, bodisi da opazujete plen na razdalji ali se pribli\u017eate za natan\u010dno ciljanje.<\/p>\n<p>Zasnovan za podalj\u0161ano uporabo na terenu, ACE ima dvojni sistem baterij z vgrajeno baterijo 4000mAh in dodatno snemljivo baterijo 18650, kar omogo\u010da neprekinjeno delovanje med dalj\u0161imi lovskimi izleti. Vzdr\u017eljiva zasnova iz visokotrdnostne aluminijeve zlitine zagotavlja, da ACE lahko prenese zahtevna zunanja okolja in te\u017eko uporabo, saj je prestal stroge preizkuse odpornosti na udarce. Z oznako IP67 za vodoodpornost ostane opti\u010dni namerilnik zanesljiv v neugodnih vremenskih razmerah, kar lovcem zagotavlja mir ne glede na okolje.<\/p>\n<p>Zasnovan z lovci v mislih, Nocpix ACE H50R vklju\u010duje bistvene funkcije, kot so posnetek video posnetka, aktiviran ob rekolu, in zasnova brez opne za preprosto uporabo na terenu. Z uporabniku prijaznimi dodatki, kot so regulator fokusa, pokrov za polnjenje in mo\u017enost predvajanja videoposnetkov neposredno prek funkcije Galerija, ta opti\u010dni namerilnik zdru\u017euje visoke zmogljivosti in udobje za optimalno izku\u0161njo lova.<\/p>\n","protected":false},"excerpt":{"rendered":"<p>Termovizijski daljnogled Nocpix ACE H50R ima 640&#215;512 termi\u010dni senzor z \u226412mK NETD, detekcijo na 3100m, vgrajen LRF in Vision+ sistem za neprimerljivo izku\u0161njo lova.<br \/>\n\u010ce artikel ni na voljo, nas kontaktirajte na shop@nbg.eu ali +359896147790.<\/p>\n","protected":false},"featured_media":678018,"template":"","meta":{"_acf_changed":false},"product_brand":[14462],"product_cat":[13454],"product_tag":[],"class_list":{"0":"post-677689","1":"product","2":"type-product","3":"status-publish","4":"has-post-thumbnail","6":"product_brand-nocpix","7":"product_cat-termovizija","9":"first","10":"outofstock","11":"taxable","12":"shipping-taxable","13":"purchasable","14":"product-type-simple"},"acf":[],"_links":{"self":[{"href":"https:\/\/nbg.eu\/sl\/wp-json\/wp\/v2\/product\/677689","targetHints":{"allow":["GET"]}}],"collection":[{"href":"https:\/\/nbg.eu\/sl\/wp-json\/wp\/v2\/product"}],"about":[{"href":"https:\/\/nbg.eu\/sl\/wp-json\/wp\/v2\/types\/product"}],"wp:featuredmedia":[{"embeddable":true,"href":"https:\/\/nbg.eu\/sl\/wp-json\/wp\/v2\/media\/678018"}],"wp:attachment":[{"href":"https:\/\/nbg.eu\/sl\/wp-json\/wp\/v2\/media?parent=677689"}],"wp:term":[{"taxonomy":"product_brand","embeddable":true,"href":"https:\/\/nbg.eu\/sl\/wp-json\/wp\/v2\/product_brand?post=677689"},{"taxonomy":"product_cat","embeddable":true,"href":"https:\/\/nbg.eu\/sl\/wp-json\/wp\/v2\/product_cat?post=677689"},{"taxonomy":"product_tag","embeddable":true,"href":"https:\/\/nbg.eu\/sl\/wp-json\/wp\/v2\/product_tag?post=677689"}],"curies":[{"name":"wp","href":"https:\/\/api.w.org\/{rel}","templated":true}]}}