{"id":678122,"date":"2025-11-17T17:25:36","date_gmt":"2025-11-17T14:25:36","guid":{"rendered":"https:\/\/nbg.eu\/product\/toplotni-monokularna-nocpix-lumi-l35\/"},"modified":"2026-01-21T11:39:11","modified_gmt":"2026-01-21T08:39:11","slug":"toplotni-monokularna-nocpix-lumi-l35","status":"publish","type":"product","link":"https:\/\/nbg.eu\/sl\/izdelek\/toplotni-monokularna-nocpix-lumi-l35\/","title":{"rendered":"Toplotni monokularna Nocpix LUMI L35"},"content":{"rendered":"<h2>Najve\u010dja zmogljivost z minimalno te\u017eo &#8211; Nocpix LUMI L35: Va\u0161 nepogre\u0161ljiv spremljevalec na va\u0161em podro\u010dju<\/h2>\n<p>Serija termi\u010dnih monokulskih naprav LUMI je zasnovana za uporabo podnevi in pono\u010di ter vam ponuja izjemno kakovost slike tudi v te\u017ekih vremenskih razmerah, kot so megla, smog ali de\u017e. Tudi \u010de ovire, kot so veje, visoka trava ali gosto rastje, ote\u017eujejo pogled, vam bo ta tehnologija vedno omogo\u010dila jasen pregled nad tem, kar je pred vami. Poleg tega so tako kompaktne in lahke, da jih lahko enostavno nosite s seboj kamor koli.<\/p>\n<p>Termi\u010dne kamere LUMI so idealne za razli\u010dne aplikacije, kot so lov, nadzor, varnost, orientacija v terenu ali re\u0161evalne akcije.<\/p>\n<h2>Neprekosljiva kakovost slike za izjemno ostre slike<\/h2>\n<p>Serija LUMI postavlja nove standarde glede kakovosti slike. Opremljena z najnaprednej\u0161imi algoritmi za obdelavo slik in zmogljivim termi\u010dnim senzorjem z NETD &lt; 18 mK, kamera zagotavlja izjemno ostre in realisti\u010dne slike. AMOLED zaslon z lo\u010dljivostjo 1024 x 768 slikovnih pik zagotavlja izjemno prikazovanje slike, na\u010din Ultra Clear pa dodatno optimizira jasnost slike, zlasti v te\u017ekih vremenskih razmerah.<\/p>\n<h2>Prilagojena izku\u0161nja gledanja &#8211; popolnoma prilagodite napravo svojim potrebam<\/h2>\n<p>Zahvaljujo\u010d srednje velikemu senzorju 384 x 288 px in razli\u010dnim mo\u017enostim nastavitev lahko napravo natan\u010dno prilagodite svojim potrebam. Izberite med 5 barvnimi na\u010dini in optimizirajte svoj pogled z 10 stopnjami svetlosti, ostrine in kontrasta &#8211; tako da noben podrobek ne bo spregledal.<\/p>\n<h2>Enostavno deljenje izku\u0161enj<\/h2>\n<p>Zajemanje posebnih trenutkov je bistveno za sodobnega lovca. Z Nocpix LUMI L35 lahko svoje posnetke ne le preprosto delite prek aplikacije, ampak jih tudi neposredno predvajate na napravi &#8211; popolno za takoj\u0161nje delenje va\u0161ih izku\u0161enj z drugimi.<\/p>\n<h2>Fleksibilna uporaba zahvaljujo\u010d odstranljivemu sistemu baterij<\/h2>\n<p>Serija LUMI je opremljena s standardnimi baterijami 18650, kar vam zagotavlja maksimalno fleksibilnost. Ne glede na to, kam greste, boste s prilo\u017eenim polnilnikom za baterije spet pripravljeni v kratkem \u010dasu &#8211; in tako boste lahko nadaljevali svoje poslanstvo.<\/p>\n","protected":false},"excerpt":{"rendered":"<p>Vrhunska u\u010dinkovitost z minimalno te\u017eo \u2013 Nocpix LUMI L35: Nepogre\u0161ljiv spremljevalec na terenu. 384 senzor z 18 mK, AMOLED zaslon z 1024 \u00d7 768 slikovnimi pikami, snemljiva 18650 baterija, doseg detekcije pribli\u017eno 1800 metrov, velike osnovne pove\u010dave za lov na prostem, kompaktna zasnova.<\/p>\n","protected":false},"featured_media":678344,"template":"","meta":{"_acf_changed":false},"product_brand":[14462],"product_cat":[13454,369],"product_tag":[],"class_list":{"0":"post-678122","1":"product","2":"type-product","3":"status-publish","4":"has-post-thumbnail","6":"product_brand-nocpix","7":"product_cat-termovizija","8":"product_cat-uncategorized","10":"first","11":"instock","12":"taxable","13":"shipping-taxable","14":"purchasable","15":"product-type-simple"},"acf":[],"_links":{"self":[{"href":"https:\/\/nbg.eu\/sl\/wp-json\/wp\/v2\/product\/678122","targetHints":{"allow":["GET"]}}],"collection":[{"href":"https:\/\/nbg.eu\/sl\/wp-json\/wp\/v2\/product"}],"about":[{"href":"https:\/\/nbg.eu\/sl\/wp-json\/wp\/v2\/types\/product"}],"wp:featuredmedia":[{"embeddable":true,"href":"https:\/\/nbg.eu\/sl\/wp-json\/wp\/v2\/media\/678344"}],"wp:attachment":[{"href":"https:\/\/nbg.eu\/sl\/wp-json\/wp\/v2\/media?parent=678122"}],"wp:term":[{"taxonomy":"product_brand","embeddable":true,"href":"https:\/\/nbg.eu\/sl\/wp-json\/wp\/v2\/product_brand?post=678122"},{"taxonomy":"product_cat","embeddable":true,"href":"https:\/\/nbg.eu\/sl\/wp-json\/wp\/v2\/product_cat?post=678122"},{"taxonomy":"product_tag","embeddable":true,"href":"https:\/\/nbg.eu\/sl\/wp-json\/wp\/v2\/product_tag?post=678122"}],"curies":[{"name":"wp","href":"https:\/\/api.w.org\/{rel}","templated":true}]}}