{"id":678366,"date":"2025-11-18T18:19:28","date_gmt":"2025-11-18T15:19:28","guid":{"rendered":"https:\/\/nbg.eu\/product\/nocpix-quest-l35r-384x288-netd-15mk\/"},"modified":"2026-04-14T16:18:39","modified_gmt":"2026-04-14T13:18:39","slug":"nocpix-quest-l35r-384x288-netd-15mk","status":"publish","type":"product","link":"https:\/\/nbg.eu\/sl\/izdelek\/nocpix-quest-l35r-384x288-netd-15mk\/","title":{"rendered":"Nocpix Termi\u010dni Daljnogled Quest L35R"},"content":{"rendered":"<h2>Nocpix Quest L35R 384&#215;288 NETD \u226415mK: Razkrijte va\u0161o toplotno vizijo<\/h2>\n<p>QUEST je lahek in prenosljiv, ponuja doseg zaznavanja do 2600 m in vgrajen prikrit LRF z dosegom 1000 m za bolj\u0161o natan\u010dnost in vidljivost. Njegov tradicionalni dvoo\u010desni dizajn ima popolno gumijasto prevleko in IP67 oceno za trajnost in udobje v te\u017ekih pogojih. Opremljen s visoko zmogljivim senzorjem 640&#215;512 (NETD \u226415mK, 60Hz), QUEST zagotavlja izjemno jasnost slike, nadkrepno toplotno ob\u010dutljivost in brezskrbno delovanje v zahtevnih okoljih.<\/p>\n<h2>Izjemna kakovost in jasnost slike<\/h2>\n<p>Nocpix QUEST ima izbolj\u0161avo slike R+ za ve\u010djo jasnost in natan\u010dnost, v kombinaciji z 1920&#215;1200 AMOLED zaslonom za poglobljeno, o\u010dem prijazno do\u017eivetje gledanja.<\/p>\n<h2>Vrhunski senzor za odli\u010dnost<\/h2>\n<p>Nocpix QUEST je opremljen z visoko zmogljivim senzorjem (640&#215;512@12\u00b5m), ki zagotavlja izjemno jasnost slike. Z NETD \u226415mK in hitrostjo 60Hz slik na sekundo zagotavlja nadkrepno toplotno ob\u010dutljivost in jasne ter vizualne slike celo v najzahtevnej\u0161ih okoljih.<\/p>\n<h2>Zmogljive mo\u017enosti zaznavanja<\/h2>\n<p>Nocpix QUEST ima doseg zaznavanja do 2600 m in vgrajen skrit LRF z dosegom do 1000 m, kar vam omogo\u010da videti dlje in natan\u010dneje kot kdaj koli prej. Podpira tudi balisti\u010dne izra\u010dune, kar zagotavlja podatkovno podporo za sodelovalno lov.<\/p>\n<h2>Ergonomsko upravljanje z eno roko<\/h2>\n<p>Nocpix QUEST nudi ergonomsko, neoprijemljivo ravnanje s poenostavljenim razporeditvijo 4 gumbov in osrednje ume\u0161\u010denimi kole\u0161\u010dki za enostavno upravljanje z eno roko in varen oprijem v vseh pogojih.<\/p>\n<h2>Lahek in prenosljiv<\/h2>\n<p>QUEST tehta le 700 g in vklju\u010duje prilagojeno nosilno torbico, kar omogo\u010da enostavno prenosljivost in udobje za zunanje dejavnosti, kot sta lov in raziskovanje.<\/p>\n<h2>Zanesljiva zmogljivost napajanja<\/h2>\n<p>Serija QUEST ima dvojno baterijsko zasnovo z vgrajeno in zamenljivo baterijo 18650, kar zagotavlja enostavno zamenjavo in neprekinjeno uporabo med va\u0161o dogodiv\u0161\u010dino.<\/p>\n<h2>Trpe\u017een in udoben dizajn<\/h2>\n<p>QUEST ima tradicionalen dvoo\u010desni dizajn s sofisticirano celotno gumijasto prevleko in oceno IP67 za odpornost na vodo in prah, kar zagotavlja trajnost in splo\u0161no udobje.<\/p>\n","protected":false},"excerpt":{"rendered":"<p>Nocpix QUEST L35R 384&#215;288 NETD &lt;15mK: Lahek, prenosni toplotni snemalnik z dosegom detekcije 2600m, vgrajenim 1000m LRF in izjemno jasnostjo slike.<br \/>\n\u010ce izdelek ni na voljo, nas kontaktirajte: shop@nbg.eu ali +359896147790<\/p>\n","protected":false},"featured_media":679284,"template":"","meta":{"_acf_changed":false},"product_brand":[14462],"product_cat":[14695,13454,16100],"product_tag":[],"class_list":{"0":"post-678366","1":"product","2":"type-product","3":"status-publish","4":"has-post-thumbnail","6":"product_brand-nocpix","7":"product_cat-daljnogledi","8":"product_cat-termovizija","9":"product_cat-thermal-cameras-sl","11":"first","12":"instock","13":"taxable","14":"shipping-taxable","15":"purchasable","16":"product-type-simple"},"acf":[],"_links":{"self":[{"href":"https:\/\/nbg.eu\/sl\/wp-json\/wp\/v2\/product\/678366","targetHints":{"allow":["GET"]}}],"collection":[{"href":"https:\/\/nbg.eu\/sl\/wp-json\/wp\/v2\/product"}],"about":[{"href":"https:\/\/nbg.eu\/sl\/wp-json\/wp\/v2\/types\/product"}],"wp:featuredmedia":[{"embeddable":true,"href":"https:\/\/nbg.eu\/sl\/wp-json\/wp\/v2\/media\/679284"}],"wp:attachment":[{"href":"https:\/\/nbg.eu\/sl\/wp-json\/wp\/v2\/media?parent=678366"}],"wp:term":[{"taxonomy":"product_brand","embeddable":true,"href":"https:\/\/nbg.eu\/sl\/wp-json\/wp\/v2\/product_brand?post=678366"},{"taxonomy":"product_cat","embeddable":true,"href":"https:\/\/nbg.eu\/sl\/wp-json\/wp\/v2\/product_cat?post=678366"},{"taxonomy":"product_tag","embeddable":true,"href":"https:\/\/nbg.eu\/sl\/wp-json\/wp\/v2\/product_tag?post=678366"}],"curies":[{"name":"wp","href":"https:\/\/api.w.org\/{rel}","templated":true}]}}