{"id":679463,"date":"2025-11-18T18:19:37","date_gmt":"2025-11-18T15:19:37","guid":{"rendered":"https:\/\/nbg.eu\/product\/nocpix-quest-h50r-lrf-640x512-netd-15mk\/"},"modified":"2026-04-14T16:18:36","modified_gmt":"2026-04-14T13:18:36","slug":"nocpix-quest-h50r-lrf-640x512-netd-15mk","status":"publish","type":"product","link":"https:\/\/nbg.eu\/sl\/izdelek\/nocpix-quest-h50r-lrf-640x512-netd-15mk\/","title":{"rendered":"Nocpix Termi\u010dni Daljnogled Quest H50R LRF"},"content":{"rendered":"<h2>Nocpix Quest H50R LRF 640&#215;512 NETD \u226415mK<\/h2>\n<p>QUEST je lahek in prenosen, z dosegom zaznave do 2600 m in vgrajenim prikritim LRF z dosegom 1000 m za ve\u010djo natan\u010dnost in vidljivost. Njegov tradicionalni binokularen dizajn ima polno gumijasto prevleko in IP67 oceno za vzdr\u017eljivost in udobje v te\u017ekih pogojih. Opremljen z visoko zmogljivim 640&#215;512 senzorjem (NETD \u226415mK, 60Hz) zagotavlja QUEST izjemno jasnost slike, odli\u010dno toplotno ob\u010dutljivost in brezhibno delovanje v zahtevnih okoljih.<\/p>\n<h2>Termi\u010dni senzor<\/h2>\n<p>Nocpix QUEST ima za izbolj\u0161anje jasnosti in natan\u010dnosti slike R+ obdelavo slike, zdru\u017eeno z 1920&#215;1200 AMOLED zaslonom za vseobsegajo\u010d in oko prijazno do\u017eivetje gledanja.<\/p>\n<h2>Odli\u010den senzor zagotavlja odli\u010dnost<\/h2>\n<p>Nocpix QUEST je opremljen z visokozmogljivim senzorjem (640&#215;512@12\u03bcm), ki zagotavlja izjemno jasnost slike. Z NETD \u226415mK in hitrostjo sli\u010dic 60Hz, zagotavlja QUEST odli\u010dno toplotno ob\u010dutljivost in jasne vizualne podobe, tudi v najzahtevnej\u0161ih okoljih.<\/p>\n<h2>Zmogljive zmo\u017enosti zaznavanja<\/h2>\n<p>Nocpix QUEST ima doseg zaznavanja do 2600 m in vgrajen skrit LRF z dosegom do 1000 m, kar vam omogo\u010da videti dlje in natan\u010dneje, kot kadarkoli prej. Podpira tudi balisti\u010dne izra\u010dune, kar zagotavlja podatkovne podporo za sodelovalno lovljenje.<\/p>\n<h2>Enoro\u010dno upravljanje<\/h2>\n<p>Nocpix QUEST ponuja ergonomsko, neoprijemljivo upravljanje s poenostavljenim 4-gumbnim razporeditvijo in centralno name\u0161\u010denimi kolutnimi kolesi za enostavno enoro\u010dno upravljanje in varni oprijem v vseh pogojih.<\/p>\n<h2>Lahek in prenosen<\/h2>\n<p>QUEST tehta le 700 g in vklju\u010duje prilo\u017eeno vre\u010dko za prena\u0161anje, kar omogo\u010da enostavno prenosljivost in udobje za zunanje dejavnosti, kot sta lov in raziskovanje.<\/p>\n<h2>Brez skrbi glede napajanja<\/h2>\n<p>Serija QUEST ima dvojni sistem baterij z vgrajeno in zamenljivo 18650 baterijo, kar zagotavlja enostavno menjavo in neprekinjeno uporabo med va\u0161imi avanturami.<\/p>\n<h2>Tradicionalna binokularna izku\u0161nja<\/h2>\n<p>QUEST ima tradicionalen binokularen dizajn s sofisticirano polno gumijasto prevleko in oceno IP67 za odpornost na vodo in prah, kar zagotavlja vzdr\u017eljivost in splo\u0161no udobje.<\/p>\n","protected":false},"excerpt":{"rendered":"<p>Nocpix Quest H50R LRF 640&#215;512 NETD &lt;15mK: Lahka, prenosna termalna kamera z dometom zaznave 2600 m, 1000 m laserskim razdaljemerom in vrhunskim senzorjem 640&#215;512.<br \/>\n\u010ce izdelek ni na voljo, se obrnite na nas: shop@nbg.eu ali +359896147790<\/p>\n","protected":false},"featured_media":680321,"template":"","meta":{"_acf_changed":false},"product_brand":[14462],"product_cat":[14695,13454,16100],"product_tag":[],"class_list":{"0":"post-679463","1":"product","2":"type-product","3":"status-publish","4":"has-post-thumbnail","6":"product_brand-nocpix","7":"product_cat-daljnogledi","8":"product_cat-termovizija","9":"product_cat-thermal-cameras-sl","11":"first","12":"instock","13":"taxable","14":"shipping-taxable","15":"purchasable","16":"product-type-simple"},"acf":[],"_links":{"self":[{"href":"https:\/\/nbg.eu\/sl\/wp-json\/wp\/v2\/product\/679463","targetHints":{"allow":["GET"]}}],"collection":[{"href":"https:\/\/nbg.eu\/sl\/wp-json\/wp\/v2\/product"}],"about":[{"href":"https:\/\/nbg.eu\/sl\/wp-json\/wp\/v2\/types\/product"}],"wp:featuredmedia":[{"embeddable":true,"href":"https:\/\/nbg.eu\/sl\/wp-json\/wp\/v2\/media\/680321"}],"wp:attachment":[{"href":"https:\/\/nbg.eu\/sl\/wp-json\/wp\/v2\/media?parent=679463"}],"wp:term":[{"taxonomy":"product_brand","embeddable":true,"href":"https:\/\/nbg.eu\/sl\/wp-json\/wp\/v2\/product_brand?post=679463"},{"taxonomy":"product_cat","embeddable":true,"href":"https:\/\/nbg.eu\/sl\/wp-json\/wp\/v2\/product_cat?post=679463"},{"taxonomy":"product_tag","embeddable":true,"href":"https:\/\/nbg.eu\/sl\/wp-json\/wp\/v2\/product_tag?post=679463"}],"curies":[{"name":"wp","href":"https:\/\/api.w.org\/{rel}","templated":true}]}}