{"id":681057,"date":"2025-12-17T14:06:52","date_gmt":"2025-12-17T11:06:52","guid":{"rendered":"https:\/\/nbg.eu\/product\/manly-peak-g10-crno-cpm-s90v\/"},"modified":"2026-01-21T11:41:29","modified_gmt":"2026-01-21T08:41:29","slug":"manly-peak-g10-crno-cpm-s90v","status":"publish","type":"product","link":"https:\/\/nbg.eu\/sl\/izdelek\/manly-peak-g10-crno-cpm-s90v\/","title":{"rendered":"Manly PEAK G10 \u010cRNO CPM S90V"},"content":{"rendered":"<h2>Manly PEAK G10 BLACK CPM S90V &#8211; Izjemen preklopni no\u017e na eno roko<\/h2>\n<p>Do\u017eivite izjemni preklopni no\u017e Manly PEAK G10 BLACK CPM S90V, edinstveno in ve\u010dnamensko orodje, zasnovano za razli\u010dne dejavnosti. V primerjavi z modelom Comrade ima ta no\u017e ob\u010dudovanja vredno zasnovo, ki ga dela kot popoln spremljevalec za katerokoli nalogo.<\/p>\n<p>Na voljo sta dve razli\u010dni razli\u010dici, PEAK pa ponuja udobje odpiranja z eno roko ali z obema rokama, kar ustreza va\u0161im osebnim \u017eeljam. Izdelan z natan\u010dnostjo, je rezilo narejeno iz visokokakovostnega jekla CPM S90V, kar zagotavlja izjemno ohranjenost rezila in odpornost proti koroziji.<\/p>\n<p>Vzdr\u017eljiv ro\u010daj G10 omogo\u010da varno in udobno prijemanje, kar PEAK dela kot zanesljivo izbiro za vsakodnevno no\u0161enje ali avdventure na prostem. Z odpiranjem z luknjo na palcu in ro\u010dnim zapiranjem Backlock sistem ta no\u017e ponuja gladko enoro\u010dno upravljanje, kar vam omogo\u010da la\u017eje opravljanje nalog.<\/p>\n<p>Z maso samo 115 gramov je PEAK lahek, a robusten pripomo\u010dek, ki vas ne bo obremenjeval. Ne glede na to, ali ste navdu\u0161enec nad zunanjimi dejavnostmi, takti\u010dni operater ali preprosto nekdo, ki i\u0161\u010de ve\u010dnamenski in dobro zasnovan preklopni no\u017e, je Manly PEAK G10 BLACK CPM S90V odgovor.<\/p>\n","protected":false},"excerpt":{"rendered":"<p>PEAK CPM S90V \u010drn no\u017e za eno roko, odli\u010den dizajn za vse dejavnosti.<\/p>\n","protected":false},"featured_media":681122,"template":"","meta":{"_acf_changed":false},"product_brand":[15096],"product_cat":[13468,15379,15352],"product_tag":[],"class_list":{"0":"post-681057","1":"product","2":"type-product","3":"status-publish","4":"has-post-thumbnail","6":"product_brand-manly-knives","7":"product_cat-edc","8":"product_cat-folding-knives-sl","9":"product_cat-knives-ro","11":"first","12":"outofstock","13":"taxable","14":"shipping-taxable","15":"purchasable","16":"product-type-simple"},"acf":[],"_links":{"self":[{"href":"https:\/\/nbg.eu\/sl\/wp-json\/wp\/v2\/product\/681057","targetHints":{"allow":["GET"]}}],"collection":[{"href":"https:\/\/nbg.eu\/sl\/wp-json\/wp\/v2\/product"}],"about":[{"href":"https:\/\/nbg.eu\/sl\/wp-json\/wp\/v2\/types\/product"}],"wp:featuredmedia":[{"embeddable":true,"href":"https:\/\/nbg.eu\/sl\/wp-json\/wp\/v2\/media\/681122"}],"wp:attachment":[{"href":"https:\/\/nbg.eu\/sl\/wp-json\/wp\/v2\/media?parent=681057"}],"wp:term":[{"taxonomy":"product_brand","embeddable":true,"href":"https:\/\/nbg.eu\/sl\/wp-json\/wp\/v2\/product_brand?post=681057"},{"taxonomy":"product_cat","embeddable":true,"href":"https:\/\/nbg.eu\/sl\/wp-json\/wp\/v2\/product_cat?post=681057"},{"taxonomy":"product_tag","embeddable":true,"href":"https:\/\/nbg.eu\/sl\/wp-json\/wp\/v2\/product_tag?post=681057"}],"curies":[{"name":"wp","href":"https:\/\/api.w.org\/{rel}","templated":true}]}}