{"id":681143,"date":"2026-01-08T18:14:00","date_gmt":"2026-01-08T15:14:00","guid":{"rendered":"https:\/\/nbg.eu\/product\/manly-peak-black-14c28n\/"},"modified":"2026-01-21T11:41:26","modified_gmt":"2026-01-21T08:41:26","slug":"manly-peak-black-14c28n","status":"publish","type":"product","link":"https:\/\/nbg.eu\/sl\/izdelek\/manly-peak-black-14c28n\/","title":{"rendered":"Manly PEAK BLACK 14C28N"},"content":{"rendered":"<h2>Manly PEAK BLACK 14C28N \u2013 Vsestranska vsakdanja nosilna \u017eepna no\u017enica<\/h2>\n<p>Nadaljujo\u010d Manly tradicijo zagotavljanja cenovno dostopnih, visokokakovostnih \u017eepnih no\u017eev, je PEAK \u2013 14C28N Black (enoro\u010dni) utele\u0161enje ve\u010dnamenskosti in prakti\u010dnosti. Izdelan z natan\u010dnostjo, ta zlo\u017eljivi no\u017e ima rezilo iz \u0161vednega jekla 14C28N in ro\u010daj iz G10, kar zagotavlja trpe\u017eno in zanesljivo rezalno orodje za vsakdanje naloge.<\/p>\n<p>Zasnovan za obojestransko uporabo, obrnljivi clip omogo\u010da enostaven dostop z levo ali desno roko, kar ga naredi popolnega spremljevalca ne glede na to, ali ste desni\u010dar ali levi\u010dar. Mehanizem zadnjega zaklepa zagotavlja varen in zanesljiv zaklep, ki poskrbi, da ostane rezilo na mestu med uporabo.<\/p>\n<p>Z skupno dol\u017eino 22 cm in dol\u017eino rezila 9,4 cm PEAK \u2013 14C28N Black (enoro\u010dni) ponuja udobno in obvladljivo velikost, ki je primerna za \u0161irok nabor aplikacij, od pustolovskih do\u017eivetij do vsakodnevnih uporabnih nalog. Z te\u017eo 115 g ta no\u017e ohrani ravnote\u017eje med te\u017eo in prenosljivostjo, kar ga naredi zanesljivo in ve\u010dnamensko izbiro za va\u0161o vsakdanjo uporabo.<\/p>\n<p>S sijajnim rezilom 14C28N in elegantnim \u010drnim ro\u010dajem G10 PEAK \u2013 14C28N Black (enoro\u010dni) ne le odli\u010dno deluje, ampak se pona\u0161a tudi z modernim in stilskim videzom, ki bo dopolnil vsak osebni slog. Bodisi da ste navdu\u0161enec na prostem, mojster za popravila ali enostavno nekdo, ki ceni dobro izdelano orodje, je Manly PEAK \u2013 14C28N Black (enoro\u010dni) popolna dopolnitev va\u0161e zbirke vsakdanjih pripomo\u010dkov.<\/p>\n","protected":false},"excerpt":{"rendered":"<p>Mo\u0161ki PEAK BLACK 14C28N &#8211; Razumno cenovno \u0161katlo z no\u017eem s \u0161vedskim jeklom 14C28N, reverzibilno sponko in zaklepom na hrbtni strani.<\/p>\n","protected":false},"featured_media":685064,"template":"","meta":{"_acf_changed":false},"product_brand":[15096],"product_cat":[13468],"product_tag":[],"class_list":{"0":"post-681143","1":"product","2":"type-product","3":"status-publish","4":"has-post-thumbnail","6":"product_brand-manly-knives","7":"product_cat-edc","9":"first","10":"instock","11":"taxable","12":"shipping-taxable","13":"purchasable","14":"product-type-simple"},"acf":[],"_links":{"self":[{"href":"https:\/\/nbg.eu\/sl\/wp-json\/wp\/v2\/product\/681143","targetHints":{"allow":["GET"]}}],"collection":[{"href":"https:\/\/nbg.eu\/sl\/wp-json\/wp\/v2\/product"}],"about":[{"href":"https:\/\/nbg.eu\/sl\/wp-json\/wp\/v2\/types\/product"}],"wp:featuredmedia":[{"embeddable":true,"href":"https:\/\/nbg.eu\/sl\/wp-json\/wp\/v2\/media\/685064"}],"wp:attachment":[{"href":"https:\/\/nbg.eu\/sl\/wp-json\/wp\/v2\/media?parent=681143"}],"wp:term":[{"taxonomy":"product_brand","embeddable":true,"href":"https:\/\/nbg.eu\/sl\/wp-json\/wp\/v2\/product_brand?post=681143"},{"taxonomy":"product_cat","embeddable":true,"href":"https:\/\/nbg.eu\/sl\/wp-json\/wp\/v2\/product_cat?post=681143"},{"taxonomy":"product_tag","embeddable":true,"href":"https:\/\/nbg.eu\/sl\/wp-json\/wp\/v2\/product_tag?post=681143"}],"curies":[{"name":"wp","href":"https:\/\/api.w.org\/{rel}","templated":true}]}}