{"id":681293,"date":"2025-12-17T14:50:21","date_gmt":"2025-12-17T11:50:21","guid":{"rendered":"https:\/\/nbg.eu\/product\/manly-patriot-m-zeleni-rwl-34\/"},"modified":"2026-01-21T11:39:48","modified_gmt":"2026-01-21T08:39:48","slug":"manly-patriot-m-zeleni-rwl-34","status":"publish","type":"product","link":"https:\/\/nbg.eu\/sl\/izdelek\/manly-patriot-m-zeleni-rwl-34\/","title":{"rendered":"Manly PATRIOT M.ZELENI RWL-34"},"content":{"rendered":"<h2>Manly PATRIOT M.GREEN RWL-34 \u2013 Ve\u010dnamenski fiksni no\u017e za vsakodnevno uporabo<\/h2>\n<p>Z PATRIOT \u2013 RWL-34 Military Green izdelek Manly predstavlja fiksno razli\u010dico njihovega uspe\u0161nega zlo\u017eljivega no\u017ea Comrade. Z enakimi dimenzijami kot zlo\u017eljiva razli\u010dica je PATRIOT idealna izbira za vsakodnevno uporabo, lov in kampiranje. Z brusilnim rezilom, narejenim iz kakovostnega jekla RWL-34, ta no\u017e zdru\u017euje trajnost in rezalno u\u010dinkovitost. Izdelan z ro\u010daji iz G10 ali orehovega lesa, PATRIOT nudi udoben in varen oprijem, kar zagotavlja zanesljivo ravnanje v razli\u010dnih situacijah.<\/p>\n<p>S skupno dol\u017eino 21 cm in 9,1 cm dolgim rezilom je PATRIOT kompakten in ve\u010dnamenski pripomo\u010dek. Njegovo 4 mm debelo rezilo nudi dovolj mo\u010di in trdnosti, medtem ko skupna te\u017ea 126 g zagotavlja uravnote\u017een ob\u010dutek. Za\u0161\u010diten z obstojno Kydex no\u017enico, je PATRIOT zanesljiv spremljevalec za navdu\u0161ence nad zunanjim in vsakodnevnim \u017eivljenjem.<\/p>\n","protected":false},"excerpt":{"rendered":"<p>Mo\u0161ki no\u017e PATRIOT M.GREEN RWL-34 &#8211; fiksna rezila voja\u0161ko zelene barve z RWL-34 jeklenim rezilom in ro\u010dajem iz G10 materiala.<\/p>\n","protected":false},"featured_media":681497,"template":"","meta":{"_acf_changed":false},"product_brand":[15096],"product_cat":[2876],"product_tag":[],"class_list":{"0":"post-681293","1":"product","2":"type-product","3":"status-publish","4":"has-post-thumbnail","6":"product_brand-manly-knives","7":"product_cat-rahohvatki","9":"first","10":"instock","11":"taxable","12":"shipping-taxable","13":"purchasable","14":"product-type-simple"},"acf":[],"_links":{"self":[{"href":"https:\/\/nbg.eu\/sl\/wp-json\/wp\/v2\/product\/681293","targetHints":{"allow":["GET"]}}],"collection":[{"href":"https:\/\/nbg.eu\/sl\/wp-json\/wp\/v2\/product"}],"about":[{"href":"https:\/\/nbg.eu\/sl\/wp-json\/wp\/v2\/types\/product"}],"wp:featuredmedia":[{"embeddable":true,"href":"https:\/\/nbg.eu\/sl\/wp-json\/wp\/v2\/media\/681497"}],"wp:attachment":[{"href":"https:\/\/nbg.eu\/sl\/wp-json\/wp\/v2\/media?parent=681293"}],"wp:term":[{"taxonomy":"product_brand","embeddable":true,"href":"https:\/\/nbg.eu\/sl\/wp-json\/wp\/v2\/product_brand?post=681293"},{"taxonomy":"product_cat","embeddable":true,"href":"https:\/\/nbg.eu\/sl\/wp-json\/wp\/v2\/product_cat?post=681293"},{"taxonomy":"product_tag","embeddable":true,"href":"https:\/\/nbg.eu\/sl\/wp-json\/wp\/v2\/product_tag?post=681293"}],"curies":[{"name":"wp","href":"https:\/\/api.w.org\/{rel}","templated":true}]}}