{"id":681519,"date":"2025-12-17T15:41:02","date_gmt":"2025-12-17T12:41:02","guid":{"rendered":"https:\/\/nbg.eu\/product\/manly-patriot-d2-crni\/"},"modified":"2026-01-21T11:39:36","modified_gmt":"2026-01-21T08:39:36","slug":"manly-patriot-d2-crni","status":"publish","type":"product","link":"https:\/\/nbg.eu\/sl\/izdelek\/manly-patriot-d2-crni\/","title":{"rendered":"Manly PATRIOT D2 \u010cRNI"},"content":{"rendered":"<h2>Manly PATRIOT D2 BLACK: Vsakodnevna priro\u010dnost in ve\u010dnamenskost na prostem<\/h2>\n<p>Predstavljamo Manly PATRIOT D2 BLACK, fiksno rezilo no\u017ea, ki zdru\u017euje uspe\u0161no zasnovo zlo\u017eljivega no\u017ea Comrade z izbolj\u0161ano vsakodnevno prakti\u010dnostjo. Oblikovano z skoraj enakimi dimenzijami je PATRIOT idealna izbira za vrsto nalog, od vsakodnevne uporabe do lova in kampa.<\/p>\n<p>S satinastim rezilom, narejenim iz jekla 1.2379 (D2), PATRIOT ponuja izjemno zmogljivost in trajnost. Konstrukcija polnega trupa zagotavlja zanesljivo trdnost in stabilnost, kar ta no\u017e naredi za zanesljivega spremljevalca v vseh situacijah.<\/p>\n<p>Na voljo z izbiro ro\u010dajev iz G10 ali orehovega lesa PATRIOT ponuja udoben in varen oprijem, kar izbolj\u0161a njegovo ve\u010dnamenskost in prijaznost do uporabnika. Kydex no\u017enica nudi varen in priro\u010den na\u010din prenosa no\u017ea, kar zagotavlja enostaven dostop, ko je potreben.<\/p>\n<p>S skupno dol\u017eino 21 cm in dol\u017eino rezila 9,1 cm je PATRIOT kompakten in okretni fiksni no\u017e, ki odli\u010dno opravlja razli\u010dne naloge. Njegova debelina rezila 4 mm in te\u017ea 126g zagotavljata \u010dvrst in uravnote\u017een ob\u010dutek, kar ga naredi za zanesljivo orodje za vsakega navdu\u0161enca na prostem ali vsakdanjega uporabnika.<\/p>\n<p>Ne glede na to, ali se ukvarjate z avanturami na prostem, kampiranjem, lovom ali preprosto potrebujete zanesljiv vsakdanji no\u017e, je Manly PATRIOT D2 BLACK idealna izbira. S kombinacijo funkcionalnosti, trajnosti in sodobnega dizajna je ta fiksni no\u017e mora imeti za tiste, ki i\u0161\u010dejo ve\u010dnamensko in zanesljivo rezalno orodje.<\/p>\n","protected":false},"excerpt":{"rendered":"<p>Mo\u0161kega PATRIOT D2 \u010cRNA: Vsakodnevni no\u017e s fiksno rezilo, skupna dol\u017eina 21 cm, rezilo iz jekla D2 dol\u017eine 9,1 cm, 126 g, ro\u010daj iz G10.<\/p>\n","protected":false},"featured_media":681580,"template":"","meta":{"_acf_changed":false},"product_brand":[15096],"product_cat":[2876],"product_tag":[],"class_list":{"0":"post-681519","1":"product","2":"type-product","3":"status-publish","4":"has-post-thumbnail","6":"product_brand-manly-knives","7":"product_cat-rahohvatki","9":"first","10":"instock","11":"taxable","12":"shipping-taxable","13":"purchasable","14":"product-type-simple"},"acf":[],"_links":{"self":[{"href":"https:\/\/nbg.eu\/sl\/wp-json\/wp\/v2\/product\/681519","targetHints":{"allow":["GET"]}}],"collection":[{"href":"https:\/\/nbg.eu\/sl\/wp-json\/wp\/v2\/product"}],"about":[{"href":"https:\/\/nbg.eu\/sl\/wp-json\/wp\/v2\/types\/product"}],"wp:featuredmedia":[{"embeddable":true,"href":"https:\/\/nbg.eu\/sl\/wp-json\/wp\/v2\/media\/681580"}],"wp:attachment":[{"href":"https:\/\/nbg.eu\/sl\/wp-json\/wp\/v2\/media?parent=681519"}],"wp:term":[{"taxonomy":"product_brand","embeddable":true,"href":"https:\/\/nbg.eu\/sl\/wp-json\/wp\/v2\/product_brand?post=681519"},{"taxonomy":"product_cat","embeddable":true,"href":"https:\/\/nbg.eu\/sl\/wp-json\/wp\/v2\/product_cat?post=681519"},{"taxonomy":"product_tag","embeddable":true,"href":"https:\/\/nbg.eu\/sl\/wp-json\/wp\/v2\/product_tag?post=681519"}],"curies":[{"name":"wp","href":"https:\/\/api.w.org\/{rel}","templated":true}]}}