{"id":681772,"date":"2025-12-17T15:55:16","date_gmt":"2025-12-17T12:55:16","guid":{"rendered":"https:\/\/nbg.eu\/product\/moski-mestni-pomarancni-cpm-s90v\/"},"modified":"2026-01-21T12:29:09","modified_gmt":"2026-01-21T09:29:09","slug":"moski-mestni-pomarancni-cpm-s90v","status":"publish","type":"product","link":"https:\/\/nbg.eu\/sl\/izdelek\/moski-mestni-pomarancni-cpm-s90v\/","title":{"rendered":"Mo\u0161ki mestni pomaran\u010dni CPM S90V"},"content":{"rendered":"<h2>Manly City CPM S90V &#8211; Vsakdanja nosilna zlo\u017eljiva no\u017e<\/h2>\n<p>Kot nakazuje ime, je Manly City CPM S90V izjemen vsakdanji mestni no\u017e. Prihaja s Manlyevo filozofijo nudenja uporabnikom skrbno izbranih premium materialov po razumni ceni. Polno ravni rezilo je izdelano iz visoko zmogljivega jekla CPM S90V, s trdoto Rockwella 60-62 HRC, kar zagotavlja izjemno zadr\u017eevanje ostrine in odpornost proti koroziji.<\/p>\n<p>Zasnovan za dvosmerno uporabo, ima ta model obrnljiv \u017eepni \u0161\u010dip in dvojno polo\u017eajno zaponko, kar ga naredi primeren za levi\u010darje in desni\u010darje. Ro\u010daj G10 zagotavlja varno in udobno dr\u017eanje, medtem ko enoro\u010dno odpiranje in zaklep zagotavljata zanesljivo delovanje.<\/p>\n<p>S skupno dol\u017eino 17,7 cm in dol\u017eino rezila 7,0 cm je Manly City CPM S90V ve\u010dnamenski no\u017e za vsakdanjo uporabo, ki zdru\u017euje premium materiale, izjemno zmogljivost in uporabniku prijazne funkcije. S te\u017eo samo 95 g je lahek in enostavno prenosljiv sopotnik za razli\u010dna vsakodnevna opravila.<\/p>\n","protected":false},"excerpt":{"rendered":"<p>Vsakodnevni no\u017e EDC. Rezilo iz jekla CPM S90V, ro\u010daj iz G10, obrnljiv zaponec, primerno za levi\u010darje\/desni\u010darje.<\/p>\n","protected":false},"featured_media":681792,"template":"","meta":{"_acf_changed":false},"product_brand":[15096],"product_cat":[13468],"product_tag":[],"class_list":{"0":"post-681772","1":"product","2":"type-product","3":"status-publish","4":"has-post-thumbnail","6":"product_brand-manly-knives","7":"product_cat-edc","9":"first","10":"instock","11":"taxable","12":"shipping-taxable","13":"purchasable","14":"product-type-simple"},"acf":[],"_links":{"self":[{"href":"https:\/\/nbg.eu\/sl\/wp-json\/wp\/v2\/product\/681772","targetHints":{"allow":["GET"]}}],"collection":[{"href":"https:\/\/nbg.eu\/sl\/wp-json\/wp\/v2\/product"}],"about":[{"href":"https:\/\/nbg.eu\/sl\/wp-json\/wp\/v2\/types\/product"}],"wp:featuredmedia":[{"embeddable":true,"href":"https:\/\/nbg.eu\/sl\/wp-json\/wp\/v2\/media\/681792"}],"wp:attachment":[{"href":"https:\/\/nbg.eu\/sl\/wp-json\/wp\/v2\/media?parent=681772"}],"wp:term":[{"taxonomy":"product_brand","embeddable":true,"href":"https:\/\/nbg.eu\/sl\/wp-json\/wp\/v2\/product_brand?post=681772"},{"taxonomy":"product_cat","embeddable":true,"href":"https:\/\/nbg.eu\/sl\/wp-json\/wp\/v2\/product_cat?post=681772"},{"taxonomy":"product_tag","embeddable":true,"href":"https:\/\/nbg.eu\/sl\/wp-json\/wp\/v2\/product_tag?post=681772"}],"curies":[{"name":"wp","href":"https:\/\/api.w.org\/{rel}","templated":true}]}}