{"id":682123,"date":"2026-01-08T18:13:52","date_gmt":"2026-01-08T15:13:52","guid":{"rendered":"https:\/\/nbg.eu\/product\/moska-mestna-vojaska-14c28n\/"},"modified":"2026-01-21T11:41:31","modified_gmt":"2026-01-21T08:41:31","slug":"moska-mestna-vojaska-14c28n","status":"publish","type":"product","link":"https:\/\/nbg.eu\/sl\/izdelek\/moska-mestna-vojaska-14c28n\/","title":{"rendered":"Mo\u0161ka mestna voja\u0161ka 14C28N"},"content":{"rendered":"<h2>Manly City Military 14C28N: Izjemni vsakodnevni no\u017e<\/h2>\n<p>Manly City Military 14C28N je izjemni vsakdanji mestni no\u017e, ki odseva na\u0161o filozofijo ponujanja skrbno izbranih primarnih materialov po razumni ceni. Z ravno rezilo, izdelanim iz jekla Sandvik 14C28N, je ta model zasnovan za ve\u010dnamensko in priro\u010dno uporabo.<\/p>\n<p>S povratno sponko in dvojno pozicijo zati\u010da je Manly City Military 14C28N primeren za levo- in desni\u010darje, kar zagotavlja udoben in prilagodljiv oprijem. Material ro\u010daja G10 zagotavlja varen in trpe\u017een oprijem, medtem ko enoro\u010dno odpiranje in zaklepni mehanizem omogo\u010dajo gladko in zanesljivo delovanje.<\/p>\n<p>Tehni\u010dne specifikacije:<\/p>\n<ul>\n<li>Model: CITY 14C28N Military Green Flat Handle<\/li>\n<li>Vrsta: Zlo\u017eljivi no\u017e<\/li>\n<li>Skupna dol\u017eina: 17,7 cm<\/li>\n<li>Dol\u017eina rezila: 7,0 cm<\/li>\n<li>Dol\u017eina, ko je zlo\u017een: 10,5 cm<\/li>\n<li>Debelina rezila: 2,7 mm<\/li>\n<li>Te\u017ea: 95 g<\/li>\n<li>Material rezila: 14C28N<\/li>\n<li>Material ro\u010daja: G10<\/li>\n<li>Odpiranje: s pal\u010dno jagodo<\/li>\n<li>Odpiranje: z eno roko<\/li>\n<li>Vrsta zaklepa: Zaklepni mehanizem<\/li>\n<\/ul>\n","protected":false},"excerpt":{"rendered":"<p>Manly City Military 14C28N je izjemen vsakodnevni mestni no\u017e izdelan iz jekla Sandvik 14C28N z ro\u010dajem G10, primeren za uporabo z levo ali desno roko.<\/p>\n","protected":false},"featured_media":682191,"template":"","meta":{"_acf_changed":false},"product_brand":[15096],"product_cat":[13468],"product_tag":[],"class_list":{"0":"post-682123","1":"product","2":"type-product","3":"status-publish","4":"has-post-thumbnail","6":"product_brand-manly-knives","7":"product_cat-edc","9":"first","10":"instock","11":"taxable","12":"shipping-taxable","13":"purchasable","14":"product-type-simple"},"acf":[],"_links":{"self":[{"href":"https:\/\/nbg.eu\/sl\/wp-json\/wp\/v2\/product\/682123","targetHints":{"allow":["GET"]}}],"collection":[{"href":"https:\/\/nbg.eu\/sl\/wp-json\/wp\/v2\/product"}],"about":[{"href":"https:\/\/nbg.eu\/sl\/wp-json\/wp\/v2\/types\/product"}],"wp:featuredmedia":[{"embeddable":true,"href":"https:\/\/nbg.eu\/sl\/wp-json\/wp\/v2\/media\/682191"}],"wp:attachment":[{"href":"https:\/\/nbg.eu\/sl\/wp-json\/wp\/v2\/media?parent=682123"}],"wp:term":[{"taxonomy":"product_brand","embeddable":true,"href":"https:\/\/nbg.eu\/sl\/wp-json\/wp\/v2\/product_brand?post=682123"},{"taxonomy":"product_cat","embeddable":true,"href":"https:\/\/nbg.eu\/sl\/wp-json\/wp\/v2\/product_cat?post=682123"},{"taxonomy":"product_tag","embeddable":true,"href":"https:\/\/nbg.eu\/sl\/wp-json\/wp\/v2\/product_tag?post=682123"}],"curies":[{"name":"wp","href":"https:\/\/api.w.org\/{rel}","templated":true}]}}