{"id":682343,"date":"2026-01-09T22:09:00","date_gmt":"2026-01-09T19:09:00","guid":{"rendered":"https:\/\/nbg.eu\/product\/moski-grad-g10-crna-s90v\/"},"modified":"2026-01-21T12:28:46","modified_gmt":"2026-01-21T09:28:46","slug":"moski-grad-g10-crna-s90v","status":"publish","type":"product","link":"https:\/\/nbg.eu\/sl\/izdelek\/moski-grad-g10-crna-s90v\/","title":{"rendered":"Mo\u0161ki Grad G10 \u010crna S90V"},"content":{"rendered":"<h2>Manly City G10 \u010crna S90V: izjemen vsakdanji no\u017e za prena\u0161anje<\/h2>\n<p>Kot \u017ee ime pove, je Manly City G10 \u010crna S90V izjemen vsakdanji mestni no\u017e. Oblikovan z na\u0161o filozofijo ponujanja uporabnikom skrbno izbranih vrhunskih materialov po razumni ceni, ima ta zlo\u017eljivi no\u017e polno plosko rezilo, izdelano iz jekla CPM S90V s trdoto po Rockwellu 60-62 HRC. Njegova obrnljiva \u017eepna sponka in dvojni polo\u017eaj zati\u010dev ga delata popolnoma primernega tako za levoroke kot desnoroke uporabnike.<\/p>\n<p>Z dol\u017eino 17,7 cm v celoti, z rezilom 7,0 cm in zlo\u017eeno dol\u017eino 10,5 cm, ima ta no\u017e 2,7 mm debelo rezilo in tehta le 95 g. Ro\u010daj je izdelan iz trdnega 3D G10 materiala, no\u017e pa se lahko odpre z gumbom na palec z enoro\u010dno uporabo. Trdna zapiralna zaponka zagotavlja varno in zanesljivo name\u0161\u010danje rezila.<\/p>\n<p>Na voljo v elegantni \u010drni barvi je Manly City G10 \u010crna S90V popoln vsakdanji spremljevalec, ki zdru\u017euje vrhunske zmogljivosti in kakovostno konstrukcijo po dostopni ceni.<\/p>\n","protected":false},"excerpt":{"rendered":"<p>Izjemno vsakodnevno mestno no\u017e s CPM S90V rezilom, 3D G10 ro\u010dajem in reverzibilno sponko.<\/p>\n","protected":false},"featured_media":682400,"template":"","meta":{"_acf_changed":false},"product_brand":[15096],"product_cat":[13468,15379,15352],"product_tag":[],"class_list":{"0":"post-682343","1":"product","2":"type-product","3":"status-publish","4":"has-post-thumbnail","6":"product_brand-manly-knives","7":"product_cat-edc","8":"product_cat-folding-knives-sl","9":"product_cat-knives-ro","11":"first","12":"outofstock","13":"taxable","14":"shipping-taxable","15":"purchasable","16":"product-type-simple"},"acf":[],"_links":{"self":[{"href":"https:\/\/nbg.eu\/sl\/wp-json\/wp\/v2\/product\/682343","targetHints":{"allow":["GET"]}}],"collection":[{"href":"https:\/\/nbg.eu\/sl\/wp-json\/wp\/v2\/product"}],"about":[{"href":"https:\/\/nbg.eu\/sl\/wp-json\/wp\/v2\/types\/product"}],"wp:featuredmedia":[{"embeddable":true,"href":"https:\/\/nbg.eu\/sl\/wp-json\/wp\/v2\/media\/682400"}],"wp:attachment":[{"href":"https:\/\/nbg.eu\/sl\/wp-json\/wp\/v2\/media?parent=682343"}],"wp:term":[{"taxonomy":"product_brand","embeddable":true,"href":"https:\/\/nbg.eu\/sl\/wp-json\/wp\/v2\/product_brand?post=682343"},{"taxonomy":"product_cat","embeddable":true,"href":"https:\/\/nbg.eu\/sl\/wp-json\/wp\/v2\/product_cat?post=682343"},{"taxonomy":"product_tag","embeddable":true,"href":"https:\/\/nbg.eu\/sl\/wp-json\/wp\/v2\/product_tag?post=682343"}],"curies":[{"name":"wp","href":"https:\/\/api.w.org\/{rel}","templated":true}]}}