{"id":682604,"date":"2026-01-09T22:08:59","date_gmt":"2026-01-09T19:08:59","guid":{"rendered":"https:\/\/nbg.eu\/product\/mosko-mesto-crno-14c28n\/"},"modified":"2026-01-21T12:29:39","modified_gmt":"2026-01-21T09:29:39","slug":"mosko-mesto-crno-14c28n","status":"publish","type":"product","link":"https:\/\/nbg.eu\/sl\/izdelek\/mosko-mesto-crno-14c28n\/","title":{"rendered":"Mo\u0161ko mesto \u010drno 14C28N"},"content":{"rendered":"<h2>Manly City Black 14C28N: Izjemno vsakodnevno mestno no\u017e<\/h2>\n<p>Manly City Black 14C28N je izjemno vsakodnevno mestno no\u017e, ki utele\u0161uje na\u0161o filozofijo ponuditi uporabnikom skrbno izbrane primarne materiale po razumni ceni. S polno plo\u0161\u010dato rezilo, narejeno iz vzdr\u017eljivega jekla Sandvik 14C28N, je ta zlo\u017eljiv no\u017e zasnovan kot zanesljiv spremljevalec za vsakodnevne naloge.<\/p>\n<p>Z dol\u017eino 17,7 cm in dol\u017eino rezila 7,0 cm je Manly City Black 14C28N kompakten in ve\u010dnamenski pripomo\u010dek. Ko je zlo\u017een, meri 10,5 cm, kar ga naredi enostavnega za prena\u0161anje in shranjevanje. Debelina rezila 2,7 mm in skupna te\u017ea 95 g zagotavljajo uravnote\u017eeno in udobno rokovanje.<\/p>\n<p>Ena od izstopajo\u010dih zna\u010dilnosti tega no\u017ea je njegov obrnljiv clip, ki ga naredi primeren za levo- in desnoro\u010dne uporabnike. Ro\u010daj je izdelan iz vzdr\u017eljivega G10, kar zagotavlja varno in nezdrsljivo oprijemanje, tudi v mokrih ali zahtevnih razmerah.<\/p>\n<p>Opremljen z odpiranjem z obema rokama in zanesljivim zaklepnim mehanizmom, Manly City Black 14C28N omogo\u010da varno in zanesljivo uporabo, kar zagotavlja, da bodo va\u0161e rezalne naloge opravljene z zaupanjem in natan\u010dnostjo. Elegantna \u010drna barvna shema pa doda nozu sodoben in sofisticiran videz, kar ga naredi elegantno izbiro za vsakodnevno no\u0161enje.<\/p>\n","protected":false},"excerpt":{"rendered":"<p>Manly City Black 14C28N je izjemno vsakodnevno mestno no\u017e z ravnim rezilom iz jekla Sandvik 14C28N in prijemalnim klicem za levo ali desno roko.<\/p>\n","protected":false},"featured_media":682889,"template":"","meta":{"_acf_changed":false},"product_brand":[15096],"product_cat":[13468,15379,15352],"product_tag":[],"class_list":{"0":"post-682604","1":"product","2":"type-product","3":"status-publish","4":"has-post-thumbnail","6":"product_brand-manly-knives","7":"product_cat-edc","8":"product_cat-folding-knives-sl","9":"product_cat-knives-ro","11":"first","12":"instock","13":"taxable","14":"shipping-taxable","15":"purchasable","16":"product-type-simple"},"acf":[],"_links":{"self":[{"href":"https:\/\/nbg.eu\/sl\/wp-json\/wp\/v2\/product\/682604","targetHints":{"allow":["GET"]}}],"collection":[{"href":"https:\/\/nbg.eu\/sl\/wp-json\/wp\/v2\/product"}],"about":[{"href":"https:\/\/nbg.eu\/sl\/wp-json\/wp\/v2\/types\/product"}],"wp:featuredmedia":[{"embeddable":true,"href":"https:\/\/nbg.eu\/sl\/wp-json\/wp\/v2\/media\/682889"}],"wp:attachment":[{"href":"https:\/\/nbg.eu\/sl\/wp-json\/wp\/v2\/media?parent=682604"}],"wp:term":[{"taxonomy":"product_brand","embeddable":true,"href":"https:\/\/nbg.eu\/sl\/wp-json\/wp\/v2\/product_brand?post=682604"},{"taxonomy":"product_cat","embeddable":true,"href":"https:\/\/nbg.eu\/sl\/wp-json\/wp\/v2\/product_cat?post=682604"},{"taxonomy":"product_tag","embeddable":true,"href":"https:\/\/nbg.eu\/sl\/wp-json\/wp\/v2\/product_tag?post=682604"}],"curies":[{"name":"wp","href":"https:\/\/api.w.org\/{rel}","templated":true}]}}