{"id":682903,"date":"2026-01-08T18:15:12","date_gmt":"2026-01-08T15:15:12","guid":{"rendered":"https:\/\/nbg.eu\/product\/moski-plamen-orehovega-lesa-rwl-34\/"},"modified":"2026-01-21T12:28:45","modified_gmt":"2026-01-21T09:28:45","slug":"moski-plamen-orehovega-lesa-rwl-34","status":"publish","type":"product","link":"https:\/\/nbg.eu\/sl\/izdelek\/moski-plamen-orehovega-lesa-rwl-34\/","title":{"rendered":"Mo\u0161ki plamen orehovega lesa RWL-34"},"content":{"rendered":"<h2>Blaze RWL-34 Oreh: Idealen no\u017e za aktivnosti v naravi<\/h2>\n<p>Z nepremi\u010dnim rezilom in konstrukcijo polne debelice je Blaze RWL-34 Oreh najbolj\u0161a izbira za zanesljivo delovanje v naravi. Izdelan z natan\u010dnostjo in pozornostjo do podrobnosti je ta no\u017e popoln spremljevalec za va\u0161e dogodiv\u0161\u010dine kampiranja, ribolova ali planinstva.<\/p>\n<p>Ro\u010daj je narejen iz bolgarskega oreha in zagotavlja udoben in varen oprijem, tudi v najte\u017ejih razmerah. Ne glede na to, ali potrebujete rezanje gostega podrasti, pripravo svojega ulova ali opravljanje bistvenih nalog za pre\u017eivetje, je Blaze RWL-34 Oreh kos izzivom.<\/p>\n<p>S 4 mm debelim rezilom, izdelanim iz visokokakovostnega jekla RWL-34, ima ta no\u017e trdoto rezila 62 HRC, kar zagotavlja izjemno vzdr\u017eljivost in ohranitev ostrine. S skupno dol\u017eino 24,5 cm in dol\u017eino rezila 11,9 cm ponuja Blaze RWL-34 Oreh popolno ravnovesje med velikostjo in obvladljivostjo.<\/p>\n<p>S te\u017eo le 210 gramov je ta no\u017e lahek za prena\u0161anje in vam ne bo povzro\u010dal dodatnih obremenitev, kar ga dela za popolnega spremljevalca za va\u0161e izlete v naravo. Prilo\u017eena usnjena no\u017enica omogo\u010da dodatno za\u0161\u010dito in udobje, tako da lahko svoj Blaze RWL-34 Oreh imate vedno pri roki.<\/p>\n","protected":false},"excerpt":{"rendered":"<p>Blaze RWL-34 Oreh &#8211; idealni Bushcraft no\u017e z ro\u010dajem iz oreha in rezilom s trdoto 62 HRC.<\/p>\n","protected":false},"featured_media":683231,"template":"","meta":{"_acf_changed":false},"product_brand":[15096],"product_cat":[15352],"product_tag":[],"class_list":{"0":"post-682903","1":"product","2":"type-product","3":"status-publish","4":"has-post-thumbnail","6":"product_brand-manly-knives","7":"product_cat-knives-ro","9":"first","10":"instock","11":"taxable","12":"shipping-taxable","13":"purchasable","14":"product-type-simple"},"acf":[],"_links":{"self":[{"href":"https:\/\/nbg.eu\/sl\/wp-json\/wp\/v2\/product\/682903","targetHints":{"allow":["GET"]}}],"collection":[{"href":"https:\/\/nbg.eu\/sl\/wp-json\/wp\/v2\/product"}],"about":[{"href":"https:\/\/nbg.eu\/sl\/wp-json\/wp\/v2\/types\/product"}],"wp:featuredmedia":[{"embeddable":true,"href":"https:\/\/nbg.eu\/sl\/wp-json\/wp\/v2\/media\/683231"}],"wp:attachment":[{"href":"https:\/\/nbg.eu\/sl\/wp-json\/wp\/v2\/media?parent=682903"}],"wp:term":[{"taxonomy":"product_brand","embeddable":true,"href":"https:\/\/nbg.eu\/sl\/wp-json\/wp\/v2\/product_brand?post=682903"},{"taxonomy":"product_cat","embeddable":true,"href":"https:\/\/nbg.eu\/sl\/wp-json\/wp\/v2\/product_cat?post=682903"},{"taxonomy":"product_tag","embeddable":true,"href":"https:\/\/nbg.eu\/sl\/wp-json\/wp\/v2\/product_tag?post=682903"}],"curies":[{"name":"wp","href":"https:\/\/api.w.org\/{rel}","templated":true}]}}