{"id":683271,"date":"2025-12-17T17:30:35","date_gmt":"2025-12-17T14:30:35","guid":{"rendered":"https:\/\/nbg.eu\/product\/moski-ogenj-crn-g10-rwl-34\/"},"modified":"2026-01-21T11:41:30","modified_gmt":"2026-01-21T08:41:30","slug":"moski-ogenj-crn-g10-rwl-34","status":"publish","type":"product","link":"https:\/\/nbg.eu\/sl\/izdelek\/moski-ogenj-crn-g10-rwl-34\/","title":{"rendered":"Mo\u0161ki ogenj \u010drn G10 RWL-34"},"content":{"rendered":"<h2>Mo\u0161ki blisk \u010drn G10 RWL-34 &#8211; Kon\u010dni bushcraft no\u017e<\/h2>\n<p>Blisk RWL-34 \u010drn je popoln bushcraft no\u017e. Z fiksirano rezilo in konstrukcijo polne \u017eelod\u010dne stene + vrhunska RWL-34 pra\u0161kasta jekla, trajnost tega no\u017ea je zagotovljena. Ro\u010daj je izdelan iz teksturiranega \u010drnega G10, odporen na korozijo. No\u017e se lahko z eno rokovno gibom odstrani iz no\u017enice (izdelane iz kydeksa) in obe\u0161alnik za pas je lahko vodoravno ali navpi\u010dno.<\/p>\n<p>\u010ce potrebujete zanesljiv no\u017e v gorah, na kampiranju ali ribolovu, je Blisk no\u017e za vas.<\/p>\n<h2>Tehni\u010dne specifikacije<\/h2>\n<p>Ime: Blisk \u2013 RWL-34 \u010drn<br \/>\nTip: Fiksno rezilo<br \/>\nSkupna dol\u017eina: 24,5 cm<br \/>\nDol\u017eina rezila: 11,9 cm<br \/>\nDebelina rezila: 4 mm<br \/>\nTrdota rezilne robnice: 62 hrc<br \/>\nTe\u017ea: 210g<br \/>\nMaterial rezila: RWL-34<br \/>\nMaterial ro\u010daja: G10<br \/>\nMaterial no\u017enice: Kydex<\/p>\n","protected":false},"excerpt":{"rendered":"<p>Blaze RWL-34 \u010drna: popoln no\u017e za pre\u017eivetje v naravi s fiksnim rezilom, z votlim rezilom in jeklo RWL-34.<\/p>\n","protected":false},"featured_media":683311,"template":"","meta":{"_acf_changed":false},"product_brand":[15096],"product_cat":[2876],"product_tag":[],"class_list":{"0":"post-683271","1":"product","2":"type-product","3":"status-publish","4":"has-post-thumbnail","6":"product_brand-manly-knives","7":"product_cat-rahohvatki","9":"first","10":"instock","11":"taxable","12":"shipping-taxable","13":"purchasable","14":"product-type-simple"},"acf":[],"_links":{"self":[{"href":"https:\/\/nbg.eu\/sl\/wp-json\/wp\/v2\/product\/683271","targetHints":{"allow":["GET"]}}],"collection":[{"href":"https:\/\/nbg.eu\/sl\/wp-json\/wp\/v2\/product"}],"about":[{"href":"https:\/\/nbg.eu\/sl\/wp-json\/wp\/v2\/types\/product"}],"wp:featuredmedia":[{"embeddable":true,"href":"https:\/\/nbg.eu\/sl\/wp-json\/wp\/v2\/media\/683311"}],"wp:attachment":[{"href":"https:\/\/nbg.eu\/sl\/wp-json\/wp\/v2\/media?parent=683271"}],"wp:term":[{"taxonomy":"product_brand","embeddable":true,"href":"https:\/\/nbg.eu\/sl\/wp-json\/wp\/v2\/product_brand?post=683271"},{"taxonomy":"product_cat","embeddable":true,"href":"https:\/\/nbg.eu\/sl\/wp-json\/wp\/v2\/product_cat?post=683271"},{"taxonomy":"product_tag","embeddable":true,"href":"https:\/\/nbg.eu\/sl\/wp-json\/wp\/v2\/product_tag?post=683271"}],"curies":[{"name":"wp","href":"https:\/\/api.w.org\/{rel}","templated":true}]}}