{"id":683363,"date":"2025-12-17T17:40:13","date_gmt":"2025-12-17T14:40:13","guid":{"rendered":"https:\/\/nbg.eu\/product\/moski-ognjemet-crni-g10-d2\/"},"modified":"2026-01-21T11:39:01","modified_gmt":"2026-01-21T08:39:01","slug":"moski-ognjemet-crni-g10-d2","status":"publish","type":"product","link":"https:\/\/nbg.eu\/sl\/izdelek\/moski-ognjemet-crni-g10-d2\/","title":{"rendered":"Mo\u0161ki ognjemet \u010drni G10 D2"},"content":{"rendered":"<h2>Blaze D2 \u010crn: Zanesljiv no\u017e za divje naravne avanture<\/h2>\n<p>Blaze D2 \u010crn je popoln no\u017e za divje naravne avanture, zasnovan za robustno zunanjo uporabo. Z njegove pritrjeno rezilo in konstrukcijo z celotno du\u0161ico ta no\u017e ponuja neprimerljivo stabilnost in trajnost, kar zagotavlja, da lahko prenese tudi najbolj zahtevne naloge. Teksturirani \u010drni ro\u010daj G10 je odporen na korozijo in zagotavlja varnen oprijem tudi v mokrih pogojih.<\/p>\n<p>Blaze je mogo\u010de enoro\u010dno hitro odstraniti iz kydex no\u017enice, kar omogo\u010da hiter dostop, ko ga potrebujete najbolj. Prilagodljiva namestitev na pas se lahko namesti vodoravno ali navpi\u010dno, kar je udobno za prena\u0161anje na va\u0161ih avanturah.<\/p>\n<p>Ne glede na to, ali se spopadate z izzivi v divjini, kampiranjem ali ribolovom, je Blaze D2 \u010crn zanesljiv spremljevalec, na katerega se lahko zanesete. Izdelan z natan\u010dnostjo, ta no\u017e se pona\u0161a z rezilom trdote 61 HRC, kar zagotavlja, da lahko z lahkoto opravlja \u0161irok razpon nalog. Z materialom rezila 1.2379 (D2) in trdno konstrukcijo je Blaze D2 \u010crn zgrajen za dolgotrajno uporabo, kar ga dela kot bistveno orodje za vsakega ljubitelja zunanjega sveta.<\/p>\n","protected":false},"excerpt":{"rendered":"<p>Blaze D2 \u010crna &#8211; popoln no\u017e za divje \u017eivljenje. Ro\u010daj iz teksturiranega G10, rezilo iz jekla D2, Kydex no\u017enica.<\/p>\n","protected":false},"featured_media":683415,"template":"","meta":{"_acf_changed":false},"product_brand":[15096],"product_cat":[2876],"product_tag":[],"class_list":{"0":"post-683363","1":"product","2":"type-product","3":"status-publish","4":"has-post-thumbnail","6":"product_brand-manly-knives","7":"product_cat-rahohvatki","9":"first","10":"instock","11":"taxable","12":"shipping-taxable","13":"purchasable","14":"product-type-simple"},"acf":[],"_links":{"self":[{"href":"https:\/\/nbg.eu\/sl\/wp-json\/wp\/v2\/product\/683363","targetHints":{"allow":["GET"]}}],"collection":[{"href":"https:\/\/nbg.eu\/sl\/wp-json\/wp\/v2\/product"}],"about":[{"href":"https:\/\/nbg.eu\/sl\/wp-json\/wp\/v2\/types\/product"}],"wp:featuredmedia":[{"embeddable":true,"href":"https:\/\/nbg.eu\/sl\/wp-json\/wp\/v2\/media\/683415"}],"wp:attachment":[{"href":"https:\/\/nbg.eu\/sl\/wp-json\/wp\/v2\/media?parent=683363"}],"wp:term":[{"taxonomy":"product_brand","embeddable":true,"href":"https:\/\/nbg.eu\/sl\/wp-json\/wp\/v2\/product_brand?post=683363"},{"taxonomy":"product_cat","embeddable":true,"href":"https:\/\/nbg.eu\/sl\/wp-json\/wp\/v2\/product_cat?post=683363"},{"taxonomy":"product_tag","embeddable":true,"href":"https:\/\/nbg.eu\/sl\/wp-json\/wp\/v2\/product_tag?post=683363"}],"curies":[{"name":"wp","href":"https:\/\/api.w.org\/{rel}","templated":true}]}}