{"id":683429,"date":"2025-12-17T18:06:26","date_gmt":"2025-12-17T15:06:26","guid":{"rendered":"https:\/\/nbg.eu\/product\/nocpix-m6t25s-termicna-avtomobilska-kamera-z-inteligentnim-zaznavanjem-vrocih-predmetov\/"},"modified":"2026-01-21T11:45:00","modified_gmt":"2026-01-21T08:45:00","slug":"nocpix-m6t25s-termicna-avtomobilska-kamera-z-inteligentnim-zaznavanjem-vrocih-predmetov","status":"publish","type":"product","link":"https:\/\/nbg.eu\/sl\/izdelek\/nocpix-m6t25s-termicna-avtomobilska-kamera-z-inteligentnim-zaznavanjem-vrocih-predmetov\/","title":{"rendered":"Nocpix M6T25S termi\u010dna avtomobilska kamera z inteligentnim zaznavanjem vro\u010dih predmetov"},"content":{"rendered":"<h2>Nocpix M6T25S termalna avtomobilska kamera s pametno detekcijo za vro\u010de predmete<\/h2>\n<p>Predstavljamo vam serijo Nocpix MT, inovativni dome skener, ki ga je Nocpix zasnoval posebej za lov. Je va\u0161a idealna izbira ne samo za vo\u017enjo med lovom, ampak tudi prilagodljiva razli\u010dnim lovskim metodam in navadam. Opremljena z najsodobnej\u0161imi AI modeli in visoko zmogljivo ra\u010dunsko mo\u010djo, serija MT zagotavlja stabilno delovanje tudi med vo\u017enjo in nudi natan\u010dno detekcijo, zaklepanje in sledenje plena, ter zagotavlja visokokakovostne slike in izjemno lovsko izku\u0161njo.<\/p>\n<h2>Inteligentna AI zmogljivost<\/h2>\n<p>Poganjana z globokim u\u010dnim modelom YOLO V5 in ra\u010dunsko mo\u010djo 2T, je ta sistem zasnovan za izbolj\u0161anje va\u0161e lovske izku\u0161nje. Globoki u\u010dni model, izurjen na obse\u017enem nizu podatkov, omogo\u010da hitro avtomatsko prepoznavanje in sledenje plenu, z natan\u010dnimi okvirji za ozna\u010devanje tar\u010de. To celoten lovski proces &#8211; identifikacijo, ciljanje in sledenje &#8211; naredi precej la\u017eji in gladkej\u0161i, zmanj\u0161uje napor, potreben za izvedbo vsakega koraka.<\/p>\n<h2>Brezkrta\u010dni 360\u00b0 panoramski pogled z 90\u00b0 obsegom nagiba<\/h2>\n<p>Serija MT ponuja \u0161irok 360\u00b0 panoramski pogled z 90\u00b0 obsegom nagiba, kar zagotavlja popolno kritje. To omogo\u010da popolno, nemoteno sledenje plena brez slepih peg.<\/p>\n<h2>Kon\u010dna stabilizacija<\/h2>\n<p>Dvosistemska stabilizacija omogo\u010da seriji MT, da dostavi stabilno sliko, samodejna kalibracija popravi premik le\u010de, ki ga povzro\u010dijo cestne grbine ali zunanji okoljski dejavniki, in ohranja konstantno smer.<\/p>\n<h2>Izjemno tiha uporabni\u0161ka izku\u0161nja<\/h2>\n<p>M6T25S uporablja brezkrta\u010dni motor za 360-stopinjsko horizontalno rotacijo in dinami\u010dno uravnote\u017een dizajn, kar pomeni, da deluje pri nizki ravni decibel med rotacijo in nagibom, kar zagotavlja, da va\u0161a lovska izku\u0161nja ostane nemotena in prijetna.<\/p>\n<h2>Ve\u010d mo\u017enosti povezav in na\u010dinov prikaza<\/h2>\n<p>Za prilagoditev razli\u010dnim navadam in scenarijem uporabe sta na voljo dve metodi povezave: kabelska in WiFi. Kabelska povezava zagotavlja bolj stabilno prena\u0161anje slike, medtem ko WiFi ponuja bolj priro\u010dno in brez\u017ei\u010dno izku\u0161njo. V realnem \u010dasu je slika na voljo na katerikoli napravi z name\u0161\u010deno aplikacijo Nocpix, vklju\u010dno s, vendar ne omejeno na, iPad, mobilni telefoni itd.<\/p>\n","protected":false},"excerpt":{"rendered":"<p>Termalna avtomobilska kamera Nocpix M6T25S z inteligentnim zaznavanjem vro\u010dih predmetov. Inteligentno iskanje, u\u010dinkovit doseg 2300 m, daljinski upravljalnik, 2 akumulatorski bateriji za do 7 ur delovanja.<\/p>\n<p>\u010ce artikel ni na voljo, nas prosimo kontaktirajte: shop@nbg.eu ali +359896147790<\/p>\n","protected":false},"featured_media":683589,"template":"","meta":{"_acf_changed":false},"product_brand":[14462],"product_cat":[13454],"product_tag":[],"class_list":{"0":"post-683429","1":"product","2":"type-product","3":"status-publish","4":"has-post-thumbnail","6":"product_brand-nocpix","7":"product_cat-termovizija","9":"first","10":"instock","11":"taxable","12":"shipping-taxable","13":"purchasable","14":"product-type-simple"},"acf":[],"_links":{"self":[{"href":"https:\/\/nbg.eu\/sl\/wp-json\/wp\/v2\/product\/683429","targetHints":{"allow":["GET"]}}],"collection":[{"href":"https:\/\/nbg.eu\/sl\/wp-json\/wp\/v2\/product"}],"about":[{"href":"https:\/\/nbg.eu\/sl\/wp-json\/wp\/v2\/types\/product"}],"wp:featuredmedia":[{"embeddable":true,"href":"https:\/\/nbg.eu\/sl\/wp-json\/wp\/v2\/media\/683589"}],"wp:attachment":[{"href":"https:\/\/nbg.eu\/sl\/wp-json\/wp\/v2\/media?parent=683429"}],"wp:term":[{"taxonomy":"product_brand","embeddable":true,"href":"https:\/\/nbg.eu\/sl\/wp-json\/wp\/v2\/product_brand?post=683429"},{"taxonomy":"product_cat","embeddable":true,"href":"https:\/\/nbg.eu\/sl\/wp-json\/wp\/v2\/product_cat?post=683429"},{"taxonomy":"product_tag","embeddable":true,"href":"https:\/\/nbg.eu\/sl\/wp-json\/wp\/v2\/product_tag?post=683429"}],"curies":[{"name":"wp","href":"https:\/\/api.w.org\/{rel}","templated":true}]}}