{"id":683651,"date":"2026-01-08T18:14:29","date_gmt":"2026-01-08T15:14:29","guid":{"rendered":"https:\/\/nbg.eu\/product\/toplotna-kamera-nocpix-vista-h50-50mm-12um-640x512-15mk-netd\/"},"modified":"2026-04-14T16:17:48","modified_gmt":"2026-04-14T13:17:48","slug":"toplotna-kamera-nocpix-vista-h50-50mm-12um-640x512-15mk-netd","status":"publish","type":"product","link":"https:\/\/nbg.eu\/sl\/izdelek\/toplotna-kamera-nocpix-vista-h50-50mm-12um-640x512-15mk-netd\/","title":{"rendered":"Nocpix Termi\u010dna Kamera VISTA H50"},"content":{"rendered":"<h2>Nocpix VISTA H50 &#8211; Sodobna toplotna kamera za uporabo podnevi in pono\u010di<\/h2>\n<p>Nocpix VISTA H50 je sodobna toplotna kamera, zasnovana za uporabo podnevi in pono\u010di. Zagotavlja izjemno kakovost slike tudi v ekstremnih vremenskih razmerah, kot so megla, smog in de\u017e, ter lahko zaznava cilje skozi ovire, kot so veje, visoka trava in gosta vegetacija, ki obi\u010dajno ovirajo vidljivost.<\/p>\n<p>VISTA H50 je visoko prilagodljiva in primerna za razli\u010dne aplikacije, vklju\u010dno z lovom, varnostjo, nadzorom, orientacijo na terenu ter iskanjem in re\u0161evanjem. Njena napredna toplotna tehnologija zagotavlja zanesljivo delovanje in jasne slike ter natan\u010dne meritve v zahtevnih okoljih.<\/p>\n<h2>Klju\u010dne specifikacije:<\/h2>\n<p>Lo\u010dljivost: 640 x 512<br \/>\nVelikost slikovnega elementa: 12<br \/>\nNETD, mK: \u226415<br \/>\nHitrost sli\u010dic: 50<br \/>\nObjektiv: 50 mm F0,9<br \/>\nVidno polje: 8,8 x 7,0<br \/>\nVidno polje (linearno): 15 x 12<br \/>\nPove\u010dava: 4~40<br \/>\nDoseg zaznavanja: 2600<br \/>\nRazdalja od o\u010di: 25<br \/>\nPremer izhoda zenice: 8<br \/>\nDioptrija: -4 ~ +6<br \/>\nVrsta zaslona: AMOLED<br \/>\nLo\u010dljivost zaslona: 2560 x 2560<br \/>\nBaterija: Zamenljiva litij-ionska baterija IBP-7 \/ 4400 mAh<br \/>\nMaks. \u010das delovanja: 5,5<br \/>\nWi-Fi\/aplikacija: DA<br \/>\nMikrofon: DA<br \/>\nKapaciteta pomnilnika: 64 GB<br \/>\nStopnja za\u0161\u010dite IP: IP67<br \/>\nMaks. delovna temperatura: -20 ~ +50<br \/>\nTe\u017ea (un\u010de): 22,93<br \/>\nTe\u017ea (g): 650<br \/>\nDimenzije (v palcih): 7,64 x 2,76 x 3,23<br \/>\nDimenzije (mm): 194 x 70 x 82<\/p>\n","protected":false},"excerpt":{"rendered":"<p>Nocpix VISTA H50 je 640&#215;512 12um termalna kamera z \u226415mK NETD, 50mm F0.9 objektivom in 2560&#215;2560 AMOLED zaslonom.<\/p>\n<p>\u010ce artikel ni na voljo, nas prosimo kontaktirajte: shop@nbg.eu ali +359896147790<\/p>\n<p>\n","protected":false},"featured_media":683719,"template":"","meta":{"_acf_changed":false},"product_brand":[14462],"product_cat":[13454,16100],"product_tag":[],"class_list":{"0":"post-683651","1":"product","2":"type-product","3":"status-publish","4":"has-post-thumbnail","6":"product_brand-nocpix","7":"product_cat-termovizija","8":"product_cat-thermal-cameras-sl","10":"first","11":"instock","12":"taxable","13":"shipping-taxable","14":"purchasable","15":"product-type-simple"},"acf":[],"_links":{"self":[{"href":"https:\/\/nbg.eu\/sl\/wp-json\/wp\/v2\/product\/683651","targetHints":{"allow":["GET"]}}],"collection":[{"href":"https:\/\/nbg.eu\/sl\/wp-json\/wp\/v2\/product"}],"about":[{"href":"https:\/\/nbg.eu\/sl\/wp-json\/wp\/v2\/types\/product"}],"wp:featuredmedia":[{"embeddable":true,"href":"https:\/\/nbg.eu\/sl\/wp-json\/wp\/v2\/media\/683719"}],"wp:attachment":[{"href":"https:\/\/nbg.eu\/sl\/wp-json\/wp\/v2\/media?parent=683651"}],"wp:term":[{"taxonomy":"product_brand","embeddable":true,"href":"https:\/\/nbg.eu\/sl\/wp-json\/wp\/v2\/product_brand?post=683651"},{"taxonomy":"product_cat","embeddable":true,"href":"https:\/\/nbg.eu\/sl\/wp-json\/wp\/v2\/product_cat?post=683651"},{"taxonomy":"product_tag","embeddable":true,"href":"https:\/\/nbg.eu\/sl\/wp-json\/wp\/v2\/product_tag?post=683651"}],"curies":[{"name":"wp","href":"https:\/\/api.w.org\/{rel}","templated":true}]}}