{"id":683746,"date":"2026-01-08T18:13:33","date_gmt":"2026-01-08T15:13:33","guid":{"rendered":"https:\/\/nbg.eu\/product\/toplotna-kamera-nocpix-vista-h35-brez-daljinomera-35mm-12um-640x512-15mk-net\/"},"modified":"2026-04-14T16:18:06","modified_gmt":"2026-04-14T13:18:06","slug":"toplotna-kamera-nocpix-vista-h35-brez-daljinomera-35mm-12um-640x512-15mk-net","status":"publish","type":"product","link":"https:\/\/nbg.eu\/sl\/izdelek\/toplotna-kamera-nocpix-vista-h35-brez-daljinomera-35mm-12um-640x512-15mk-net\/","title":{"rendered":"Nocpix Termi\u010dna Kamera VISTA H35"},"content":{"rendered":"<h2>Nocpix VISTA H35 termi\u010dni monokular &#8211; 35mm 12um 640&#215;512 \u226415mK NET<\/h2>\n<p>Nocpix VISTA H35 je ve\u010dnamenski termi\u010dni monokular, zasnovan za zanesljivo uporabo podnevi in pono\u010di. Ta napredna naprava ponuja izjemno toplotno slikovno zmogljivost, ki zagotavlja jasne in podrobne vizualne informacije tudi v zahtevnih vremenskih razmerah, kot so megla, smog in de\u017e. Sposobna je zaznati tar\u010de skozi ovire, kot so veje, visoka trava in gosta podrast, kar zagotavlja u\u010dinkovito delovanje v okoljih, kjer tradicionalna optika ne zado\u0161\u010da.<\/p>\n<p>VISTA H35 je idealna za razli\u010dne aplikacije, kot so lov, nadzor, varnost, navigacija po terenu ter iskanje in re\u0161evanje. Zahvaljujo\u010d napredni tehnologiji in vzdr\u017eljivi konstrukciji VISTA H35 zagotavlja natan\u010dno zaznavanje in merjenje v najte\u017ejih razmerah.<\/p>\n<h2>Lastnosti<\/h2>\n<p>-640\u00d7512 detektor 12\u03bcm<br \/>\nNETD\u226415mK<br \/>\n-60Hz visoka hitrost sli\u010dic<br \/>\n-objektiv F0.9<br \/>\n-AMOLED 2560\u00d72560 kro\u017eni zaslon<br \/>\n-zamenljiva baterija IBP-7<br \/>\n-gladko digitalno pove\u010devanje: 1\u00d7~8\u00d7<br \/>\n-ultra \u010disti na\u010din<br \/>\n-za\u0161\u010dita o\u010di z nizko svetlostjo, barvno paleto in toplim tonom<br \/>\n-elektronska stabilizacija slike<\/p>\n","protected":false},"excerpt":{"rendered":"<p>Termalna kamera Nocpix VISTA H35 brez razdaljemera &#8211; 35 mm 12 \u03bcm 640&#215;512 &lt;15 mk NET<\/p>\n<p>\u010ce artikel ni na voljo, nas prosimo kontaktirajte: shop@nbg.eu ali +359896147790<\/p>\n<p>\n","protected":false},"featured_media":683901,"template":"","meta":{"_acf_changed":false},"product_brand":[14462],"product_cat":[13454,16100],"product_tag":[],"class_list":{"0":"post-683746","1":"product","2":"type-product","3":"status-publish","4":"has-post-thumbnail","6":"product_brand-nocpix","7":"product_cat-termovizija","8":"product_cat-thermal-cameras-sl","10":"first","11":"instock","12":"taxable","13":"shipping-taxable","14":"purchasable","15":"product-type-simple"},"acf":[],"_links":{"self":[{"href":"https:\/\/nbg.eu\/sl\/wp-json\/wp\/v2\/product\/683746","targetHints":{"allow":["GET"]}}],"collection":[{"href":"https:\/\/nbg.eu\/sl\/wp-json\/wp\/v2\/product"}],"about":[{"href":"https:\/\/nbg.eu\/sl\/wp-json\/wp\/v2\/types\/product"}],"wp:featuredmedia":[{"embeddable":true,"href":"https:\/\/nbg.eu\/sl\/wp-json\/wp\/v2\/media\/683901"}],"wp:attachment":[{"href":"https:\/\/nbg.eu\/sl\/wp-json\/wp\/v2\/media?parent=683746"}],"wp:term":[{"taxonomy":"product_brand","embeddable":true,"href":"https:\/\/nbg.eu\/sl\/wp-json\/wp\/v2\/product_brand?post=683746"},{"taxonomy":"product_cat","embeddable":true,"href":"https:\/\/nbg.eu\/sl\/wp-json\/wp\/v2\/product_cat?post=683746"},{"taxonomy":"product_tag","embeddable":true,"href":"https:\/\/nbg.eu\/sl\/wp-json\/wp\/v2\/product_tag?post=683746"}],"curies":[{"name":"wp","href":"https:\/\/api.w.org\/{rel}","templated":true}]}}