{"id":683919,"date":"2026-01-08T18:14:25","date_gmt":"2026-01-08T15:14:25","guid":{"rendered":"https:\/\/nbg.eu\/product\/toplotna-kamera-nocpix-rico-2-h50r\/"},"modified":"2026-04-14T16:17:52","modified_gmt":"2026-04-14T13:17:52","slug":"toplotna-kamera-nocpix-rico-2-h50r","status":"publish","type":"product","link":"https:\/\/nbg.eu\/sl\/izdelek\/toplotna-kamera-nocpix-rico-2-h50r\/","title":{"rendered":"Nocpix Termi\u010dna Kamera Rico 2 H50R"},"content":{"rendered":"<h2>Nocpix Rico 2 H50R: Strokovnjak za daljinski lov<\/h2>\n<p>Serija termi\u010dnih gledali\u0161\u010d Nocpix RICO 2 H50R je zasnovana za lovce, ki zahtevajo najbolj\u0161e v jasnosti, dosegu in udobju. Oblikovano z vodilnim toplotnim senzorjem v industriji in z visoko hitrostjo okvirjev, zagotavlja izjemno kakovost slike, ki omogo\u010da enostavno identifikacijo tar\u010de in sledenje. Njegova dolga gori\u0161\u010dna razdalja in vgrajen LRF zagotavljajo natan\u010dno merjenje oddaljenih tar\u010d, napredna opti\u010dna zasnova pa omogo\u010da potopljeno do\u017eivetje gledanja brez popa\u010denja. S postopnim ravnanjem z vzvodom za pove\u010davo in izjemnim o\u010desnim odmikom serija Nocpix RICO 2 H50R omogo\u010da lovcem, da preprosto prilagodijo pove\u010davo in se po\u010dutijo udobno med podalj\u0161animi lovi. S svojimi inovativnimi tehnologijami in uporabno zasnovo serija Nocpix RICO 2 H50R res omogo\u010da lov onkraj meja tistega, kar je mogo\u010de.<\/p>\n<h2>Klju\u010dne zna\u010dilnosti:<\/h2>\n<p>Izkoristite prednosti premijskega senzorja druge generacije 12\u03bcm@60Hz, z NETD \u226420mK, za ostre slike z visokim kontrastom in izbolj\u0161ano identifikacijo tar\u010d.<\/p>\n<p>Nocpix RICO 2 H50R je opremljen z ve\u010djimi objektivi (50 mm\/F1.0, 42 mm\/F1.0), kar izbolj\u0161a sposobnost zbiranja svetlobe za izjemno jasnost slike in podalj\u0161an doseg zaznavanja.<\/p>\n<p>Serija RICO 2 vam omogo\u010da enostavno prilagoditev pove\u010dave z gladkim LPVO-stil vzvod za pove\u010davo, kar omogo\u010da hitra in preprosta prilagajanja za zanesljivo vklju\u010devanje tar\u010d na kateri koli razdalji z natan\u010dnostjo.<\/p>\n<p>Serija RICO 2 ima impresiven doseg zaznavanja do 2600 m, kar vam daje pomembno prednost pri daljinskem lovu in natan\u010dnem ciljanju.<\/p>\n<p>Nocpix RICO 2 H50R je opremljen z vgrajenim LRF, ki omogo\u010da lasersko zaznavanje na razdaljah do 1200 m z resni\u010dnim poravnavanjem opti\u010dne osi, kar zagotavlja natan\u010dne meritve razdalje, hkrati pa ohranja eleganten in \u010dist videz.<\/p>\n<p>Poenostavite name\u0161\u010danje strela z avtomatskimi balisti\u010dni izra\u010duni, pri \u010demer uporabite vgrajeni LRF za enostavno doseganje natan\u010dnih zadetkov na dolgih razdaljah.<\/p>\n<p>1,03&#8243; 2560\u00d72560 OLED zaslon (H50R), o\u010desnik brez popa\u010denja, 70 mm o\u010desni odmik in 23 mm izstopna zenica zagotavljajo \u010dist in udoben ogled za podalj\u0161ane seje.<\/p>\n<p>Model H50R je opremljen z brezprecedentnimi 70 mm odmikom, ki zagotavlja maksimalno udobje pri dolgotrajni uporabi brez obremenjevanja o\u010di in zagotavlja varnost o\u010di.<\/p>\n","protected":false},"excerpt":{"rendered":"<p>Toplotna kamera Nocpix Rico 2 H50R. Strokovnjak za dolgometno streljanje. 640&#215;512 senzor, 60Hz, integriran LRF, neprekinjen zoom.<\/p>\n","protected":false},"featured_media":684906,"template":"","meta":{"_acf_changed":false},"product_brand":[14462],"product_cat":[13454,16100],"product_tag":[],"class_list":{"0":"post-683919","1":"product","2":"type-product","3":"status-publish","4":"has-post-thumbnail","6":"product_brand-nocpix","7":"product_cat-termovizija","8":"product_cat-thermal-cameras-sl","10":"first","11":"instock","12":"taxable","13":"shipping-taxable","14":"purchasable","15":"product-type-simple"},"acf":[],"_links":{"self":[{"href":"https:\/\/nbg.eu\/sl\/wp-json\/wp\/v2\/product\/683919","targetHints":{"allow":["GET"]}}],"collection":[{"href":"https:\/\/nbg.eu\/sl\/wp-json\/wp\/v2\/product"}],"about":[{"href":"https:\/\/nbg.eu\/sl\/wp-json\/wp\/v2\/types\/product"}],"wp:featuredmedia":[{"embeddable":true,"href":"https:\/\/nbg.eu\/sl\/wp-json\/wp\/v2\/media\/684906"}],"wp:attachment":[{"href":"https:\/\/nbg.eu\/sl\/wp-json\/wp\/v2\/media?parent=683919"}],"wp:term":[{"taxonomy":"product_brand","embeddable":true,"href":"https:\/\/nbg.eu\/sl\/wp-json\/wp\/v2\/product_brand?post=683919"},{"taxonomy":"product_cat","embeddable":true,"href":"https:\/\/nbg.eu\/sl\/wp-json\/wp\/v2\/product_cat?post=683919"},{"taxonomy":"product_tag","embeddable":true,"href":"https:\/\/nbg.eu\/sl\/wp-json\/wp\/v2\/product_tag?post=683919"}],"curies":[{"name":"wp","href":"https:\/\/api.w.org\/{rel}","templated":true}]}}