{"id":684907,"date":"2026-01-08T18:13:14","date_gmt":"2026-01-08T15:13:14","guid":{"rendered":"https:\/\/nbg.eu\/product\/termalna-kamera-nocpix-ace-h50-12um-640x512-15mk-netd\/"},"modified":"2026-04-14T16:18:19","modified_gmt":"2026-04-14T13:18:19","slug":"termalna-kamera-nocpix-ace-h50-12um-640x512-15mk-netd","status":"publish","type":"product","link":"https:\/\/nbg.eu\/sl\/izdelek\/termalna-kamera-nocpix-ace-h50-12um-640x512-15mk-netd\/","title":{"rendered":"Nocpix Termi\u010dna Kamera ACE H50"},"content":{"rendered":"<h2>Nocpix ACE H50 termalni daljnogled: nenadomestljiva lovska u\u010dinkovitost<\/h2>\n<p>Nocpix ACE H50 termalni daljnogled zdru\u017euje napredne tehnologije z robustno trdnostjo za nenadomestljivo lovsko izku\u0161njo. Ima toplotni senzor z lo\u010dljivostjo 640&#215;512 in NETD \u226412mK za izredno jasnost slike ter doseg zaznavanja 3100 metrov. Inovativni sistem Vision+ ponuja o\u010desno pove\u010davo za jasne poglede od blizu, medtem ko dvojni sistem baterije zagotavlja dolgoro\u010dno uporabo. Izdelan iz visokotrdnega aluminijeve zlitine in ocenjen z IP67, je ta daljnogled zasnovan za odli\u010dno delovanje v vsakem zunanjem okolju in prilagodljivost vsaki situaciji.<\/p>\n<p>Nocpix ACE H50 termalni daljnogled je vrhunsko orodje, zasnovano za preoblikovanje lovske izku\u0161nje, bodisi da se prebijate skozi temno no\u010d ali lovite plen na zahtevnem terenu. Kot del Nocpixovega vodilnega ACE serije, ta termalni opti\u010dni ciljnik izstopa po svoji kakovosti slike in natan\u010dnosti, zahvaljujo\u010d razvitemu visokoresolucijskemu termalnemu senzorju in naprednim sistemom Reality+ in Vision+.<\/p>\n<p>V jedru Nocpix ACE H50 je njegov termalni senzor HD generacije 2, ki se pona\u0161a z lo\u010dljivostjo 640&#215;512 in hitrostjo sli\u010dic 60 Hz, kar zagotavlja izredno stabilno delovanje. Z NETD \u226412mK ta daljnogled zaznava tudi najmanj\u0161e temperaturne razlike, zagotavljajo\u010d podrobne in gladke termi\u010dne slike, idealne za sledenje hitro premikajo\u010dim se ciljem v realnem \u010dasu. Napredni slikovni algoritem Reality+ to \u0161e dodatno izbolj\u0161a z odstranitvijo \u0161uma okoli\u0161ke temperature, kar zagotavlja bolj\u0161i kontrast in jasnost tudi v zahtevnih lovskih razmerah.<\/p>\n<p>ACE H50 je opremljen z objektivom 50mm\/F0.9, ki omogo\u010da 20% ve\u010d svetlobe, ki dose\u017ee senzor, kar ustvarja svetlej\u0161e in jasnej\u0161e slike. To je klju\u010dnega pomena za lovce, ki si prizadevajo za natan\u010dnost, saj izbolj\u0161ana prepustnost svetlobe zagotavlja bolj\u0161o vidljivost v slab\u0161ih svetlobnih razmerah. Poleg tega doseg zaznavanja 3100 metrov lo\u010duje ACE, kar olaj\u0161a dolgoro\u010dno identifikacijo in sledenje oddaljenim ciljem kot \u0161e nikoli prej.<\/p>\n<p>Vgrajeni sistem Vision+ nadgrajuje vizualno izku\u0161njo z okroglim AMOLED zaslonom velikosti 1,03 in\u010da z lo\u010dljivostjo 2560&#215;2560. Njegov sistem opti\u010dnega pove\u010devanja, zasnovan za prepre\u010devanje zamegljenja in popa\u010denja, zna\u010dilnega za tradicionalne elektronske pove\u010dave, lovcem zagotavlja jasne, visokoresolucijske poglede od blizu brez izgube podrobnosti. To zagotavlja potopljeno, udobno izku\u0161njo gledanja, bodisi opazujete plen na daljavo ali ciljate natan\u010dno.<\/p>\n<p>Zasnovan za podalj\u0161ano uporabo na terenu, ACE ima dvojni sistem baterij z vgrajeno baterijo 4000mAh in dodatno izmenljivo baterijo 18650, kar omogo\u010da neprekinjeno delovanje med dalj\u0161imi lovskimi opravili. Trpe\u017ena zasnova iz visokotrdne aluminijeve zlitine zagotavlja, da ACE lahko prenese zahtevna zunanja okolja in intenzivno uporabo, saj je prestal stroge preizkuse odpornosti na udarce. Z vodotesnostjo IP67 daljnogled ostaja zanesljiv v neugodnih vremenskih razmerah, lovcem pa zagotavlja mir ne glede na okolje.<\/p>\n<p>Zasnovan z lovci v mislih, Nocpix ACE H50 vklju\u010duje bistvene zna\u010dilnosti, kot sta video snemanje, ki se aktivira ob sunkih, in zasnova brez zaslonke za enostavno uporabo na terenu. Z uporabniku prijaznimi dodatki, kot so prilagodilnik fokusa, pokrov za polnjenje in mo\u017enost predvajanja videoposnetkov neposredno prek funkcije Galerija, ta daljnogled zdru\u017euje visoke zmogljivosti in priro\u010dnost za optimalno lovsko izku\u0161njo.<\/p>\n","protected":false},"excerpt":{"rendered":"<p>Termi\u010dni daljnogled NocPix ACE H50 nudi lo\u010dljivost 640&#215;512, \u226415mK NETD, doseg detekcije 3100m in dvojni baterijski sistem za izjemno lovsko izku\u0161njo.<\/p>\n<p>\u010ce izdelek ni na voljo, nas kontaktirajte na: shop@nbg.eu ali +359896147790<\/p>\n<p>\n","protected":false},"featured_media":684925,"template":"","meta":{"_acf_changed":false},"product_brand":[14462],"product_cat":[13454,16100],"product_tag":[],"class_list":{"0":"post-684907","1":"product","2":"type-product","3":"status-publish","4":"has-post-thumbnail","6":"product_brand-nocpix","7":"product_cat-termovizija","8":"product_cat-thermal-cameras-sl","10":"first","11":"instock","12":"taxable","13":"shipping-taxable","14":"purchasable","15":"product-type-simple"},"acf":[],"_links":{"self":[{"href":"https:\/\/nbg.eu\/sl\/wp-json\/wp\/v2\/product\/684907","targetHints":{"allow":["GET"]}}],"collection":[{"href":"https:\/\/nbg.eu\/sl\/wp-json\/wp\/v2\/product"}],"about":[{"href":"https:\/\/nbg.eu\/sl\/wp-json\/wp\/v2\/types\/product"}],"wp:featuredmedia":[{"embeddable":true,"href":"https:\/\/nbg.eu\/sl\/wp-json\/wp\/v2\/media\/684925"}],"wp:attachment":[{"href":"https:\/\/nbg.eu\/sl\/wp-json\/wp\/v2\/media?parent=684907"}],"wp:term":[{"taxonomy":"product_brand","embeddable":true,"href":"https:\/\/nbg.eu\/sl\/wp-json\/wp\/v2\/product_brand?post=684907"},{"taxonomy":"product_cat","embeddable":true,"href":"https:\/\/nbg.eu\/sl\/wp-json\/wp\/v2\/product_cat?post=684907"},{"taxonomy":"product_tag","embeddable":true,"href":"https:\/\/nbg.eu\/sl\/wp-json\/wp\/v2\/product_tag?post=684907"}],"curies":[{"name":"wp","href":"https:\/\/api.w.org\/{rel}","templated":true}]}}