{"id":685081,"date":"2026-01-08T18:13:21","date_gmt":"2026-01-08T15:13:21","guid":{"rendered":"https:\/\/nbg.eu\/product\/thermal-monocular-nocpix-lumi-p13\/"},"modified":"2026-04-14T16:18:13","modified_gmt":"2026-04-14T13:18:13","slug":"thermal-monocular-nocpix-lumi-p13","status":"publish","type":"product","link":"https:\/\/nbg.eu\/sl\/izdelek\/thermal-monocular-nocpix-lumi-p13\/","title":{"rendered":"Nocpix Termi\u010dni Monokular LUMI P13"},"content":{"rendered":"<h2>Najve\u010dja u\u010dinkovitost z najmanj\u0161o te\u017eo &#8211; Nocpix LUMI P13: Vedno imejte oko na svojem okolju<\/h2>\n<p>Serija termovizijskih monokuljarjev LUMI je zasnovana za uporabo podnevi in pono\u010di ter vam ponuja izjemno kakovost slike tudi v zahtevnih vremenskih razmerah, kot so megla, smog ali de\u017e. Tudi \u010de ovire, kot so veje, visoka trava ali gosto grmi\u010devje, ote\u017eevajo vidljivost, vam bo ta tehnologija vedno jasno prikazala, kaj je pred vami. Prav tako so tako kompaktni in lahki, da jih lahko enostavno nosite povsod s seboj.<\/p>\n<p>Termokamere LUMI so popolne za razli\u010dne aplikacije, kot so lov, nadzor, varnost, orientacija na terenu ali re\u0161evalne operacije.<\/p>\n<h2>Neprekosljiva zmogljivost slikanja za ultraoster videz<\/h2>\n<p>Serija LUMI postavlja nove standarde v smislu kakovosti slike. Opremljena z najnaprednej\u0161imi algoritmi za obdelavo slike in zmogljivim toplotnim tipalom z NETD &lt; 20 mK, kamera zagotavlja ultraoster in realisti\u010den videz. Zaslon AMOLED z lo\u010dljivostjo 1440 x 1080 slikovnih pik zagotavlja izjemno prikazovanje slike, medtem ko na\u010din Ultra Clear dodatno optimizira jasnost slike, zlasti v te\u017ekih vremenskih razmerah.<\/p>\n<h2>Personalizirana do\u017eivetja gledanja \u2013 Popolnoma prilagodite svojo napravo<\/h2>\n<p>Zahvaljujo\u010d senzorju 256 x 192 slikovnih pik in razli\u010dnim mo\u017enostim prilagajanja lahko napravo popolnoma prilagodite svojim potrebam. Izberite med 5 barvnimi na\u010dini in optimizirajte svoj pogled s 10 stopnjami svetlosti, ostrosti in kontrasta &#8211; tako da nobena podrobnost ne bo spregledana.<\/p>\n<h2>Delitev izku\u0161enj je z LUMI preprosta<\/h2>\n<p>Zajemanje posebnih trenutkov je bistveno za modernega lovca. Z Nocpix LUMI P13 lahko svoje posnetke ne samo enostavno delite prek aplikacije, ampak jih tudi neposredno predvajate na napravi &#8211; idealno za takoj\u0161nje delitev va\u0161ih izku\u0161enj z drugimi.<\/p>\n<h2>Lahko se uporablja fleksibilno zahvaljujo\u010d sistemu zamenljivih baterij<\/h2>\n<p>Serija LUMI je opremljena s standardnimi 18650 baterijami, kar vam daje najve\u010djo fleksibilnost. Ne glede na to, kam greste, boste s prilo\u017eenim polnilcem baterij spet pripravljeni v kratkem &#8211; in lahko nadaljujete svojo misijo.<\/p>\n","protected":false},"excerpt":{"rendered":"<p>Najve\u010dja u\u010dinkovitost z minimalno te\u017eo &#8211; Nocpix LUMI P13: Vedno bodite pozorni na svoj cilj.<\/p>\n","protected":false},"featured_media":685220,"template":"","meta":{"_acf_changed":false},"product_brand":[14462],"product_cat":[16099,13454],"product_tag":[],"class_list":{"0":"post-685081","1":"product","2":"type-product","3":"status-publish","4":"has-post-thumbnail","6":"product_brand-nocpix","7":"product_cat-monoculars-sl","8":"product_cat-termovizija","10":"first","11":"instock","12":"taxable","13":"shipping-taxable","14":"purchasable","15":"product-type-simple"},"acf":[],"_links":{"self":[{"href":"https:\/\/nbg.eu\/sl\/wp-json\/wp\/v2\/product\/685081","targetHints":{"allow":["GET"]}}],"collection":[{"href":"https:\/\/nbg.eu\/sl\/wp-json\/wp\/v2\/product"}],"about":[{"href":"https:\/\/nbg.eu\/sl\/wp-json\/wp\/v2\/types\/product"}],"wp:featuredmedia":[{"embeddable":true,"href":"https:\/\/nbg.eu\/sl\/wp-json\/wp\/v2\/media\/685220"}],"wp:attachment":[{"href":"https:\/\/nbg.eu\/sl\/wp-json\/wp\/v2\/media?parent=685081"}],"wp:term":[{"taxonomy":"product_brand","embeddable":true,"href":"https:\/\/nbg.eu\/sl\/wp-json\/wp\/v2\/product_brand?post=685081"},{"taxonomy":"product_cat","embeddable":true,"href":"https:\/\/nbg.eu\/sl\/wp-json\/wp\/v2\/product_cat?post=685081"},{"taxonomy":"product_tag","embeddable":true,"href":"https:\/\/nbg.eu\/sl\/wp-json\/wp\/v2\/product_tag?post=685081"}],"curies":[{"name":"wp","href":"https:\/\/api.w.org\/{rel}","templated":true}]}}