{"id":68515,"date":"2023-11-29T10:10:20","date_gmt":"2023-11-29T10:10:20","guid":{"rendered":"https:\/\/nbg.eu\/product\/geissele-super-duty-mod1-11-5-5-56mm-ddc\/"},"modified":"2026-04-22T12:23:34","modified_gmt":"2026-04-22T09:23:34","slug":"geissele-super-duty-115-556mm-ddc","status":"publish","type":"product","link":"https:\/\/nbg.eu\/sl\/izdelek\/geissele-super-duty-115-556mm-ddc\/","title":{"rendered":"Geissele Polavtomatska Karabinka Super Duty 11.5&#8243; 5.56 NATO &#8211; DDC"},"content":{"rendered":"<h2>Geissele Super Duty Pi\u0161tola &#8211; 11,5&#8243; 5,56MM<\/h2>\n<p>Geissele Super Duty. Ta 11,5-pal\u010dna pi\u0161tola v 5,56 NATO zdru\u017euje najnovej\u0161o tehnologijo in izdelavo.<\/p>\n<h2>Glavne zna\u010dilnosti:<\/h2>\n<ul>\n<li>11,5&#8243; hladno kovana, s kromom prevle\u010dena cev (1:7&#8243; zavoj)<\/li>\n<li>Natan\u010dno obdelana v Geisselejevem obratu v North Wales, PA<\/li>\n<li>Plinski sistem karabinske dol\u017eine s kompaktnim plinskim blokom<\/li>\n<li>10,5&#8243; SMR MK16 modularna tirnica z M-LOK zdru\u017eljivostjo<\/li>\n<li>Spodnji sprejemnik iz aluminija 7075-T6 s kompletom Ultra Duty delov<\/li>\n<li>Obojestranska nastavljiva varnostna zapora<\/li>\n<li>Super-42 vzmet in H3 bla\u017eilnik<\/li>\n<\/ul>\n<h2>Specifikacije:<\/h2>\n<ul>\n<li>Kaliber: 5,56 NATO<\/li>\n<li>Cev: Geissele hladno kovana, s kromom prevle\u010dena, 1\/7 zavoj<\/li>\n<li>Sprejemniki: Kovani 7075-T6, trdo anodiziran tip III<\/li>\n<li>Nosilec zaklepa: REBCG (izbolj\u0161an nosilec zaklepa)<\/li>\n<li>Spro\u017eilec: SSA-X z Lightning lokom<\/li>\n<li>Ustna naprava: Geissele Sparkout plamenski du\u0161ilec<\/li>\n<li>Ro\u010dica za napenjanje: Airborne<\/li>\n<li>Barva: DDC (Desert Dirt Color)*<\/li>\n<\/ul>\n<p><em>*Opomba: Odtenek DDC anodizacije se lahko razlikuje<\/em><\/p>\n<p>Geissele Super Duty Pi\u0161tola zdru\u017euje natan\u010dnost in zanesljivost v kompaktnem paketu.<\/p>\n","protected":false},"excerpt":{"rendered":"<p>Geissele Super Duty: 11,5-pal\u010dna (29,21 cm) cev, kaliber 5,56 mm, napredna tehnologija, izdelano s preciznostjo.<\/p>\n","protected":false},"featured_media":191262,"template":"","meta":{"_acf_changed":false},"product_brand":[11389],"product_cat":[16205,13415,13483,15843],"product_tag":[],"class_list":{"0":"post-68515","1":"product","2":"type-product","3":"status-publish","4":"has-post-thumbnail","6":"product_brand-geissele","7":"product_cat-ar-15-rifles-sl","8":"product_cat-karabini","9":"product_cat-puska","10":"product_cat-semi-automatic-rifles-sl","12":"first","13":"outofstock","14":"taxable","15":"shipping-taxable","16":"product-type-simple"},"acf":[],"_links":{"self":[{"href":"https:\/\/nbg.eu\/sl\/wp-json\/wp\/v2\/product\/68515","targetHints":{"allow":["GET"]}}],"collection":[{"href":"https:\/\/nbg.eu\/sl\/wp-json\/wp\/v2\/product"}],"about":[{"href":"https:\/\/nbg.eu\/sl\/wp-json\/wp\/v2\/types\/product"}],"wp:featuredmedia":[{"embeddable":true,"href":"https:\/\/nbg.eu\/sl\/wp-json\/wp\/v2\/media\/191262"}],"wp:attachment":[{"href":"https:\/\/nbg.eu\/sl\/wp-json\/wp\/v2\/media?parent=68515"}],"wp:term":[{"taxonomy":"product_brand","embeddable":true,"href":"https:\/\/nbg.eu\/sl\/wp-json\/wp\/v2\/product_brand?post=68515"},{"taxonomy":"product_cat","embeddable":true,"href":"https:\/\/nbg.eu\/sl\/wp-json\/wp\/v2\/product_cat?post=68515"},{"taxonomy":"product_tag","embeddable":true,"href":"https:\/\/nbg.eu\/sl\/wp-json\/wp\/v2\/product_tag?post=68515"}],"curies":[{"name":"wp","href":"https:\/\/api.w.org\/{rel}","templated":true}]}}