{"id":685228,"date":"2026-01-08T18:13:20","date_gmt":"2026-01-08T15:13:20","guid":{"rendered":"https:\/\/nbg.eu\/product\/termovizijski-monokularski-nocpix-lumi-l35r-z-laserskim-daljinomerom\/"},"modified":"2026-04-14T16:18:16","modified_gmt":"2026-04-14T13:18:16","slug":"termovizijski-monokularski-nocpix-lumi-l35r-z-laserskim-daljinomerom","status":"publish","type":"product","link":"https:\/\/nbg.eu\/sl\/izdelek\/termovizijski-monokularski-nocpix-lumi-l35r-z-laserskim-daljinomerom\/","title":{"rendered":"Nocpix Termi\u010dni Monokular LUMI L35R LRF"},"content":{"rendered":"<h2>Termalni monokularna naprava Nocpix LUMI L35R z laserskim razdaljemerom<\/h2>\n<p>Nocpix LUMI L35R je zmogljiva in kompaktna termalna monokularna naprava z vgrajenim laserskim razdaljemerom. S najnaprednej\u0161im senzorjem v svojem razredu z NETD \u226418mK ta termalna kamera zagotavlja visoko lo\u010dljivost tudi v ekstremnih vremenskih pogojih. Lahka in ergonomska zasnova omogo\u010da enostavno uporabo, snemljiv sistem baterij s standardnimi 18650 baterijami pa podalj\u0161an \u010das delovanja.<\/p>\n<p>Vgrajeni laserski razdaljemer omogo\u010da natan\u010dno dolo\u010danje razdalje do cilja, napredni R+ AI algoritmi pa izbolj\u0161ajo podrobnosti slike in izkoristijo celoten potencial senzorja. Monokularna naprava je vodoodporna, odporna proti prahu in zasnovana za udobno zunanjo uporabo, z zna\u010dilnostmi, kot so elektronska stabilizacija slike, barvne palete za dalj\u0161e o\u010di in izredno tihi gumbi.<\/p>\n<p>S senzorskim dosegom do 1800 m je Nocpix LUMI L35R ve\u010dnamenski termalni slikovni senzor za lov, varnost in aktivnosti na prostem. Podprt z 3-letno polno garancijo proizvajalca ta termalna monokularna naprava zagotavlja izjemno u\u010dinkovitost in zanesljivost.<\/p>\n","protected":false},"excerpt":{"rendered":"<p>Termovizijski monokljar Nocpix LUMI L35R z laserskim razdaljemerom: visokoresolucijski senzor \u226418 mK NETD, kompakten in lahek, odstranljiva baterija.<br \/>\n\u010ce izdelek ni na voljo, nas prosimo kontaktirajte: shop@nbg.eu ali +359896147790<\/p>\n","protected":false},"featured_media":685268,"template":"","meta":{"_acf_changed":false},"product_brand":[14462],"product_cat":[16099,13454],"product_tag":[],"class_list":{"0":"post-685228","1":"product","2":"type-product","3":"status-publish","4":"has-post-thumbnail","6":"product_brand-nocpix","7":"product_cat-monoculars-sl","8":"product_cat-termovizija","10":"first","11":"instock","12":"taxable","13":"shipping-taxable","14":"purchasable","15":"product-type-simple"},"acf":[],"_links":{"self":[{"href":"https:\/\/nbg.eu\/sl\/wp-json\/wp\/v2\/product\/685228","targetHints":{"allow":["GET"]}}],"collection":[{"href":"https:\/\/nbg.eu\/sl\/wp-json\/wp\/v2\/product"}],"about":[{"href":"https:\/\/nbg.eu\/sl\/wp-json\/wp\/v2\/types\/product"}],"wp:featuredmedia":[{"embeddable":true,"href":"https:\/\/nbg.eu\/sl\/wp-json\/wp\/v2\/media\/685268"}],"wp:attachment":[{"href":"https:\/\/nbg.eu\/sl\/wp-json\/wp\/v2\/media?parent=685228"}],"wp:term":[{"taxonomy":"product_brand","embeddable":true,"href":"https:\/\/nbg.eu\/sl\/wp-json\/wp\/v2\/product_brand?post=685228"},{"taxonomy":"product_cat","embeddable":true,"href":"https:\/\/nbg.eu\/sl\/wp-json\/wp\/v2\/product_cat?post=685228"},{"taxonomy":"product_tag","embeddable":true,"href":"https:\/\/nbg.eu\/sl\/wp-json\/wp\/v2\/product_tag?post=685228"}],"curies":[{"name":"wp","href":"https:\/\/api.w.org\/{rel}","templated":true}]}}