{"id":685325,"date":"2025-12-17T17:50:25","date_gmt":"2025-12-17T14:50:25","guid":{"rendered":"https:\/\/nbg.eu\/product\/termicni-monokular-nocpix-lumi-l19\/"},"modified":"2026-01-21T11:59:28","modified_gmt":"2026-01-21T08:59:28","slug":"termicni-monokular-nocpix-lumi-l19","status":"publish","type":"product","link":"https:\/\/nbg.eu\/sl\/izdelek\/termicni-monokular-nocpix-lumi-l19\/","title":{"rendered":"Termi\u010dni monokular Nocpix LUMI L19"},"content":{"rendered":"<h2>Maksimalna u\u010dinkovitost z minimalno te\u017eo &#8211; Nocpix LUMI L19: Va\u0161 opazovalec za gozdove in travnike<\/h2>\n<p>Serija termalnih dvogled LUMI je zasnovana za uporabo podnevi in pono\u010di ter vam ponuja izjemno kakovost slike tudi v te\u017ekih vremenskih razmerah, kot so megla, smog ali de\u017e. Tudi \u010de ovire, kot so veje, visoka trava ali gosta vegetacija, ote\u017eujejo vidljivost, lahko s to tehnologijo vedno jasno vidite, kar je pred vami. Poleg tega so tako kompaktni in lahki, da jih lahko povsod lahko nosite s seboj.<\/p>\n<p>Terminske kamere LUMI so popolne za razli\u010dne aplikacije, kot so lov, nadzor, varnost, orientacija na terenu ali iskanje in re\u0161evanje.<\/p>\n<h2>Neprekosljiva kakovost snemanja za ostrooglede slike<\/h2>\n<p>Serija LUMI postavlja nove standarde glede kakovosti slike. Opremljena z najnaprednej\u0161imi algoritmi za obdelavo slik in zmogljivim termi\u010dnim senzorjem z NETD &lt; 18 mK, kamera zagotavlja ostrovidne in realisti\u010dne slike. Zaslon AMOLED z lo\u010dljivostjo 1024 x 768 slikovnih pik zagotavlja izjemno prikazovanje slik, medtem ko na\u010din Ultra Clear \u0161e dodatno optimizira jasnost slike, zlasti v te\u017ekih vremenskih razmerah.<\/p>\n<h2>Prilagojena izku\u0161nja gledanja &#8211; popolnoma prilagodite svojo napravo<\/h2>\n<p>Zahvaljujo\u010d srednje velikemu senzorju 384 x 288 px in razli\u010dnim mo\u017enostim nastavitev lahko napravo popolnoma prilagodite svojim potrebam. Izbirate lahko med 5 barvnimi na\u010dini in optimizirate svoj pogled z 10 stopnjami svetlosti, ostrine in kontrasta &#8211; tako da ni niti enega podrobnosti, ki bi u\u0161la va\u0161i pozornosti.<\/p>\n<h2>Preprosto deljenje izku\u0161enj<\/p>\n<p>Zajemanje posebnih trenutkov je bistveno za sodobnega lovca. Z Nocpix LUMI lahko svoje posnetke ne samo enostavno delite prek aplikacije, ampak jih tudi predvajate neposredno na napravi &#8211; popolno za takoj\u0161nje delitev va\u0161ih izku\u0161enj z drugimi.<\/p>\n<h2>Lahko se uporablja zahvaljujo\u010d odstranljivemu sistemu baterij<\/h2>\n<p>Serija LUMI je opremljena s standardnimi baterijami 18650, kar vam zagotavlja maksimalno prilagodljivost. Ne glede na to, kam greste, boste s prilo\u017eenim polnilcem baterij spet pripravljeni v trenutku &#8211; in lahko nadaljujete svojo misijo.<\/p>\n","protected":false},"excerpt":{"rendered":"<p>Maksimalna u\u010dinkovitost z minimalno te\u017eo \u2013 Nocpix LUMI L19: Va\u0161 opazovalec za gozdove in travnike<\/p>\n","protected":false},"featured_media":685609,"template":"","meta":{"_acf_changed":false},"product_brand":[14462],"product_cat":[13454],"product_tag":[],"class_list":{"0":"post-685325","1":"product","2":"type-product","3":"status-publish","4":"has-post-thumbnail","6":"product_brand-nocpix","7":"product_cat-termovizija","9":"first","10":"outofstock","11":"taxable","12":"shipping-taxable","13":"purchasable","14":"product-type-simple"},"acf":[],"_links":{"self":[{"href":"https:\/\/nbg.eu\/sl\/wp-json\/wp\/v2\/product\/685325","targetHints":{"allow":["GET"]}}],"collection":[{"href":"https:\/\/nbg.eu\/sl\/wp-json\/wp\/v2\/product"}],"about":[{"href":"https:\/\/nbg.eu\/sl\/wp-json\/wp\/v2\/types\/product"}],"wp:featuredmedia":[{"embeddable":true,"href":"https:\/\/nbg.eu\/sl\/wp-json\/wp\/v2\/media\/685609"}],"wp:attachment":[{"href":"https:\/\/nbg.eu\/sl\/wp-json\/wp\/v2\/media?parent=685325"}],"wp:term":[{"taxonomy":"product_brand","embeddable":true,"href":"https:\/\/nbg.eu\/sl\/wp-json\/wp\/v2\/product_brand?post=685325"},{"taxonomy":"product_cat","embeddable":true,"href":"https:\/\/nbg.eu\/sl\/wp-json\/wp\/v2\/product_cat?post=685325"},{"taxonomy":"product_tag","embeddable":true,"href":"https:\/\/nbg.eu\/sl\/wp-json\/wp\/v2\/product_tag?post=685325"}],"curies":[{"name":"wp","href":"https:\/\/api.w.org\/{rel}","templated":true}]}}