{"id":685632,"date":"2025-12-17T17:47:09","date_gmt":"2025-12-17T14:47:09","guid":{"rendered":"https:\/\/nbg.eu\/product\/termalni-monokularski-lumi-h35r-z-laserskim-razdaljemerom\/"},"modified":"2026-01-21T11:58:52","modified_gmt":"2026-01-21T08:58:52","slug":"termalni-monokularski-lumi-h35r-z-laserskim-razdaljemerom","status":"publish","type":"product","link":"https:\/\/nbg.eu\/sl\/izdelek\/termalni-monokularski-lumi-h35r-z-laserskim-razdaljemerom\/","title":{"rendered":"Termalni monokularski LUMI H35R z laserskim razdaljemerom"},"content":{"rendered":"<h2>Toplotni monokular z dosegom senzorja do 1800m, izjemno kompakten in lahek!<\/h2>\n<p>Vgrajen laserski razdaljemer.<\/p>\n<p>Visoko lo\u010dljiv senzor in izjemno zmogljiv: \u2264 18 mK NETD.<\/p>\n<p>Snemljiv sistem baterij z baterijami 18650<\/p>\n<p>Snemanje videa, vodoodporen in izjemno tih.<\/p>\n<p>3-letna polna garancija proizvajalca!<\/p>\n<h2>Ve\u010d funkcij:<\/h2>\n<p>-Vgrajen laserski razdaljemer za natan\u010dno dolo\u010ditev razdalje cilja<\/p>\n<p>-Visoka kakovost slike: Kakovost slike ostane stabilna tudi v ekstremnih vremenskih razmerah.<\/p>\n<p>-Senzor, zasnovan posebej za lovske namene: Zagotavlja stabilno delovanje z NETD \u2264 18mK za bolj\u0161o kakovost slike.<\/p>\n<p>-Objektiv F0.9: 20% ve\u010d prenosa svetlobe v primerjavi z objektivom F1.0 za svetlej\u0161e in jasnej\u0161e slike.<\/p>\n<p>-Optimizacija slike Reality+: Napredni algoritmi izbolj\u0161ajo kakovost slike in odpravijo \u0161um slike.<\/p>\n<p>-Elektronska stabilizacija slike: Za gladke in stabilne videoposnetke.<\/p>\n<p>-Barvne palete z razbremenjevanjem o\u010di: Posebne rde\u010de in zelene palete zmanj\u0161ajo utrujenost o\u010di pri dalj\u0161i uporabi.<\/p>\n<p>-Snemljiva baterija 18650: Z obrnjeno polariteto za enostavno zamenjavo, idealno pono\u010di.<\/p>\n<p>-Ultra tihi gumbi: Nesli\u0161no delovanje, ki ne moti divjih \u017eivali.<\/p>\n<p>-Kompaktna zasnova: Naprava je manj\u0161a od mobilnega telefona in preprosta za prena\u0161anje.<\/p>\n<p>-Za\u0161\u010ditni razred IP67: Za\u0161\u010dita pred prahom in vodoodporen za uporabo v ekstremnih okoljih.<\/p>\n<p>-Ergonomska zasnova: Idealna za uporabo na prostem, udobna in enostavna za uporabo.<\/p>\n<p>-Majhna te\u017ea: Naprava tehta manj kot 345g.<\/p>\n<p>-Izhodno oko 10 mm: Zagotavlja optimalno vidljivost in udoben kot gledanja.<\/p>\n<p>-Zanesljiva pono\u010di: Zaradi tihega in enostavnega delovanja jo je mogo\u010de optimalno uporabljati tudi v temnih okoljih.<\/p>\n<p>-Snemljiva baterija: Omogo\u010da dalj\u0161i \u010das delovanja z menjavo baterij.<\/p>\n<p>-Velika zaslonka: Pove\u010da zajemanje svetlobe in svetlost slike v te\u017ekih svetlobnih pogojih.<\/p>\n<p>-Vgrajen mikrofon: Omogo\u010da snemanje zvoka.<\/p>\n<p>-32GB pomnilnika: Za fotografije, videoposnetke in zvo\u010dne posnetke.<\/p>\n<p>-Enostavna uporaba: Idealno za uporabnike, ki \u017eelijo kompaktno in lahko napravo.<\/p>\n<p>-Algoritmi slikovne obdelave R+ AI: Izbolj\u0161a podrobnosti slike in izkoristi celoten potencial senzorja.<\/p>\n","protected":false},"excerpt":{"rendered":"<p>Najbolj napredni senzor v svojem razredu (&lt;18mK NETD). Integriran laserski razdaljemer. Posebej enostavno za uporabo: lahka in kompaktna ohi\u0161ja. Zamenljiv sistem baterij s standardnimi 18650 baterijami.<\/p>\n<p>\u010ce izdelek ni na voljo, nas kontaktirajte: shop@nbg.eu ali +359896147790<\/p>\n","protected":false},"featured_media":685697,"template":"","meta":{"_acf_changed":false},"product_brand":[14462],"product_cat":[13454],"product_tag":[],"class_list":{"0":"post-685632","1":"product","2":"type-product","3":"status-publish","4":"has-post-thumbnail","6":"product_brand-nocpix","7":"product_cat-termovizija","9":"first","10":"instock","11":"taxable","12":"shipping-taxable","13":"purchasable","14":"product-type-simple"},"acf":[],"_links":{"self":[{"href":"https:\/\/nbg.eu\/sl\/wp-json\/wp\/v2\/product\/685632","targetHints":{"allow":["GET"]}}],"collection":[{"href":"https:\/\/nbg.eu\/sl\/wp-json\/wp\/v2\/product"}],"about":[{"href":"https:\/\/nbg.eu\/sl\/wp-json\/wp\/v2\/types\/product"}],"wp:featuredmedia":[{"embeddable":true,"href":"https:\/\/nbg.eu\/sl\/wp-json\/wp\/v2\/media\/685697"}],"wp:attachment":[{"href":"https:\/\/nbg.eu\/sl\/wp-json\/wp\/v2\/media?parent=685632"}],"wp:term":[{"taxonomy":"product_brand","embeddable":true,"href":"https:\/\/nbg.eu\/sl\/wp-json\/wp\/v2\/product_brand?post=685632"},{"taxonomy":"product_cat","embeddable":true,"href":"https:\/\/nbg.eu\/sl\/wp-json\/wp\/v2\/product_cat?post=685632"},{"taxonomy":"product_tag","embeddable":true,"href":"https:\/\/nbg.eu\/sl\/wp-json\/wp\/v2\/product_tag?post=685632"}],"curies":[{"name":"wp","href":"https:\/\/api.w.org\/{rel}","templated":true}]}}