{"id":685791,"date":"2025-12-18T16:23:59","date_gmt":"2025-12-18T13:23:59","guid":{"rendered":"https:\/\/nbg.eu\/product\/termalne-daljnoglede-nocpix-quest-h35r-lrf-640x512-netd-15mk\/"},"modified":"2026-01-21T12:22:39","modified_gmt":"2026-01-21T09:22:39","slug":"termalne-daljnoglede-nocpix-quest-h35r-lrf-640x512-netd-15mk","status":"publish","type":"product","link":"https:\/\/nbg.eu\/sl\/izdelek\/termalne-daljnoglede-nocpix-quest-h35r-lrf-640x512-netd-15mk\/","title":{"rendered":"Termalne daljnoglede Nocpix Quest H35R LRF 640&#215;512 NETD &lt;15mK"},"content":{"rendered":"<h2>Nocpix QUEST H35R LRF 640&#215;512 toplotne daljnogled<\/h2>\n<p>QUEST je lahek in prenosen, nudi doseg zaznave do 2600 m in vgrajen prikrit LRF z dosegom 1000 m za ve\u010djo natan\u010dnost in vidljivost. Njegov tradicionalni daljnogled ima celoten gumijast pokrov in oceno IP67 za vzdr\u017eljivost in udobje v te\u017ekih pogojih. Opremljen s senzorjem visoke zmogljivosti 640&#215;512 (NETD \u226415 mK, 60 Hz), QUEST zagotavlja izjemno jasnost slike, vrhunsko toplotno ob\u010dutljivost in brezhibno delovanje v zahtevnih okoljih.<\/p>\n<h2>Odli\u010dna vizualna izku\u0161nja<\/h2>\n<p>Nocpix QUEST ima izbolj\u0161anje slike R+ za bolj\u0161o jasnost in natan\u010dnost, zdru\u017eeno z 1920&#215;1200 AMOLED zaslonom za poglobljeno in oko prijazno izku\u0161njo gledanja.<\/p>\n<h2>Odli\u010den senzor zagotavlja odli\u010dnost<\/h2>\n<p>Nocpix QUEST je opremljen z visoko zmogljivim senzorjem (640&#215;512@12\u00b5m), ki zagotavlja izjemno jasnost slike. Z NETD \u226415 mK in hitrostjo sli\u010dic 60 Hz zagotavlja vrhunsko toplotno ob\u010dutljivost, s \u010dimer zagotavlja jasne in vizualne slike celo v najzahtevnej\u0161ih okoljih.<\/p>\n<h2>Zmogljive zmo\u017enosti zaznavanja<\/h2>\n<p>Nocpix QUEST ima doseg zaznave do 2600 m in vgrajen prikriti LRF z dosegom do 1000 m, kar vam omogo\u010da, da vidite dlje in bolj natan\u010dno kot kadarkoli prej. Podpira tudi balisti\u010dne izra\u010dune, s \u010dimer zagotavlja podatkovne podpore za sodelovalni lov.<\/p>\n<h2>Enoro\u010dno upravljanje<\/h2>\n<p>Nocpix QUEST nudi ergonomsko, nezdrsljivo rokovanje s poenostavljenim razporeditvijo 4 gumbov in osrednje name\u0161\u010denimi kro\u017enimi kole\u0161\u010dki za enostavno enoro\u010dno upravljanje in varno oprijemljivost v vseh pogojih.<\/p>\n<h2>Lahek in prenosen<\/h2>\n<p>QUEST tehta samo 700 g in vklju\u010duje posebno nosilno torbo, kar omogo\u010da preprosto prenosljivost in udobje za aktivnosti na prostem, kot sta lov in raziskovanje.<\/p>\n<h2>Odpravite skrbi zaradi napajanja<\/h2>\n<p>Serija QUEST ima dvojno baterijsko zasnovo z vgrajeno in zamenljivo 18650 baterijo, kar zagotavlja preprosto zamenjavo in neprekinjeno uporabo med va\u0161im do\u017eivetjem.<\/p>\n<h2>Najbolj\u0161a izku\u0161nja z daljnogledom<\/h2>\n<p>QUEST ima tradicionalno zasnovo daljnogleda z dovr\u0161enim gumijastim premazom in oznako IP67 za odpornost proti vodi in prahu, kar zagotavlja vzdr\u017eljivost in splo\u0161no udobje.<\/p>\n","protected":false},"excerpt":{"rendered":"<p>Lahke, prenosne termovizijske daljnoglede z dosegom zaznavanja 2600 m, 1000 m laserim razdaljemerom in izjemno jasnostjo slike.<\/p>\n","protected":false},"featured_media":686408,"template":"","meta":{"_acf_changed":false},"product_brand":[14462],"product_cat":[14695,13454],"product_tag":[],"class_list":{"0":"post-685791","1":"product","2":"type-product","3":"status-publish","4":"has-post-thumbnail","6":"product_brand-nocpix","7":"product_cat-daljnogledi","8":"product_cat-termovizija","10":"first","11":"instock","12":"taxable","13":"shipping-taxable","14":"purchasable","15":"product-type-simple"},"acf":[],"_links":{"self":[{"href":"https:\/\/nbg.eu\/sl\/wp-json\/wp\/v2\/product\/685791","targetHints":{"allow":["GET"]}}],"collection":[{"href":"https:\/\/nbg.eu\/sl\/wp-json\/wp\/v2\/product"}],"about":[{"href":"https:\/\/nbg.eu\/sl\/wp-json\/wp\/v2\/types\/product"}],"wp:featuredmedia":[{"embeddable":true,"href":"https:\/\/nbg.eu\/sl\/wp-json\/wp\/v2\/media\/686408"}],"wp:attachment":[{"href":"https:\/\/nbg.eu\/sl\/wp-json\/wp\/v2\/media?parent=685791"}],"wp:term":[{"taxonomy":"product_brand","embeddable":true,"href":"https:\/\/nbg.eu\/sl\/wp-json\/wp\/v2\/product_brand?post=685791"},{"taxonomy":"product_cat","embeddable":true,"href":"https:\/\/nbg.eu\/sl\/wp-json\/wp\/v2\/product_cat?post=685791"},{"taxonomy":"product_tag","embeddable":true,"href":"https:\/\/nbg.eu\/sl\/wp-json\/wp\/v2\/product_tag?post=685791"}],"curies":[{"name":"wp","href":"https:\/\/api.w.org\/{rel}","templated":true}]}}