{"id":686447,"date":"2026-01-08T18:14:39","date_gmt":"2026-01-08T15:14:39","guid":{"rendered":"https:\/\/nbg.eu\/product\/toplotni-nosilec-nocpix-mate-ultra-s60r\/"},"modified":"2026-04-14T16:17:45","modified_gmt":"2026-04-14T13:17:45","slug":"toplotni-nosilec-nocpix-mate-ultra-s60r","status":"publish","type":"product","link":"https:\/\/nbg.eu\/sl\/izdelek\/toplotni-nosilec-nocpix-mate-ultra-s60r\/","title":{"rendered":"Nocpix Termi\u010dni Nastavek Mate Ultra S60R"},"content":{"rendered":"<h2>Pretvori svoj dnevni pogled v sodobni toplotni pu\u0161karski daljnogled z edinim toplotnim monta\u017enim sistemom Nocpix MATE Ultra S60R lo\u010dljivosti 1280&#215;1024 &#8211; najbolj\u0161i sprednjenamestni toplotni monta\u017eni sistem, zasnovan za profesionalne lovce, opazovalce divjih \u017eivali in strelce, ki zahtevajo natan\u010dnost.<\/h2>\n<p>Z najnovej\u0161o tehnologijo zajema slik Nocpix MATE Ultra S60R zagotavlja neprimerljivo jasnost, daljinski doseg zaznavanja in najsodobnej\u0161e funkcije za vrhunsko delovanje v vsakem okolju.<\/p>\n<h2>Izjemna kakovost slike in doseg zaznavanja<\/h2>\n<p>V sredi\u0161\u010du Nocpix MATE Ultra S60R je termoelektri\u010dni senzor 2. generacije s lo\u010dljivostjo 1280\u00d71024 s super finim slikovnim elementom 12 \u03bcm in ob\u010dutljivostjo NETD \u226415mK, ki zagotavlja, da se tudi najmanj\u0161e toplotne razlike odkrijejo. Veliki 60 mm objektiv F1.0 zajame ve\u010d toplotne energije za kristalno \u010diste slike in podalj\u0161an doseg, pri \u010demer zagotavlja razdalje zaznavanja do 3100 m. Ne glede na to, ali zveri spremlja\u0161 ob zori ali skenuje\u0161 \u0161iroka polja pono\u010di, S60R zagotavlja, da nobena podrobnost ne bo ostala neopa\u017eena.<\/p>\n<h2>Napredna obdelava slike z Reality+ AI<\/h2>\n<p>Opremljen z dvojnimi algoritmi obdelave slik &#8211; zmogljivim procesorjem za obdelavo slik v kombinaciji z inteligentno tehnologijo Reality+ &#8211; se MATE Ultra S60R samodejno prilagaja pove\u010davi va\u0161ega daljnogleda. To zagotavlja ostre vizualne predstavitve, natan\u010dno pove\u010davo in doslednost stabilnosti slike, celo v megli, rosenju ali zahtevnih razmerah z majhno osvetlitvijo.<\/p>\n<p>Magic Zoom (brez LITE) &#8211; samodejno prilagajanje slike in vmesnika v realnem \u010dasu za gladko pove\u010davo.<\/p>\n<p>7 razli\u010dnih barvnih palet &#8211; izberite najbolj\u0161i toplotni pogled za vsako situacijo.<\/p>\n<p>AMOLED zaslon 1920\u00d71080 &#8211; izjemno ostre slike z \u017eivahnim kontrastom.<\/p>\n<h2>Zasnovan za natan\u010dnost in eti\u010dno lovstvo<\/h2>\n<p>Z vgrajenim laserskim razdaljemerom (do 1200 m) in integriranim balisti\u010dni ra\u010dunalnikom vam S60R pomaga sprejemati informirane in eti\u010dne odlo\u010ditve o streljanju. Na\u010din slike v sliki (PIP) izbolj\u0161uje natan\u010dnost ciljanja, medtem ko aktivirano snemanje zaradi sunka (RAV) zagotavlja, da so zajeti vsi klju\u010dni trenutki.<\/p>\n<p>Snemanje fotografij, videoposnetkov in zvoka s 64 GB pomnilnika<\/p>\n<p>Wi-Fi in daljinsko povezovanje z N-Link<\/p>\n<p>Tehnologija brez zaslonk za tiho in zanesljivo delovanje<\/p>\n<h2>Trdno, prakti\u010dno in zanesljivo<\/h2>\n<p>Zasnovano za teren je MATE Ultra S60R odporno in enostavno za uporabo. Ima velik 60 mm o\u010desni kos z &lt;1 % distorzije, kar ohranja stabilen vpliv in konsistentno poravnavo do 16x pove\u010dave. Napaja ga zamenljiva baterija 18650 (4x vklju\u010dena za ULTRA), kar zagotavlja dolgotrajno zanesljivost za podalj\u0161ane zunanje sesije.<\/p>\n<h2>Klju\u010dne specifikacije<\/h2>\n<p>&#8211; Senzor 2. generacije s podpragovno vrednostjo NETD \u226415 mK, lo\u010dljivostjo 1280\u00d71024 in hitrostjo 60 Hz (Ultra)<\/p>\n<p>&#8211; Objektiv F1.0 &#8211; superiorno zajemanje svetlobe<\/p>\n<p>&#8211; Domet zaznavanje do 3100 m<\/p>\n<p>&#8211; Vgrajen laserski razdaljemer 1200 m (brez LITE)<\/p>\n<p>&#8211; Obdelava slik Reality+ z umetno inteligenco<\/p>\n<p>&#8211; Podpora za balisti\u010dni izra\u010dun<\/p>\n<p>&#8211; Snemanje fotografij\/videoposnetkov\/zvoka, 64 GB pomnilnika<\/p>\n<p>&#8211; Aktivirano snemanje zaradi sunka (RAV)<\/p>\n<p>&#8211; AMOLED zaslon z lo\u010dljivostjo 1920\u00d71080<\/p>\n<p>&#8211; 7 barvnih palet<\/p>\n<p>&#8211; Zdru\u017eljivost z Wi-Fi\/N-Link daljinskim upravljanjem<\/p>\n<p>&#8211; Zamenljive baterije 18650<\/p>\n<h2>Zakaj izbrati Nocpix MATE Ultra S60R?<\/h2>\n<p>\u010ce i\u0161\u010dete ultimativno termovizijsko monta\u017eno napravo za svoj pu\u0161karski daljnogled, vam MATE Ultra S60R ponuja popolno kombinacijo daljinskega zaznavanja, napredne tehnologije obdelave slik z umetno inteligenco in zanesljivosti za teren. Ne glede na to, ali ga uporabljate za lov, opazovanje divjih \u017eivali ali takti\u010dne aplikacije, postavlja nove standarde za to, kar lahko termovizijska monta\u017ena naprava dose\u017ee.<\/p>\n","protected":false},"excerpt":{"rendered":"<p>Spremenite svoj dnevni pogled v sodobni toplotni opti\u010dni daljnogled s samo 1280&#215;1024 Nocpix MATE Ultra S60R toplotnim nosilcem &#8211; najbolj\u0161im \u010delnim toplotnim nosilcem, namenjen profesionalnim lovcem, opazovalcem divje narave in strelcem, ki zahtevajo natan\u010dnost.<\/p>\n<p>\u010ce izdelka ni na voljo, nas prosimo kontaktirajte na: shop@nbg.eu ali +359896147790<\/p>\n","protected":false},"featured_media":686557,"template":"","meta":{"_acf_changed":false},"product_brand":[14462],"product_cat":[13454,16100],"product_tag":[],"class_list":{"0":"post-686447","1":"product","2":"type-product","3":"status-publish","4":"has-post-thumbnail","6":"product_brand-nocpix","7":"product_cat-termovizija","8":"product_cat-thermal-cameras-sl","10":"first","11":"instock","12":"taxable","13":"shipping-taxable","14":"purchasable","15":"product-type-simple"},"acf":[],"_links":{"self":[{"href":"https:\/\/nbg.eu\/sl\/wp-json\/wp\/v2\/product\/686447","targetHints":{"allow":["GET"]}}],"collection":[{"href":"https:\/\/nbg.eu\/sl\/wp-json\/wp\/v2\/product"}],"about":[{"href":"https:\/\/nbg.eu\/sl\/wp-json\/wp\/v2\/types\/product"}],"wp:featuredmedia":[{"embeddable":true,"href":"https:\/\/nbg.eu\/sl\/wp-json\/wp\/v2\/media\/686557"}],"wp:attachment":[{"href":"https:\/\/nbg.eu\/sl\/wp-json\/wp\/v2\/media?parent=686447"}],"wp:term":[{"taxonomy":"product_brand","embeddable":true,"href":"https:\/\/nbg.eu\/sl\/wp-json\/wp\/v2\/product_brand?post=686447"},{"taxonomy":"product_cat","embeddable":true,"href":"https:\/\/nbg.eu\/sl\/wp-json\/wp\/v2\/product_cat?post=686447"},{"taxonomy":"product_tag","embeddable":true,"href":"https:\/\/nbg.eu\/sl\/wp-json\/wp\/v2\/product_tag?post=686447"}],"curies":[{"name":"wp","href":"https:\/\/api.w.org\/{rel}","templated":true}]}}