{"id":686568,"date":"2026-01-08T18:15:06","date_gmt":"2026-01-08T15:15:06","guid":{"rendered":"https:\/\/nbg.eu\/product\/toplotni-daljnogled-nocpix-mate-h50r\/"},"modified":"2026-04-14T16:17:41","modified_gmt":"2026-04-14T13:17:41","slug":"toplotni-daljnogled-nocpix-mate-h50r","status":"publish","type":"product","link":"https:\/\/nbg.eu\/sl\/izdelek\/toplotni-daljnogled-nocpix-mate-h50r\/","title":{"rendered":"Nocpix Termi\u010dni Namerilnik Mate H50R"},"content":{"rendered":"<h2>Spremenite svoj dnevni opti\u010dni namerilnik v sodobni toplotni namerilnik z Nocpix MATE H50R<\/h2>\n<p>Spremenite svoj dnevni opti\u010dni namerilnik v sodobni toplotni namerilnik z edinim termalnim namerilnikom Nocpix MATE H50R z lo\u010dljivostjo 640X512 &#8211; najbolj\u0161im namerilnikom za monta\u017eo spredaj, namenjen profesionalnim lovcem, opazovalcem divjadi in strelcem, ki zahtevajo natan\u010dnost.<\/p>\n<p>Zgrajen z najsodobnej\u0161o tehnologijo slikanja, Nocpix MATE H50R zagotavlja neprimerljivo jasnost, odkrivanje na dolgih razdaljah in najsodobnej\u0161e funkcije za vrhunsko delovanje v vseh okoljih.<\/p>\n<h2>Izjemna kakovost slike in doseg detekcije<\/h2>\n<p>V jedru Nocpix MATE Ultra H50R je toplotni senzor HD 640X512 druge generacije z izjemno drobno lo\u010dljivostjo slikovnih pik 12 \u03bcm in ob\u010dutljivostjo NETD \u226415mK, kar zagotavlja, da bodo zaznane celo najmanj\u0161e temperaturne razlike. Veliki objektiv 50 mm F1.0 zajame ve\u010d toplotne energije za kristalno jasne slike in podalj\u0161an doseg, ki omogo\u010da odkrivanje na razdaljah do 2600 m. Ne glede na to, ali vohunite jelene ob zori ali pregledujete \u0161iroka polja pono\u010di, H50R zagotavlja, da nobena podrobnost ne bo spregledana.<\/p>\n<h2>Napredna obdelava slike z Reality+ AI<\/h2>\n<p>Opremljen z dvojnimi algoritmi obdelave slike &#8211; zmogljivim slikovnim procesorjem v kombinaciji z inteligentno tehnologijo Reality+ &#8211; se MATE Ultra H50R samodejno prilagaja pove\u010davi va\u0161ega opti\u010dnega namerilnika. To zagotavlja ostro vizualno podobo, natan\u010dno pove\u010davo in stabilnost slike, tudi v megli, rahlem de\u017eju ali zahtevnih razmerah z malo svetlobe.<\/p>\n<h2>Oblikovan za natan\u010dnost in eti\u010dno lovljenje<\/h2>\n<p>Z vgrajenim laserskim razdaljemerom (do 1200 m) in integriranim balisti\u010dni ra\u010dunalnikom vam H50R pomaga pri informiranih in eti\u010dnih odlo\u010ditvah o streljanju. Na\u010din slike v sliki (PIP) izbolj\u0161a natan\u010dnost ciljanja, aktivirano video posnetje ob rekohilu (RAV) pa zagotavlja, da bodo vsaka kriti\u010dna trenutka posneti.<\/p>\n<h2>Trpe\u017een, prakti\u010den in zanesljiv<\/h2>\n<p>Zasnovan za uporabo na terenu je MATE Ultra H50R trpe\u017een in enostaven za uporabo. Ima velik 60 mm okul\u00e1re z manj kot 1 % popa\u010denja, kar ohranja stabilen vpliv na to\u010dko in dosledno poravnavo do 16-kratne pove\u010dave. Napajan z zamenljivimi baterijami 18650 (4x prilo\u017eene za ULTRA) zagotavlja dolgotrajna zanesljivost za podalj\u0161ane outdoor seanse.<\/p>\n","protected":false},"excerpt":{"rendered":"<p>Preoblikujte svoj dnevni pogled v sodoben termi\u010dni pu\u0161karski pogled s 640X512 Nocpix MATE H50R termi\u010dnim nosilcem &#8211; najbolj\u0161im \u010delnim termi\u010dnim nosilcem, zasnovanim za poklicne lovce, opazovalce divjih \u017eivali in strelce, ki zahtevajo natan\u010dnost.<\/p>\n<p>\u010ce izdelek ni na voljo, nas prosimo kontaktirajte: shop@nbg.eu ali +359896147790<\/p>\n","protected":false},"featured_media":686681,"template":"","meta":{"_acf_changed":false},"product_brand":[14462],"product_cat":[13454],"product_tag":[],"class_list":{"0":"post-686568","1":"product","2":"type-product","3":"status-publish","4":"has-post-thumbnail","6":"product_brand-nocpix","7":"product_cat-termovizija","9":"first","10":"instock","11":"taxable","12":"shipping-taxable","13":"purchasable","14":"product-type-simple"},"acf":[],"_links":{"self":[{"href":"https:\/\/nbg.eu\/sl\/wp-json\/wp\/v2\/product\/686568","targetHints":{"allow":["GET"]}}],"collection":[{"href":"https:\/\/nbg.eu\/sl\/wp-json\/wp\/v2\/product"}],"about":[{"href":"https:\/\/nbg.eu\/sl\/wp-json\/wp\/v2\/types\/product"}],"wp:featuredmedia":[{"embeddable":true,"href":"https:\/\/nbg.eu\/sl\/wp-json\/wp\/v2\/media\/686681"}],"wp:attachment":[{"href":"https:\/\/nbg.eu\/sl\/wp-json\/wp\/v2\/media?parent=686568"}],"wp:term":[{"taxonomy":"product_brand","embeddable":true,"href":"https:\/\/nbg.eu\/sl\/wp-json\/wp\/v2\/product_brand?post=686568"},{"taxonomy":"product_cat","embeddable":true,"href":"https:\/\/nbg.eu\/sl\/wp-json\/wp\/v2\/product_cat?post=686568"},{"taxonomy":"product_tag","embeddable":true,"href":"https:\/\/nbg.eu\/sl\/wp-json\/wp\/v2\/product_tag?post=686568"}],"curies":[{"name":"wp","href":"https:\/\/api.w.org\/{rel}","templated":true}]}}