{"id":686695,"date":"2026-01-08T18:14:07","date_gmt":"2026-01-08T15:14:07","guid":{"rendered":"https:\/\/nbg.eu\/product\/termalna-kamera-nocpix-ace-l35-senzor-384x288-35mm-objektiv\/"},"modified":"2026-04-14T16:17:59","modified_gmt":"2026-04-14T13:17:59","slug":"termalna-kamera-nocpix-ace-l35-senzor-384x288-35mm-objektiv","status":"publish","type":"product","link":"https:\/\/nbg.eu\/sl\/izdelek\/termalna-kamera-nocpix-ace-l35-senzor-384x288-35mm-objektiv\/","title":{"rendered":"Nocpix Termi\u010dna Kamera ACE L35"},"content":{"rendered":"<h2>Nocpix ACE L35 toplotna kamera<\/h2>\n<p>Nocpix ACE L35 je zasnovan na ideji zdru\u017eevanja vodilnih funkcij, ki jih zahtevajo uporabniki, v poenostavljeno optiko, ki uravnote\u017ei napredne zmogljivosti z enostavno uporabo na terenu. Zasnovan je tako, da se po\u010duti kot tradicionalna dnevna optika, ACE pa je zdru\u017eljiv z repeticijskimi ali polavtomatskimi pu\u0161kami z uporabo standardnih 30 mm monta\u017e in obro\u010dkov. Kombinacija notranje baterije USB-C in odstranljive 18650 akumulatorske baterije uporabnikom omogo\u010da menjavo baterij na poti za neomejeno delovanje. Daljnogled z 1x do 3x pove\u010davo zagotavlja opti\u010dno pove\u010davo 2560\u00d72560 okrogle AMOLED zaslonske enote v daljnogladu. Sistem Vision+ zdru\u017euje ta visoko lo\u010dljiv zaslon z 18 mK NETD senzorjem za izjemno podrobno in natan\u010dno slikanje.<\/p>\n<p>Nocpix ACE L35 ponuja bolj cenovno ugodno mo\u017enost v liniji ACE za lovce na plenilce in divjo naravo, ki ne potrebujejo laserskega razdaljemera ali senzorja z vi\u0161jo lo\u010dljivostjo. Z izjemno vrednostno ceno ACE L35 ohrani vse ostale zna\u010dilnosti linije termi\u010dnih pu\u0161kogledom ACE.<\/p>\n<p>Opti\u010dni daljnogled z 1-3x pove\u010davo zagotavlja dodatno pove\u010davo zaslona brez spremembe merila ali digitalnega pribli\u017eevanja. Visoko kontrastni okrogli AMOLED zaslon z lo\u010dljivostjo 2560\u00d72560 zagotavlja pove\u010dano jasnost in podrobnost. Poenostavljeni upravljalni elementi ponujajo izbolj\u0161ano ergonomijo in bolj\u0161o uporabni\u0161ko izku\u0161njo na terenu. Uporablja standardne 18650 akumulatorske baterije. Funkcija balisti\u010dne kalkulatorja prikazuje vrednosti upada izstrelka na podlagi vhodov iz laserskega razdaljemera in uporabni\u0161ko prilagojenega profila streliva. Polnjenje naprave prek edinstveno oblikovanega zapornega USB-C priklju\u010dka.<\/p>\n","protected":false},"excerpt":{"rendered":"<p>No\u010dna termokamera Nocpix ACE L35 ima senzor 384&#215;288, 35 mm objektiv, 4-kratno digitalno pove\u010davo in hitrost sli\u010dic 60 Hz, z dosegom zaznavanja 1.800 metrov.<\/p>\n<p>\u010ce artikla ni na voljo, nas kontaktirajte: shop@nbg.eu ali +359896147790<\/p>\n","protected":false},"featured_media":686760,"template":"","meta":{"_acf_changed":false},"product_brand":[14462],"product_cat":[16100],"product_tag":[],"class_list":{"0":"post-686695","1":"product","2":"type-product","3":"status-publish","4":"has-post-thumbnail","6":"product_brand-nocpix","7":"product_cat-thermal-cameras-sl","9":"first","10":"instock","11":"taxable","12":"shipping-taxable","13":"purchasable","14":"product-type-simple"},"acf":[],"_links":{"self":[{"href":"https:\/\/nbg.eu\/sl\/wp-json\/wp\/v2\/product\/686695","targetHints":{"allow":["GET"]}}],"collection":[{"href":"https:\/\/nbg.eu\/sl\/wp-json\/wp\/v2\/product"}],"about":[{"href":"https:\/\/nbg.eu\/sl\/wp-json\/wp\/v2\/types\/product"}],"wp:featuredmedia":[{"embeddable":true,"href":"https:\/\/nbg.eu\/sl\/wp-json\/wp\/v2\/media\/686760"}],"wp:attachment":[{"href":"https:\/\/nbg.eu\/sl\/wp-json\/wp\/v2\/media?parent=686695"}],"wp:term":[{"taxonomy":"product_brand","embeddable":true,"href":"https:\/\/nbg.eu\/sl\/wp-json\/wp\/v2\/product_brand?post=686695"},{"taxonomy":"product_cat","embeddable":true,"href":"https:\/\/nbg.eu\/sl\/wp-json\/wp\/v2\/product_cat?post=686695"},{"taxonomy":"product_tag","embeddable":true,"href":"https:\/\/nbg.eu\/sl\/wp-json\/wp\/v2\/product_tag?post=686695"}],"curies":[{"name":"wp","href":"https:\/\/api.w.org\/{rel}","templated":true}]}}