{"id":686831,"date":"2026-01-08T18:13:27","date_gmt":"2026-01-08T15:13:27","guid":{"rendered":"https:\/\/nbg.eu\/product\/termalna-kamera-nocpix-ace-h50r-12um-640x512-zeiss-rail\/"},"modified":"2026-04-14T17:19:52","modified_gmt":"2026-04-14T14:19:52","slug":"termalna-kamera-nocpix-ace-h50r-12um-640x512-zeiss-rail","status":"publish","type":"product","link":"https:\/\/nbg.eu\/sl\/izdelek\/termalna-kamera-nocpix-ace-h50r-12um-640x512-zeiss-rail\/","title":{"rendered":"Nocpix Termi\u010dna Kamera ACE H50R ZEISS RAIL"},"content":{"rendered":"<h2>Nocpix ACE H50R toplotna pu\u0161\u010di\u010dna optika: Neprimerljna lovska natan\u010dnost in jasnost<\/h2>\n<p>Nocpix ACE H50R toplotna pu\u0161\u010di\u010dna optika zdru\u017euje napredno tehnologijo in robustno vzdr\u017eljivost za neprimerljivo lovsko izku\u0161njo. Ima toplotni senzor z lo\u010dljivostjo 640&#215;512 in NETD \u226412mK za izjemno jasnost slike, doseg detekcije 3100 metrov in vgrajeni daljinomer za natan\u010dne meritve do 1200 metrov. Inovativni sistem Vision+ ponuja o\u010desno pove\u010davo za jasne bli\u017enje poglede, medtem ko dvojni sistem baterij zagotavlja dolgo trajanje. Izdelana iz visokotrdnostne aluminijeve zlitine in ocenjena z IP67, je ta pu\u0161\u010di\u010dna optika zasnovana za odli\u010dno delovanje v katerem koli zunanjem okolju in prilagodljivost vsaki situaciji.<\/p>\n<p>Nocpix ACE H50 toplotna pu\u0161\u010di\u010dna optika je najnovej\u0161e orodje, zasnovano za preoblikovanje lovske izku\u0161nje, ne glede na to, ali se premikate po temnem no\u010dnem ali sledite plenu po zahtevnem terenu. Kot del Nocpixove serije ACE flagship je ta toplotna optika izjemna po kakovosti slike in natan\u010dnosti, zahvaljujo\u010d lastno razvitemu visoko lo\u010dljivemu toplotnemu senzorju in naprednim sistemom Reality+ in Vision+.<\/p>\n<p>V sredi\u0161\u010du Nocpix ACE H50R je njegov toplotni senzor gen-2 HD, ki se pona\u0161a z lo\u010dljivostjo 640&#215;512 in hitrostjo okvirjev 60 Hz, kar zagotavlja izjemno stabilno delovanje. Z NETD \u226412mK ta optika zaznava tudi najmanj\u0161e temperaturne razlike, kar omogo\u010da podrobne in gladke toplotne slike, idealne za sledenje hitro premikajo\u010dim se ciljem v realnem \u010dasu. Napredni algoritem Reality+ dodatno pove\u010da to z odstranitvijo hrupa okoli\u0161ke temperature, kar zagotavlja ve\u010dji kontrast in jasnost celo v zahtevnih lovskih razmerah.<\/p>\n<p>ACE H50R je opremljen s 50 mm \/ F0,9 objektivom, ki omogo\u010da 20% ve\u010d svetlobe, ki dose\u017ee senzor, kar ustvarja svetlej\u0161e in jasnej\u0161e slike. To je klju\u010dnega pomena za lovce, ki stremijo k natan\u010dnosti, saj izbolj\u0161ana svetlobna prepustnost zagotavlja bolj\u0161o vidljivost v okoljih z malo svetlobe. Poleg tega 3100-metrski doseg detekcije ACE izdvaja, kar oddaljenim ciljem omogo\u010da la\u017ejo in u\u010dinkovitej\u0161o identifikacijo in sledenje.<\/p>\n<p>Vgrajeni sistem Vision+ izbolj\u0161a vizualno izku\u0161njo s 1,03-pal\u010dnim okroglim AMOLED zaslonom z lo\u010dljivostjo 2560&#215;2560. Njegov opti\u010dni sistem za pove\u010davo, zasnovan z namenom prepre\u010devanja zamegljevanja in popa\u010denja, zna\u010dilnega za tradicionalne elektronske pove\u010dave, zagotavlja lovcem jasne, visoko lo\u010dljive poglede v bli\u017eino brez izgube podrobnosti. To zagotavlja vseobsegajo\u010do in udobno izku\u0161njo gledanja, ne glede na to, ali gledate plen na daljavo ali ciljate z natan\u010dnostjo.<\/p>\n<p>Zasnovan za podalj\u0161ano uporabo na terenu, ACE ima dvojni sistem baterij z vgrajeno 4000 mAh baterijo in dodatno odstranljivo 18650 baterijo, kar omogo\u010da neprekinjeno delovanje med dolgimi lovskimi sejami. Robustna zasnova iz visokotrdnostne aluminijeve zlitine zagotavlja, da ACE lahko prenese te\u017eke vremenske razmere in intenzivno uporabo ter je prestal zahtevne preizkuse odpornosti na udarce. Z oceno vodotesnosti IP67 optika ostane zanesljiva tudi v te\u017ekih vremenskih razmerah, kar lovcem zagotavlja mir ne glede na okolje.<\/p>\n<p>Nocpix ACE H50R vklju\u010duje bistvene zna\u010dilnosti, kot sta videosnema-nje aktivirano s povratkom in zasnova brez zaklopa za preprosto uporabo na terenu. Z uporabniku prijaznimi dodatki, kot so prilagodljivost fokusa, pokrov za polnjenje in mo\u017enost predvajanja videoposnetkov neposredno prek funkcije Galerija, ta optika zdru\u017euje visoko u\u010dinkovitost in udobje za optimalno lovsko izku\u0161njo.<\/p>\n","protected":false},"excerpt":{"rendered":"<p>Termovizijski daljnogled Nocpix ACE H50R zdru\u017euje napredni 640&#215;512 12um senzor, zaznavanje do 3100m in vgrajen daljinomer za neprimerljivo lovno izku\u0161njo.<br \/>\n\u010ce izdelek ni na voljo, se obrnite na nas: shop@nbg.eu ali +359896147790<\/p>\n","protected":false},"featured_media":686967,"template":"","meta":{"_acf_changed":false},"product_brand":[14462],"product_cat":[16100],"product_tag":[],"class_list":{"0":"post-686831","1":"product","2":"type-product","3":"status-publish","4":"has-post-thumbnail","6":"product_brand-nocpix","7":"product_cat-thermal-cameras-sl","9":"first","10":"instock","11":"taxable","12":"shipping-taxable","13":"purchasable","14":"product-type-simple"},"acf":[],"_links":{"self":[{"href":"https:\/\/nbg.eu\/sl\/wp-json\/wp\/v2\/product\/686831","targetHints":{"allow":["GET"]}}],"collection":[{"href":"https:\/\/nbg.eu\/sl\/wp-json\/wp\/v2\/product"}],"about":[{"href":"https:\/\/nbg.eu\/sl\/wp-json\/wp\/v2\/types\/product"}],"wp:featuredmedia":[{"embeddable":true,"href":"https:\/\/nbg.eu\/sl\/wp-json\/wp\/v2\/media\/686967"}],"wp:attachment":[{"href":"https:\/\/nbg.eu\/sl\/wp-json\/wp\/v2\/media?parent=686831"}],"wp:term":[{"taxonomy":"product_brand","embeddable":true,"href":"https:\/\/nbg.eu\/sl\/wp-json\/wp\/v2\/product_brand?post=686831"},{"taxonomy":"product_cat","embeddable":true,"href":"https:\/\/nbg.eu\/sl\/wp-json\/wp\/v2\/product_cat?post=686831"},{"taxonomy":"product_tag","embeddable":true,"href":"https:\/\/nbg.eu\/sl\/wp-json\/wp\/v2\/product_tag?post=686831"}],"curies":[{"name":"wp","href":"https:\/\/api.w.org\/{rel}","templated":true}]}}