{"id":686997,"date":"2025-12-18T18:25:22","date_gmt":"2025-12-18T15:25:22","guid":{"rendered":"https:\/\/nbg.eu\/product\/termalna-kamera-nocpix-bolt-l35r\/"},"modified":"2026-02-27T15:50:53","modified_gmt":"2026-02-27T12:50:53","slug":"termalna-kamera-nocpix-bolt-l35r","status":"publish","type":"product","link":"https:\/\/nbg.eu\/sl\/izdelek\/termalna-kamera-nocpix-bolt-l35r\/","title":{"rendered":"Termalna kamera Nocpix Bolt L35R"},"content":{"rendered":"<h2>Popoln za\u010detek va\u0161e no\u010dne lova: Nocpix Bolt L35R termi\u010dna kamera<\/h2>\n<p>Zasnovano za za\u010detnike, ki si \u017eelijo jasnosti, vse-v-enem priro\u010dnosti in samozavesti od prvega dne, zdru\u017euje Nocpix BOLT ostre termalne posnetke, vgrajeni razdaljemer in pametna balisti\u010dna orodja v kompaktno, enostavno za uporabo zasnovo &#8211; za\u010detnikom lovcem dajejo to\u010dno to, kar potrebujejo, da lovijo pametno in streljajo samozavestno.<\/p>\n<h2>Jasno vidite, natan\u010dno identificirajte<\/h2>\n<p>Zamegljene slike in te\u017eko vidne tar\u010de so pogosta te\u017eava novih uporabnikov termi\u010dnih daljnogled, predvsem v temi. Prav zato je BOLT opremljen s termi\u010dnim senzorjem, ki ga je podjetje samo razvilo in ima \u226420mK NETD in visoko hitrost sli\u010dic 50Hz, kar vam daje gladke, visoko lo\u010dljive slike tudi v te\u017ekih razmerah. Z na\u0161im algoritmom Reality+ obdelava slike BOLT prodre skozi meglo, grmovje in temo ter zagotavlja ostre vizualne in zanesljivo identifikacijo tar\u010de.<\/p>\n<h2>Ostanite lahki, ostanite osredoto\u010deni<\/h2>\n<p>Kot nov lovec, posebej ko se \u0161e privajate na mirno premikanje in ostajanje osredoto\u010deni. Prav zato Nocpix BOLT ohranja stvari preproste. Tehta samo 880 gramov in ima kompaktno, enakomerno obliko, tako da je enostavno za no\u0161enje, name\u0161\u010danje in upravljanje, tudi na dolgih lovskih izletih.<\/p>\n<h2>Poznajte razdaljo, lovite samozavestno<\/h2>\n<p>Za nove lovce je ocenjevanje razdalje lahko te\u017eko, zgre\u0161eni streli pa lahko na\u010dnejo njihovo samozavest. BOLT odpravlja stres streljanja z vgrajenim laserskim razdaljemerom 1.200 metrov in pametnim balisti\u010dni ra\u010dunalom. Dobite natan\u010dne od\u010ditke razdalje in takoj\u0161njo podporo pri ciljanju, kar vam pomaga, da vsak strel zadene to\u010dno tam, kjer je treba. Od prvega lova naprej daje BOLT za\u010detnikom prednost, ki jo potrebujejo za pametnej\u0161e in doslednej\u0161e streljanje.<\/p>\n<h2>Lovite cel dan brez skrbi za napajanje<\/h2>\n<p>Iz\u010drpana baterija med lovom je no\u010dna mora vsakega novega lovca. Zato je BOLT zasnovan z dvojnim sistemom baterij &#8211; dolgotrajna 5000mAh vgrajena baterija plus odstranljiva 18650 rezervna baterija. S skupno zmogljivostjo 9000mAh imate do 12 ur neprekinjena uporaba. Brez stresa, brez prekinitev &#8211; samo mo\u010d, ki je z vami od son\u010dnega vzhoda do zahoda.<\/p>\n<h2>Pametna oprema, anga\u017eirano lovljenje<\/h2>\n<p>Za za\u010detnike je navajanje na novo opremo lahko te\u017eko. BOLT postopek olaj\u0161a s prilagodljivimi nitnimi kri\u017eci, nastavljivimi nastavitvami streljanja in sedmimi barvnimi paletami za razli\u010dna okolja. Poleg tega vam povezava z aplikacijo omogo\u010da, da prilagodite svojo nastavitev in delite svoja do\u017eivetja, kar vsak lov naredi ne le pametnej\u0161i, ampak tudi bolj zabaven in nagrajevalen.<\/p>\n<h2>Robustna zasnova, zanesljive zmogljivosti<\/h2>\n<p>Ko \u0161ele za\u010denjate, je zadnja stvar, s katero se \u017eelite ukvarjati, to, da se vam va\u0161a oprema pokvari na terenu. BOLT je zgrajen trdno z enodelnim aluminijastim ohi\u0161jem in odpornostjo na prah in vodo IP67. Preizku\u0161en je za prena\u0161anje padcev in mo\u010dnih odsunov, zato ostane zanesljiv in natan\u010den ne glede na to, kako te\u017eke so razmere.<\/p>\n","protected":false},"excerpt":{"rendered":"<p>Toplotna kamera Nocpix Bolt L35R ponuja ostre toplotne slike, vgrajeni razdaljemer in pametna balisti\u010dna orodja v kompaktni in enostavni zasnovi za nove no\u010dne lovce.<\/p>\n<p>\u010ce izdelek ni na voljo, nas prosimo kontaktirajte: shop@nbg.eu ali +359896147790<\/p>\n","protected":false},"featured_media":687407,"template":"","meta":{"_acf_changed":false},"product_brand":[14462],"product_cat":[2876],"product_tag":[],"class_list":{"0":"post-686997","1":"product","2":"type-product","3":"status-publish","4":"has-post-thumbnail","6":"product_brand-nocpix","7":"product_cat-rahohvatki","9":"first","10":"instock","11":"taxable","12":"shipping-taxable","13":"purchasable","14":"product-type-simple"},"acf":[],"_links":{"self":[{"href":"https:\/\/nbg.eu\/sl\/wp-json\/wp\/v2\/product\/686997","targetHints":{"allow":["GET"]}}],"collection":[{"href":"https:\/\/nbg.eu\/sl\/wp-json\/wp\/v2\/product"}],"about":[{"href":"https:\/\/nbg.eu\/sl\/wp-json\/wp\/v2\/types\/product"}],"wp:featuredmedia":[{"embeddable":true,"href":"https:\/\/nbg.eu\/sl\/wp-json\/wp\/v2\/media\/687407"}],"wp:attachment":[{"href":"https:\/\/nbg.eu\/sl\/wp-json\/wp\/v2\/media?parent=686997"}],"wp:term":[{"taxonomy":"product_brand","embeddable":true,"href":"https:\/\/nbg.eu\/sl\/wp-json\/wp\/v2\/product_brand?post=686997"},{"taxonomy":"product_cat","embeddable":true,"href":"https:\/\/nbg.eu\/sl\/wp-json\/wp\/v2\/product_cat?post=686997"},{"taxonomy":"product_tag","embeddable":true,"href":"https:\/\/nbg.eu\/sl\/wp-json\/wp\/v2\/product_tag?post=686997"}],"curies":[{"name":"wp","href":"https:\/\/api.w.org\/{rel}","templated":true}]}}