{"id":687699,"date":"2026-01-08T18:14:10","date_gmt":"2026-01-08T15:14:10","guid":{"rendered":"https:\/\/nbg.eu\/product\/termicni-monokular-lumi-h35\/"},"modified":"2026-04-14T16:17:56","modified_gmt":"2026-04-14T13:17:56","slug":"termicni-monokular-lumi-h35","status":"publish","type":"product","link":"https:\/\/nbg.eu\/sl\/izdelek\/termicni-monokular-lumi-h35\/","title":{"rendered":"Nocpix Termi\u010dni Monokular LUMI H35"},"content":{"rendered":"<h2>Nocpix LUMI H35: Va\u0161 nepogre\u0161ljivi spremljevalec za vse aplikacije<\/h2>\n<p>Serija termi\u010dnih monokularjev LUMI je zasnovana za uporabo podnevi in pono\u010di ter vam ponuja izjemno kakovost slike tudi v te\u017ekih vremenskih razmerah, kot so megla, smog ali de\u017e. Tudi \u010de ovire, kot so veje, visoka trava ali gosto rastje, ote\u017eujejo vidljivost, vam ta tehnologija omogo\u010da, da vedno jasno vidite, kar je pred vami. Poleg tega so tako kompaktni in lahki, da jih lahko enostavno nosite s seboj povsod.<\/p>\n<p>Terminske kamere LUMI so popolne za razli\u010dne aplikacije, kot so lov, nadzor, varnost, orientacija v terenu ali re\u0161evalne operacije.<\/p>\n<h2>Neprekosljiva kakovost slike za ostro-ostre slike<\/h2>\n<p>Serija LUMI postavlja nove standarde glede kakovosti slike. Opremljena z najbolj naprednimi algoritmi za obdelavo slike in zmogljivim termi\u010dnim senzorjem z NETD &lt; 18 mK, kamera zagotavlja ostro-ostre in realisti\u010dne slike. Zaslon AMOLED z lo\u010dljivostjo 1024 x 768 slikovnih pik zagotavlja izjemno predstavitev slike, medtem ko na\u010din Ultra Clear dodatno optimizira jasnost slike, zlasti v te\u017ekih vremenskih razmerah.<\/p>\n<h2>Prilagodljiva izku\u0161nja gledanja &#8211; popolno prilagodite svojo napravo<\/h2>\n<p>Zahvaljujo\u010d velikemu senzorju 640 x 512 px in razli\u010dnim mo\u017enostim prilagajanja lahko napravo popolnoma prilagodite svojim potrebam. Izberite med 5 barvnimi na\u010dini in optimizirajte svoj pogled z 10 ravnmi svetlosti, ostrosti in kontrasta &#8211; tako da nobena podrobnost ne bo spregledana.<\/p>\n<h2>Delitev izku\u0161enj je preprosto z LUMI<\/h2>\n<p>Za sodobnega lovca je zajetje posebnih trenutkov pomembno. Z Nocpix LUMI H35 lahko ne samo priro\u010dno delite svoje posnetke prek aplikacije, ampak jih tudi predvajate neposredno na napravi &#8211; idealno za takoj\u0161nje deljenje svojih izku\u0161enj z drugimi.<\/p>\n<h2>Fleksibilna uporaba zahvaljujo\u010d zamenljivemu sistemu baterij<\/h2>\n<p>Serija LUMI je opremljena s standardnimi baterijami 18650, kar vam ponuja najve\u010djo fleksibilnost. Ne glede na to, kje ste, boste s prilo\u017eenim polnilcem za baterije kmalu spet pripravljeni za akcijo &#8211; in lahko nadaljujete svojo misijo.<\/p>\n","protected":false},"excerpt":{"rendered":"<p>Nocpix LUMI H35: Va\u0161 nepogre\u0161ljiv spremljevalec za vse aplikacije. Senzor 640 z 18 mK, AMOLED zaslon z 1024 \u00d7 768 slikovnimi to\u010dkami, odstranljiva baterija 18650, doseg zaznavanja pribli\u017eno 1800 metrov, kompaktna zasnova.<\/p>\n<p>\u010ce izdelek ni na voljo, nas prosimo kontaktirajte: shop@nbg.eu ali +359896147790<\/p>\n","protected":false},"featured_media":687806,"template":"","meta":{"_acf_changed":false},"product_brand":[14462],"product_cat":[16099,13454],"product_tag":[],"class_list":{"0":"post-687699","1":"product","2":"type-product","3":"status-publish","4":"has-post-thumbnail","6":"product_brand-nocpix","7":"product_cat-monoculars-sl","8":"product_cat-termovizija","10":"first","11":"instock","12":"taxable","13":"shipping-taxable","14":"purchasable","15":"product-type-simple"},"acf":[],"_links":{"self":[{"href":"https:\/\/nbg.eu\/sl\/wp-json\/wp\/v2\/product\/687699","targetHints":{"allow":["GET"]}}],"collection":[{"href":"https:\/\/nbg.eu\/sl\/wp-json\/wp\/v2\/product"}],"about":[{"href":"https:\/\/nbg.eu\/sl\/wp-json\/wp\/v2\/types\/product"}],"wp:featuredmedia":[{"embeddable":true,"href":"https:\/\/nbg.eu\/sl\/wp-json\/wp\/v2\/media\/687806"}],"wp:attachment":[{"href":"https:\/\/nbg.eu\/sl\/wp-json\/wp\/v2\/media?parent=687699"}],"wp:term":[{"taxonomy":"product_brand","embeddable":true,"href":"https:\/\/nbg.eu\/sl\/wp-json\/wp\/v2\/product_brand?post=687699"},{"taxonomy":"product_cat","embeddable":true,"href":"https:\/\/nbg.eu\/sl\/wp-json\/wp\/v2\/product_cat?post=687699"},{"taxonomy":"product_tag","embeddable":true,"href":"https:\/\/nbg.eu\/sl\/wp-json\/wp\/v2\/product_tag?post=687699"}],"curies":[{"name":"wp","href":"https:\/\/api.w.org\/{rel}","templated":true}]}}