{"id":687814,"date":"2026-01-08T18:13:58","date_gmt":"2026-01-08T15:13:58","guid":{"rendered":"https:\/\/nbg.eu\/product\/toplotna-kamera-ace-s60r\/"},"modified":"2026-04-14T16:18:02","modified_gmt":"2026-04-14T13:18:02","slug":"toplotna-kamera-ace-s60r","status":"publish","type":"product","link":"https:\/\/nbg.eu\/sl\/izdelek\/toplotna-kamera-ace-s60r\/","title":{"rendered":"Nocpix Termi\u010dna Kamera ACE S60R"},"content":{"rendered":"<h2>Opis izdelka<\/h2>\n<p>\n","protected":false},"excerpt":{"rendered":"<p>Termovizijski daljnogled Nocpix ACE S60R je najnovej\u0161e orodje za vrhunske lovce, ki ponuja neprimerljivo jasnost, natan\u010dnost in zanesljivost v najbolj zahtevnih okoljih. Njegov Gen-2 HD termi\u010dni senzor, 60mm\/F1.0 objektiv in napreden sistem Vision+ zagotavljajo izjemno kakovost slike, medtem ko integrirani laserski razdaljemer, balisti\u010dni izra\u010dun in dvojni baterijski sistem zagotavljajo natan\u010dnost in podalj\u0161ano uporabo. Izdelan iz obstojne aluminijeve zlitine in ocenjen z IP67, je ACE S60R zgrajen, da zdr\u017ei najte\u017eje pogoje.<\/p>\n<p>\u010ce artikel ni na voljo, nas prosimo kontaktirajte: shop@nbg.eu ali +359896147790<\/p>\n","protected":false},"featured_media":687947,"template":"","meta":{"_acf_changed":false},"product_brand":[14462],"product_cat":[16100],"product_tag":[],"class_list":{"0":"post-687814","1":"product","2":"type-product","3":"status-publish","4":"has-post-thumbnail","6":"product_brand-nocpix","7":"product_cat-thermal-cameras-sl","9":"first","10":"instock","11":"taxable","12":"shipping-taxable","13":"purchasable","14":"product-type-simple"},"acf":[],"_links":{"self":[{"href":"https:\/\/nbg.eu\/sl\/wp-json\/wp\/v2\/product\/687814","targetHints":{"allow":["GET"]}}],"collection":[{"href":"https:\/\/nbg.eu\/sl\/wp-json\/wp\/v2\/product"}],"about":[{"href":"https:\/\/nbg.eu\/sl\/wp-json\/wp\/v2\/types\/product"}],"wp:featuredmedia":[{"embeddable":true,"href":"https:\/\/nbg.eu\/sl\/wp-json\/wp\/v2\/media\/687947"}],"wp:attachment":[{"href":"https:\/\/nbg.eu\/sl\/wp-json\/wp\/v2\/media?parent=687814"}],"wp:term":[{"taxonomy":"product_brand","embeddable":true,"href":"https:\/\/nbg.eu\/sl\/wp-json\/wp\/v2\/product_brand?post=687814"},{"taxonomy":"product_cat","embeddable":true,"href":"https:\/\/nbg.eu\/sl\/wp-json\/wp\/v2\/product_cat?post=687814"},{"taxonomy":"product_tag","embeddable":true,"href":"https:\/\/nbg.eu\/sl\/wp-json\/wp\/v2\/product_tag?post=687814"}],"curies":[{"name":"wp","href":"https:\/\/api.w.org\/{rel}","templated":true}]}}