{"id":688022,"date":"2025-10-17T23:10:38","date_gmt":"2025-10-17T20:10:38","guid":{"rendered":"https:\/\/nbg.eu\/product\/delno-avtomatska-pistola-kmr-w-02-spectra-s-kal-9x19\/"},"modified":"2026-04-16T18:56:15","modified_gmt":"2026-04-16T15:56:15","slug":"delno-avtomatska-pistola-kmr-w-02-spectra-s-kal-9x19","status":"publish","type":"product","link":"https:\/\/nbg.eu\/sl\/izdelek\/delno-avtomatska-pistola-kmr-w-02-spectra-s-kal-9x19\/","title":{"rendered":"KMR Polavtomatska Pi\u0161tola W-02 SPECTRA S"},"content":{"rendered":"<h2>KMR W-02 SPECTRA S OR polsamavtomatski pi\u0161tol &#8211; 9&#215;19 kaliber<\/h2>\n<p>Hitrost v kombinaciji z kompaktnostjo. KMR W-02 SPECTRA S OR je pi\u0161tol z bolj kompaktno zasnovo z zmanj\u0161anim ro\u010dajem. Kot pri na\u0161ih drugih modelih, lahko pri\u010dakujete visoko natan\u010dnost in gladko, teko\u010de delovanje s tem pi\u0161tolom. Pi\u0161tol je opremljen z BRS sistemom stabilizacije cevi, KMR dodatki, povsem nastavljivim zadnjim merkom, tekmovalnim batom in vmesnikom za optiko.<\/p>\n<p>Lastnosti:<\/p>\n<ul>\n<li>5&#8243; te\u017eka, utorjena, nitrirana cev<\/li>\n<li>BRS \u2013 sistem obro\u010dev cevi \u2013 sistem stabilizacije cevi v zaklepu<\/li>\n<li>Okvir in zaklep iz jekla, CNC obdelana iz trdnega bloka<\/li>\n<li>Nitriran okvir in zaklep &#8211; \u010drn<\/li>\n<li>Okvir zmanj\u0161an na obmo\u010dju ro\u010daja<\/li>\n<li>Vmesnik pripravljen za optiko (OR)<\/li>\n<li>Sprednjestavek z opti\u010dnim vlaknom (1 mm)<\/li>\n<li>Povsem nastavljiv OR zadnji merek<\/li>\n<li>Mehanizem spro\u017eilca SA\/DA<\/li>\n<li>Jekleni nazob\u010dani SA\/DA spro\u017eilec z nastavljivim premikom &#8211; \u010drn<\/li>\n<li>Kratek povratek<\/li>\n<li>Tekmovalni SA\/DA bat<\/li>\n<li>Podalj\u0161ana leva ro\u010dna varovalka<\/li>\n<li>Ploska desna ro\u010dna varovalka<\/li>\n<li>Ro\u010daji iz durala WAVES &#8211; temno rde\u010di<\/li>\n<li>Nastavljivi duralumin gumb za sprostitev nabojnika &#8211; \u010drn<\/li>\n<li>Nabojnik 9\u00d719, 9\u00d721 s kapaciteto 17 nabojev<\/li>\n<li>Nabojnik &#8211; 3x<\/li>\n<li>KMR ovitek za pi\u0161tol, \u010distilni komplet, KMR olje, orodje za monta\u017eo cevi, vzmet udarne igle 14 funtov, vzmeti za povratak 11 funtov, 13 funtov, komplet bla\u017eilcev, \u0161estrobi klju\u010di, lepilo, garancijski list, navodila za uporabo<\/li>\n<\/ul>\n<p>Specifikacije:<\/p>\n<ul>\n<li>Kaliber: 9\u00d719, 9\u00d721<\/li>\n<li>Skupna dol\u017eina: 220 mm \/ 8,7 in<\/li>\n<li>Dol\u017eina zaklepa: 194 mm \/ 7,6 in<\/li>\n<li>Skupna \u0161irina: 39 mm \/ 1,5 in<\/li>\n<li>\u0160irina zaklepa: 26 mm \/ 1 in<\/li>\n<li>Skupna vi\u0161ina: 146 mm \/ 5,7 in<\/li>\n<li>Vi\u0161ina merka: 177 mm \/ 7 in<\/li>\n<li>Dol\u017eina cevi: 127 mm \/ 5 in<\/li>\n<li>Kapaciteta nabojnika: 17<\/li>\n<li>Mehanizem spro\u017eilca: SA \/ DA<\/li>\n<li>Sila spro\u017eilca: 17,5 N \/ 45 N<\/li>\n<li>Vzmet za povratek: 12 funtov<\/li>\n<li>Vzmet udarne igle: 17 funtov<\/li>\n<li>Te\u017ea (brez nabojnika): 1230 g \/ 43,4 oz<\/li>\n<li>Te\u017ea (z praznim nabojnikom): 1320 g \/ 46,6 oz<\/li>\n<\/ul>\n","protected":false},"excerpt":{"rendered":"<p>Hitrost v kombinaciji z zgo\u0161\u010denostjo. Pi\u0161tola KMR W-02 SPECTRA S OR ima bolj kompaktno zasnovo z zmanj\u0161anim ro\u010dajem. Kot pri drugih na\u0161ih modelih, lahko od te pi\u0161tole pri\u010dakujete visoko natan\u010dnost in gladko, teko\u010de delovanje. Pi\u0161tola je opremljena z BRS sistemom stabilizacije cevi, dodatki KMR, popolnoma nastavljivi zadnji merek in vmesnikom, pripravljen za optiko.<\/p>\n","protected":false},"featured_media":688055,"template":"","meta":{"_acf_changed":false},"product_brand":[11509],"product_cat":[13482],"product_tag":[],"class_list":{"0":"post-688022","1":"product","2":"type-product","3":"status-publish","4":"has-post-thumbnail","6":"product_brand-kmr-precision","7":"product_cat-pistole","9":"first","10":"instock","11":"taxable","12":"shipping-taxable","13":"purchasable","14":"product-type-simple"},"acf":[],"_links":{"self":[{"href":"https:\/\/nbg.eu\/sl\/wp-json\/wp\/v2\/product\/688022","targetHints":{"allow":["GET"]}}],"collection":[{"href":"https:\/\/nbg.eu\/sl\/wp-json\/wp\/v2\/product"}],"about":[{"href":"https:\/\/nbg.eu\/sl\/wp-json\/wp\/v2\/types\/product"}],"wp:featuredmedia":[{"embeddable":true,"href":"https:\/\/nbg.eu\/sl\/wp-json\/wp\/v2\/media\/688055"}],"wp:attachment":[{"href":"https:\/\/nbg.eu\/sl\/wp-json\/wp\/v2\/media?parent=688022"}],"wp:term":[{"taxonomy":"product_brand","embeddable":true,"href":"https:\/\/nbg.eu\/sl\/wp-json\/wp\/v2\/product_brand?post=688022"},{"taxonomy":"product_cat","embeddable":true,"href":"https:\/\/nbg.eu\/sl\/wp-json\/wp\/v2\/product_cat?post=688022"},{"taxonomy":"product_tag","embeddable":true,"href":"https:\/\/nbg.eu\/sl\/wp-json\/wp\/v2\/product_tag?post=688022"}],"curies":[{"name":"wp","href":"https:\/\/api.w.org\/{rel}","templated":true}]}}