{"id":688150,"date":"2025-10-17T23:30:59","date_gmt":"2025-10-17T20:30:59","guid":{"rendered":"https:\/\/nbg.eu\/product\/delno-avtomatska-pistola-kmr-umbra-w-02-kal-9x19-z-navitim-ustjem\/"},"modified":"2026-04-16T18:56:12","modified_gmt":"2026-04-16T15:56:12","slug":"delno-avtomatska-pistola-kmr-umbra-w-02-kal-9x19-z-navitim-ustjem","status":"publish","type":"product","link":"https:\/\/nbg.eu\/sl\/izdelek\/delno-avtomatska-pistola-kmr-umbra-w-02-kal-9x19-z-navitim-ustjem\/","title":{"rendered":"KMR Polavtomatska Pi\u0161tola W-02 UMBRA z Navojno Cevjo"},"content":{"rendered":"<h2>KMR W-02 UMBRA OR &#8211; Mo\u010dan in kompakten pi\u0161tola za tekmovalno streljanje<\/h2>\n<p>S to kompaktno pi\u0161tolo se ne boste izgubili v tekmovanju, nasprotno, lahko presenetite.<\/p>\n<p>Pi\u0161tola je opremljena z dodatki KMR in sistemom stabilizacije cevi BRS, kar pomeni zadetke v sredino tar\u010de.<\/p>\n<p>Ta model ni namenjen le za \u0161portno streljanje, ampak za vse strastne strelce.<\/p>\n<h2>Klju\u010dne lastnosti<\/h2>\n<ul>\n<li>4,5&#8243; te\u017eka, rebrasta, nitridirana cev<\/li>\n<li>BRS \u2013 sistem obro\u010dev cevi \u2013 sistem stabilizacije cevi v zaklepu<\/li>\n<li>Okvir in zaklep iz jekla, CNC obdelani iz trdnega bloka<\/li>\n<li>Nitriran okvir in zaklep \u2013 \u010drn<\/li>\n<li>Vmesnik za opti\u010dne priprave (OR)<\/li>\n<li>Opti\u010dno-vlaknasti prednji visir (1 mm)<\/li>\n<li>Povsem nastavljiv zadnji visir OR<\/li>\n<li>Mehanizem spro\u017eilca SA\/DA<\/li>\n<li>Jekleni narebren spro\u017eilec SA\/DA z nastavljivim povratnim gibom \u2013 \u010drn<\/li>\n<li>Kratek povratni gib<\/li>\n<li>Tekmovalni kladivasti mehanizem SA\/DA<\/li>\n<li>Podalj\u0161an levi varnostni vzvod<\/li>\n<li>Plo\u0161\u010dati desni varnostni vzvod<\/li>\n<li>Ro\u010daji iz durala WAVES \u2013 \u010drni<\/li>\n<li>Nastavljiva duralumin-na gumb za sprostitev nabojnika \u2013 \u010drn<\/li>\n<li>Nabojnik 9\u00d719, 9\u00d721 s kapaciteto 17 nabojev<\/li>\n<\/ul>\n<h2>Vsebina paketa<\/h2>\n<ul>\n<li>Pi\u0161tola KMR W-02 UMBRA OR<\/li>\n<li>3 kosi nabojnikov<\/li>\n<li>Komplet za \u010di\u0161\u010denje<\/li>\n<li>KMR olje<\/li>\n<li>Orodje za monta\u017eo cevi<\/li>\n<li>Vzmet za glavni odmik 14 lbs<\/li>\n<li>Vzmet za povratni odmik 11 lbs, 13 lbs<\/li>\n<li>Komplet bla\u017eilcev<\/li>\n<li>Inbus klju\u010di<\/li>\n<li>Sredstvo za fiksiranje<\/li>\n<li>Garancijski list<\/li>\n<li>Navodila za uporabo<\/li>\n<li>Komplet nalepk podjetja KMR Precision Arms<\/li>\n<\/ul>\n<h2>Specifikacije<\/h2>\n<ul>\n<li>Kaliber: 9\u00d719, 9\u00d721<\/li>\n<li>Skupna dol\u017eina: 208 mm \/ 8,2 in<\/li>\n<li>Dol\u017eina zaklepa: 181 mm \/ 7 in<\/li>\n<li>Skupna \u0161irina: 39 mm \/ 1,5 in<\/li>\n<li>\u0160irina zaklepa: 26 mm \/ 1 in<\/li>\n<li>Skupna vi\u0161ina: 143 mm \/ 5,6 in<\/li>\n<li>Vi\u0161ina mernih linij: 164 mm \/ 6,5 in<\/li>\n<li>Dol\u017eina cevi: 114 mm \/ 4,5 in<\/li>\n<li>Kapaciteta nabojnika: 17<\/li>\n<li>Mehanizem spro\u017eilca: SA \/ DA<\/li>\n<li>Sila spro\u017eilca: 17,5 N \/ 45 N<\/li>\n<li>Vzmet za povratni odmik: 12 lbs<\/li>\n<li>Vzmet za glavni odmik: 17 lbs<\/li>\n<li>Te\u017ea (brez nabojnika): 1180 g \/ 41,6 oz<\/li>\n<li>Te\u017ea (s praznim nabojnikom): 1270 g \/ 44,8 oz<\/li>\n<\/ul>\n","protected":false},"excerpt":{"rendered":"<p>Majhna in kompaktna, vendar zmogljiva pi\u0161tola KMR W-02 UMBRA OR 9&#215;19 z navojno cevjo in stabilizacijo cevi BRS.<\/p>\n","protected":false},"featured_media":0,"template":"","meta":{"_acf_changed":false},"product_brand":[],"product_cat":[13499],"product_tag":[],"class_list":{"0":"post-688150","1":"product","2":"type-product","3":"status-publish","5":"product_cat-nekategorizirano","7":"first","8":"instock","9":"taxable","10":"shipping-taxable","11":"purchasable","12":"product-type-simple"},"acf":[],"_links":{"self":[{"href":"https:\/\/nbg.eu\/sl\/wp-json\/wp\/v2\/product\/688150","targetHints":{"allow":["GET"]}}],"collection":[{"href":"https:\/\/nbg.eu\/sl\/wp-json\/wp\/v2\/product"}],"about":[{"href":"https:\/\/nbg.eu\/sl\/wp-json\/wp\/v2\/types\/product"}],"wp:attachment":[{"href":"https:\/\/nbg.eu\/sl\/wp-json\/wp\/v2\/media?parent=688150"}],"wp:term":[{"taxonomy":"product_brand","embeddable":true,"href":"https:\/\/nbg.eu\/sl\/wp-json\/wp\/v2\/product_brand?post=688150"},{"taxonomy":"product_cat","embeddable":true,"href":"https:\/\/nbg.eu\/sl\/wp-json\/wp\/v2\/product_cat?post=688150"},{"taxonomy":"product_tag","embeddable":true,"href":"https:\/\/nbg.eu\/sl\/wp-json\/wp\/v2\/product_tag?post=688150"}],"curies":[{"name":"wp","href":"https:\/\/api.w.org\/{rel}","templated":true}]}}