{"id":688804,"date":"2025-12-22T15:23:07","date_gmt":"2025-12-22T12:23:07","guid":{"rendered":"https:\/\/nbg.eu\/product\/hyllus-duffel-vojasko-zelena-65-litrov\/"},"modified":"2026-04-15T14:43:15","modified_gmt":"2026-04-15T11:43:15","slug":"hyllus-duffel-vojasko-zelena-65-litrov","status":"publish","type":"product","link":"https:\/\/nbg.eu\/sl\/izdelek\/hyllus-duffel-vojasko-zelena-65-litrov\/","title":{"rendered":"Eberlestock Potovalna Torba Hyllus &#8211; 65 Litrov"},"content":{"rendered":"<h2>Hyllus Duffel &#8211; 65 litrov<\/h2>\n<p>Hyllus Duffel je vodoodporna, izjemno obstojna duffel torba, ki je idealna za zdru\u017eevanje opreme v prtlja\u017eniku ali v ro\u010dni prtljagi. Dno in stranske stene imajo 1000D TPU prevle\u010den najlon, medtem ko je zgornji del narejen iz 500D TPU prevle\u010denega najlona, odporen na trganje.<\/p>\n<p>Notranje in zunanje zaprte \u017eepke omogo\u010dajo enostavno in varno organizacijo manj\u0161ih predmetov, medtem ko velik odprtinski vhod v glavni prostor omogo\u010da hiter vstop obla\u010dil in ve\u010djih predmetov. Hyllus ima jermensko pre\u010dko za prakti\u010dno pritrjevanje na teleskopsko ro\u010dko prtljage.<\/p>\n<h2>Dimenzije<\/h2>\n<p>65L Volumen: 3966ci<br \/>\n65L Te\u017ea: 2.5Lb<br \/>\n65L Dimenzije: 11Vx27Dx13\u0160<\/p>\n<h2>Zna\u010dilnosti<\/h2>\n<p>Vodoodporna konstrukcija<br \/>\nVelik glavni prostor z notranjimi zaprtenimi \u017eepki za organizacijo<br \/>\nZunanji zapreti \u017eepki na obeh straneh in spredaj<br \/>\nDuffel nosilni jermeni<\/p>\n","protected":false},"excerpt":{"rendered":"<p>Hyllus Duffel- 65 Liter je vodoodporna, izredno trpe\u017ena potna torba s prostornino 3966 palcev kockatih in te\u017eo 2,5 funta.<\/p>\n","protected":false},"featured_media":688892,"template":"","meta":{"_acf_changed":false},"product_brand":[15147],"product_cat":[13423],"product_tag":[],"class_list":{"0":"post-688804","1":"product","2":"type-product","3":"status-publish","4":"has-post-thumbnail","6":"product_brand-eberlestock","7":"product_cat-torbe-za-strelisce","9":"first","10":"instock","11":"taxable","12":"shipping-taxable","13":"purchasable","14":"product-type-variable","15":"wvs-archive-product-wrapper"},"acf":[],"_links":{"self":[{"href":"https:\/\/nbg.eu\/sl\/wp-json\/wp\/v2\/product\/688804","targetHints":{"allow":["GET"]}}],"collection":[{"href":"https:\/\/nbg.eu\/sl\/wp-json\/wp\/v2\/product"}],"about":[{"href":"https:\/\/nbg.eu\/sl\/wp-json\/wp\/v2\/types\/product"}],"wp:featuredmedia":[{"embeddable":true,"href":"https:\/\/nbg.eu\/sl\/wp-json\/wp\/v2\/media\/688892"}],"wp:attachment":[{"href":"https:\/\/nbg.eu\/sl\/wp-json\/wp\/v2\/media?parent=688804"}],"wp:term":[{"taxonomy":"product_brand","embeddable":true,"href":"https:\/\/nbg.eu\/sl\/wp-json\/wp\/v2\/product_brand?post=688804"},{"taxonomy":"product_cat","embeddable":true,"href":"https:\/\/nbg.eu\/sl\/wp-json\/wp\/v2\/product_cat?post=688804"},{"taxonomy":"product_tag","embeddable":true,"href":"https:\/\/nbg.eu\/sl\/wp-json\/wp\/v2\/product_tag?post=688804"}],"curies":[{"name":"wp","href":"https:\/\/api.w.org\/{rel}","templated":true}]}}