{"id":688918,"date":"2025-12-22T15:33:09","date_gmt":"2025-12-22T12:33:09","guid":{"rendered":"https:\/\/nbg.eu\/product\/hyllus-duffel-military-green-45-liter\/"},"modified":"2026-04-15T14:43:11","modified_gmt":"2026-04-15T11:43:11","slug":"hyllus-duffel-military-green-45-liter","status":"publish","type":"product","link":"https:\/\/nbg.eu\/sl\/izdelek\/hyllus-duffel-military-green-45-liter\/","title":{"rendered":"Eberlestock Potovalna Torba Hyllus &#8211; 45 Litrov"},"content":{"rendered":"<h2>Hyllus Duffel- 45 litrov<\/h2>\n<p>Hyllus Duffel je vodoodporna, izredno trpe\u017ena torba, ki je idealna za zdru\u017eevanje opreme v prtlja\u017eniku ali prostoru za prtljago v letalu. Tla in stranske stene so izdelani iz 1000D TPU prevle\u010denega najlona, vrh pa iz 500D TPU prevle\u010denega najlonskega riplenga.<\/p>\n<p>Notranji in zunanji zadr\u017eevalni \u017eepi omogo\u010dajo enostavno in varno organiziranje majhnih predmetov, medtem ko velik odprtina v glavni prostor omogo\u010da hitro shranjevanje obla\u010dil in ve\u010djih predmetov. Hyllus ima trakove za priro\u010dno pritrditev na teleskopski ro\u010daj prtljage.<\/p>\n<h2>Dimenzije<\/h2>\n<p>Prostornina 45 l: 2746 kubi\u010dnih palcev<br \/>\nTe\u017ea 45 l: 2 lbs<br \/>\nDimenzije 45 l: 10Vx22Dx12\u0160<\/p>\n<h2>Zna\u010dilnosti<\/h2>\n<ul>\n<li>Vodoodporna konstrukcija<\/li>\n<li>Velik glavni prostor z notranjimi organizacijskimi \u017eepi z zadrgo<\/li>\n<li>Zunanji \u017eepi z zadrgo na obeh straneh in spredaj<\/li>\n<li>Ro\u010daji za prena\u0161anje torbe<\/li>\n<\/ul>\n","protected":false},"excerpt":{"rendered":"<p>Hyllus potovalna torba je vodoodporna, izredno trpe\u017ena 45L torba, idealna za opremo v prtlja\u017eniku ali ro\u010dni prtljagi.<\/p>\n","protected":false},"featured_media":705377,"template":"","meta":{"_acf_changed":false},"product_brand":[15147],"product_cat":[13423],"product_tag":[],"class_list":{"0":"post-688918","1":"product","2":"type-product","3":"status-publish","4":"has-post-thumbnail","6":"product_brand-eberlestock","7":"product_cat-torbe-za-strelisce","9":"first","10":"instock","11":"taxable","12":"shipping-taxable","13":"purchasable","14":"product-type-variable","15":"wvs-archive-product-wrapper"},"acf":[],"_links":{"self":[{"href":"https:\/\/nbg.eu\/sl\/wp-json\/wp\/v2\/product\/688918","targetHints":{"allow":["GET"]}}],"collection":[{"href":"https:\/\/nbg.eu\/sl\/wp-json\/wp\/v2\/product"}],"about":[{"href":"https:\/\/nbg.eu\/sl\/wp-json\/wp\/v2\/types\/product"}],"wp:featuredmedia":[{"embeddable":true,"href":"https:\/\/nbg.eu\/sl\/wp-json\/wp\/v2\/media\/705377"}],"wp:attachment":[{"href":"https:\/\/nbg.eu\/sl\/wp-json\/wp\/v2\/media?parent=688918"}],"wp:term":[{"taxonomy":"product_brand","embeddable":true,"href":"https:\/\/nbg.eu\/sl\/wp-json\/wp\/v2\/product_brand?post=688918"},{"taxonomy":"product_cat","embeddable":true,"href":"https:\/\/nbg.eu\/sl\/wp-json\/wp\/v2\/product_cat?post=688918"},{"taxonomy":"product_tag","embeddable":true,"href":"https:\/\/nbg.eu\/sl\/wp-json\/wp\/v2\/product_tag?post=688918"}],"curies":[{"name":"wp","href":"https:\/\/api.w.org\/{rel}","templated":true}]}}