{"id":689016,"date":"2024-08-16T23:15:24","date_gmt":"2024-08-16T20:15:24","guid":{"rendered":"https:\/\/nbg.eu\/product\/buffer-wide-set-kmr\/"},"modified":"2026-05-13T15:10:42","modified_gmt":"2026-05-13T12:10:42","slug":"buffer-wide-set-kmr","status":"publish","type":"product","link":"https:\/\/nbg.eu\/sl\/izdelek\/buffer-wide-set-kmr\/","title":{"rendered":"KMR Komplet \u0160irokih Bla\u017eilcev"},"content":{"rendered":"<h2>BUFFER WIDE &#8211; SET KMR<\/h2>\n<p>Povi\u0161ajte zmogljivost svojega pi\u0161tolskega KMR-ja z BUFFER WIDE &#8211; SET KMR, sistemom vrhunskih bla\u017eilnikov povratnega udarca, oblikovan za izbolj\u0161anje nadzora in natan\u010dnosti. Izdelani iz visokokakovostnih materialov, delujejo ti bla\u017eilniki skupaj, da zmanj\u0161ajo ob\u010dutek povratnega udarca in za\u0161\u010ditijo okvir pred udarcem zaklepa, hkrati pa omogo\u010dajo fino prilagajanje hitrosti cikliranja va\u0161ega strelnega oro\u017eja.<\/p>\n<p>Z edinstveno \u0161iroko zasnovo BUFFER WIDE &#8211; SET KMR zagotavlja izjemno absorpcijo energije, kar u\u010dinkovito du\u0161i povratno silo vsakega strela. To se odra\u017ea v hitrej\u0161em ponovnem pridobivanju cilja, izbolj\u0161ani namestitvi naslednjih strelov in zmanj\u0161ani obrabi kriti\u010dnih komponent.<\/p>\n<p>Prilagodite zmogljivost svojega KMR-ja z vklju\u010deno izbiro ute\u017ei bla\u017eilnika, kar vam omogo\u010da natan\u010dno prilagajanje hitrosti cikliranja glede na va\u0161e strelivo in slog streljanja. Bodisi ste strelec v akciji, ki i\u0161\u010de konkuren\u010dno prednost, ali rekreativni navdu\u0161enec, ki \u017eeli izkoristiti ves potencial svojega KMR-ja, BUFFER WIDE &#8211; SET KMR je idealna nadgradnja za dviganje va\u0161e izku\u0161nje.<\/p>\n<p>Povi\u0161ajte zmogljivost svojega pi\u0161tolskega KMR-ja z BUFFER WIDE &#8211; SET KMR, vrhunsko re\u0161itvijo za obvladovanje povratnega udarca za tekmovalne strelce in zahtevne lastnike.<\/p>\n","protected":false},"excerpt":{"rendered":"<p>Natan\u010dno strojno obdelani bla\u017eilniki za pi\u0161tole KMR, ki zmanj\u0161ujejo ob\u010dutek povratnega udarca in prilagajajo hitrost cikliranja.<\/p>\n","protected":false},"featured_media":23650,"template":"","meta":{"_acf_changed":false},"product_brand":[11509],"product_cat":[13433],"product_tag":[],"class_list":{"0":"post-689016","1":"product","2":"type-product","3":"status-publish","4":"has-post-thumbnail","6":"product_brand-kmr-precision","7":"product_cat-kmr-deli","9":"first","10":"instock","11":"taxable","12":"shipping-taxable","13":"product-type-simple"},"acf":[],"_links":{"self":[{"href":"https:\/\/nbg.eu\/sl\/wp-json\/wp\/v2\/product\/689016","targetHints":{"allow":["GET"]}}],"collection":[{"href":"https:\/\/nbg.eu\/sl\/wp-json\/wp\/v2\/product"}],"about":[{"href":"https:\/\/nbg.eu\/sl\/wp-json\/wp\/v2\/types\/product"}],"wp:featuredmedia":[{"embeddable":true,"href":"https:\/\/nbg.eu\/sl\/wp-json\/wp\/v2\/media\/23650"}],"wp:attachment":[{"href":"https:\/\/nbg.eu\/sl\/wp-json\/wp\/v2\/media?parent=689016"}],"wp:term":[{"taxonomy":"product_brand","embeddable":true,"href":"https:\/\/nbg.eu\/sl\/wp-json\/wp\/v2\/product_brand?post=689016"},{"taxonomy":"product_cat","embeddable":true,"href":"https:\/\/nbg.eu\/sl\/wp-json\/wp\/v2\/product_cat?post=689016"},{"taxonomy":"product_tag","embeddable":true,"href":"https:\/\/nbg.eu\/sl\/wp-json\/wp\/v2\/product_tag?post=689016"}],"curies":[{"name":"wp","href":"https:\/\/api.w.org\/{rel}","templated":true}]}}