{"id":689075,"date":"2025-03-06T13:06:02","date_gmt":"2025-03-06T10:06:02","guid":{"rendered":"https:\/\/nbg.eu\/product\/clawgear-m-lok-qd-mount\/"},"modified":"2026-05-13T15:10:03","modified_gmt":"2026-05-13T12:10:03","slug":"clawgear-m-lok-qd-mount","status":"publish","type":"product","link":"https:\/\/nbg.eu\/sl\/izdelek\/clawgear-m-lok-qd-mount\/","title":{"rendered":"Clawgear M-LOK QD Mount"},"content":{"rendered":"<h2>Clawgear M-LOK QD nosilec: Varna, brez zapleta pritrjevanje jermena<\/h2>\n<p>Izbolj\u0161ajte nastavitev svojega strelnega oro\u017eja s Clawgear M-LOK QD nosilcem, zasnovanim za nekompromisnno delovanje in gladko integracijo jermena. Izdelan iz aluminija visoke trdnosti in zaklju\u010den z mil-spec anodiziranim premazom, ta nosilec z majhnim profilom zagotavlja izjemno vzdr\u017eljivost in odpornost proti koroziji, kar zagotavlja dolgoro\u010dno zanesljivost na terenu.<\/p>\n<p>Neposredna pritrditev M-LOK zagotavlja varno, brez zapleta povr\u0161ino, medtem ko funkcija proti rotaciji zagotavlja, da va\u0161 vrtljiv obro\u010d jermena ostane trdno na mestu in prepre\u010duje ne\u017eeleno gibanje ali premikanje. Zdru\u017eljiv z vsemi standardnimi QD vrtljivimi obro\u010dki, Clawgear M-LOK QD nosilec omogo\u010da hiter in enostaven pritrjevanje in odstranjevanje jermena, izbolj\u0161uje va\u0161 prehod in va\u0161 celotni strelski do\u017eivljaj.<\/p>\n<p>Bodisi da se soo\u010date z zahtevnimi takti\u010dnimi scenariji ali se odpravite na avdodure, je Clawgear M-LOK QD nosilec zanesljiva in ve\u010dnamenska re\u0161itev za va\u0161e potrebe pritrjevanja jermena. Izbolj\u0161ajte zmogljivost svojega strelnega oro\u017eja s to vzdr\u017eljivo in uporabniku prijazno dodatno opremo.<\/p>\n","protected":false},"excerpt":{"rendered":"<p>Aluminijast M-LOK QD nosilec visoke trdnosti z nizkim profilom in zasnovo proti rotaciji za trdno pritrditev jermenice brez zatikov.<\/p>\n","protected":false},"featured_media":240607,"template":"","meta":{"_acf_changed":false},"product_brand":[11233],"product_cat":[13419,13483,13444],"product_tag":[],"class_list":{"0":"post-689075","1":"product","2":"type-product","3":"status-publish","4":"has-post-thumbnail","6":"product_brand-clawgear","7":"product_cat-jermenice","8":"product_cat-puska","9":"product_cat-tuning-za-puske","11":"first","12":"outofstock","13":"taxable","14":"shipping-taxable","15":"purchasable","16":"product-type-simple"},"acf":[],"_links":{"self":[{"href":"https:\/\/nbg.eu\/sl\/wp-json\/wp\/v2\/product\/689075","targetHints":{"allow":["GET"]}}],"collection":[{"href":"https:\/\/nbg.eu\/sl\/wp-json\/wp\/v2\/product"}],"about":[{"href":"https:\/\/nbg.eu\/sl\/wp-json\/wp\/v2\/types\/product"}],"wp:featuredmedia":[{"embeddable":true,"href":"https:\/\/nbg.eu\/sl\/wp-json\/wp\/v2\/media\/240607"}],"wp:attachment":[{"href":"https:\/\/nbg.eu\/sl\/wp-json\/wp\/v2\/media?parent=689075"}],"wp:term":[{"taxonomy":"product_brand","embeddable":true,"href":"https:\/\/nbg.eu\/sl\/wp-json\/wp\/v2\/product_brand?post=689075"},{"taxonomy":"product_cat","embeddable":true,"href":"https:\/\/nbg.eu\/sl\/wp-json\/wp\/v2\/product_cat?post=689075"},{"taxonomy":"product_tag","embeddable":true,"href":"https:\/\/nbg.eu\/sl\/wp-json\/wp\/v2\/product_tag?post=689075"}],"curies":[{"name":"wp","href":"https:\/\/api.w.org\/{rel}","templated":true}]}}