{"id":689242,"date":"2024-08-18T11:35:41","date_gmt":"2024-08-18T08:35:41","guid":{"rendered":"https:\/\/nbg.eu\/product\/ejector-sa-da-kmr\/"},"modified":"2026-05-13T15:09:49","modified_gmt":"2026-05-13T12:09:49","slug":"ejector-sa-da-kmr","status":"publish","type":"product","link":"https:\/\/nbg.eu\/sl\/izdelek\/ejector-sa-da-kmr\/","title":{"rendered":"KMR Ejektor SA\/DA"},"content":{"rendered":"<h2>Izmeta\u010d SA\/DA KMR za oro\u017eje KMR<\/h2>\n<p>Izmeta\u010d SA\/DA KMR je ve\u010dnamenski in zanesljiv dodatek, zasnovan za uporabo z razli\u010dnimi modeli oro\u017eja KMR. Ima mehanizem za enojno in dvojno akcijo, kar uporabnikom zagotavlja ve\u010djo pro\u017enost in nadzor med uporabo. Zdru\u017eljiv z naslednjimi modeli:<\/p>\n<ul>\n<li>KMR L-02 EMIQ<\/li>\n<li>KMR L-02 EMIQ (OR)<\/li>\n<li>KMR L-02 ORCA OD 2024<\/li>\n<li>KMR L-02 ORCA DO 2023<\/li>\n<li>KMR L-02 SPECTRA OD 2024<\/li>\n<li>KMR L-02 SPECTRA DO 2023<\/li>\n<li>KMR L-02 UMBRA (OR) SR<\/li>\n<li>KMR W-02 CUDA (OR)<\/li>\n<li>KMR W-02 UMBRA<\/li>\n<li>KMR W-02 UMBRA (OR)<\/li>\n<\/ul>\n<p>Referen\u010dna \u0161tevilka 1060-00701-0401<\/p>\n","protected":false},"excerpt":{"rendered":"<p>Ejector SA\/DA KMR &#8211; zanesljiv in raznovrsten dodatek za oro\u017eje KMR.<\/p>\n","protected":false},"featured_media":25694,"template":"","meta":{"_acf_changed":false},"product_brand":[11509],"product_cat":[13433],"product_tag":[],"class_list":{"0":"post-689242","1":"product","2":"type-product","3":"status-publish","4":"has-post-thumbnail","6":"product_brand-kmr-precision","7":"product_cat-kmr-deli","9":"first","10":"instock","11":"taxable","12":"shipping-taxable","13":"product-type-simple"},"acf":[],"_links":{"self":[{"href":"https:\/\/nbg.eu\/sl\/wp-json\/wp\/v2\/product\/689242","targetHints":{"allow":["GET"]}}],"collection":[{"href":"https:\/\/nbg.eu\/sl\/wp-json\/wp\/v2\/product"}],"about":[{"href":"https:\/\/nbg.eu\/sl\/wp-json\/wp\/v2\/types\/product"}],"wp:featuredmedia":[{"embeddable":true,"href":"https:\/\/nbg.eu\/sl\/wp-json\/wp\/v2\/media\/25694"}],"wp:attachment":[{"href":"https:\/\/nbg.eu\/sl\/wp-json\/wp\/v2\/media?parent=689242"}],"wp:term":[{"taxonomy":"product_brand","embeddable":true,"href":"https:\/\/nbg.eu\/sl\/wp-json\/wp\/v2\/product_brand?post=689242"},{"taxonomy":"product_cat","embeddable":true,"href":"https:\/\/nbg.eu\/sl\/wp-json\/wp\/v2\/product_cat?post=689242"},{"taxonomy":"product_tag","embeddable":true,"href":"https:\/\/nbg.eu\/sl\/wp-json\/wp\/v2\/product_tag?post=689242"}],"curies":[{"name":"wp","href":"https:\/\/api.w.org\/{rel}","templated":true}]}}