{"id":689277,"date":"2024-09-17T07:54:09","date_gmt":"2024-09-17T04:54:09","guid":{"rendered":"https:\/\/nbg.eu\/product\/extractor-40-sw-kmr\/"},"modified":"2026-04-16T18:58:54","modified_gmt":"2026-04-16T15:58:54","slug":"extractor-40-sw-kmr","status":"publish","type":"product","link":"https:\/\/nbg.eu\/sl\/izdelek\/extractor-40-sw-kmr\/","title":{"rendered":"KMR Ekstraktor .40 S&amp;W"},"content":{"rendered":"<h2>KMR Precision Extractor \u2013 .40 S&amp;W<\/h2>\n<p>Poskrbite, da va\u0161 KMR pi\u0161tola deluje z absolutno mo\u010djo s tem namenskim ekstraktom .40 S&amp;W. Zasnovan za vi\u0161je tlake in specifi\u010dno geometrijo tulca kaliber .40, je ta komponenta klju\u010dna za vzdr\u017eevanje zanesljivega oro\u017eja.<\/p>\n<h3>Tehni\u010dna odli\u010dnost:<\/h3>\n<ul>\n<li><strong>Zasnova za dolo\u010den kaliber:<\/strong> Za razliko od univerzalnih delov je ta ekstraktor natan\u010dno obdelan, da se prilagaja robu tulca .40 S&amp;W za tesnej\u0161e tolerance in u\u010dinkovitej\u0161i izvlek.<\/li>\n<li><strong>Izbolj\u0161ana trajnost:<\/strong> Izdelan iz legiranega jekla, ki lahko prenese pove\u010dane hitrosti prijema in sile povratnega udarca, povezane s kalibrom .40 S&amp;W.<\/li>\n<li><strong>Delovanje brez zatikanja:<\/strong> Ima protikorozijsko prevleko, ki zmanj\u0161uje trenje in prepre\u010duje nabiranje ogljika, ki bi lahko motil ekstraktor.<\/li>\n<li><strong>Popoln prijem:<\/strong> Zasnovan za brez\u0161ivno integracijo v KMR sklope cevi, ohranjanje natan\u010dne napetosti, potrebne za profesionalno uporabo.<\/li>\n<\/ul>\n<p>Ekstraktor je kriti\u010dna obrabna komponenta. Z nadgradnjo na ta originalni KMR del odpravljate mo\u017ene te\u017eave s cikliranjem in zagotavljate, da bo va\u0161a pi\u0161tola pripravljena na zahteve tekmovanja IPSC\/USPSA ali slu\u017ebene uporabe.<\/p>\n","protected":false},"excerpt":{"rendered":"<p>1080-00302-0400<\/p>\n","protected":false},"featured_media":25717,"template":"","meta":{"_acf_changed":false},"product_brand":[11509],"product_cat":[13433],"product_tag":[],"class_list":{"0":"post-689277","1":"product","2":"type-product","3":"status-publish","4":"has-post-thumbnail","6":"product_brand-kmr-precision","7":"product_cat-kmr-deli","9":"first","10":"instock","11":"taxable","12":"shipping-taxable","13":"product-type-simple"},"acf":[],"_links":{"self":[{"href":"https:\/\/nbg.eu\/sl\/wp-json\/wp\/v2\/product\/689277","targetHints":{"allow":["GET"]}}],"collection":[{"href":"https:\/\/nbg.eu\/sl\/wp-json\/wp\/v2\/product"}],"about":[{"href":"https:\/\/nbg.eu\/sl\/wp-json\/wp\/v2\/types\/product"}],"wp:featuredmedia":[{"embeddable":true,"href":"https:\/\/nbg.eu\/sl\/wp-json\/wp\/v2\/media\/25717"}],"wp:attachment":[{"href":"https:\/\/nbg.eu\/sl\/wp-json\/wp\/v2\/media?parent=689277"}],"wp:term":[{"taxonomy":"product_brand","embeddable":true,"href":"https:\/\/nbg.eu\/sl\/wp-json\/wp\/v2\/product_brand?post=689277"},{"taxonomy":"product_cat","embeddable":true,"href":"https:\/\/nbg.eu\/sl\/wp-json\/wp\/v2\/product_cat?post=689277"},{"taxonomy":"product_tag","embeddable":true,"href":"https:\/\/nbg.eu\/sl\/wp-json\/wp\/v2\/product_tag?post=689277"}],"curies":[{"name":"wp","href":"https:\/\/api.w.org\/{rel}","templated":true}]}}