{"id":689312,"date":"2024-08-18T11:36:41","date_gmt":"2024-08-18T08:36:41","guid":{"rendered":"https:\/\/nbg.eu\/product\/extractor-9x19-kmr\/"},"modified":"2026-05-13T16:01:57","modified_gmt":"2026-05-13T13:01:57","slug":"extractor-9x19-kmr","status":"publish","type":"product","link":"https:\/\/nbg.eu\/sl\/izdelek\/extractor-9x19-kmr\/","title":{"rendered":"KMR Ekstraktor 9&#215;19"},"content":{"rendered":"<h2>KMR Precision Extractor \u2013 9x19mm<\/h2>\n<p>Ta natan\u010dno izdelan ekstraktor je klju\u010dni nadomestni del, zasnovan posebej za 9x19mm KMR pi\u0161tole. Zgrajen z odpornostjo na napore intenzivnega tekmovalnega streljanja, zagotavlja brezhiben izmet porabljenih 9mm tulcev iz komore z vsakim strelom.<\/p>\n<h3>Tehni\u010dna odli\u010dnost:<\/h3>\n<ul>\n<li><strong>Optimiziran za 9x19mm:<\/strong> Specifi\u010dno prilagojen za mere netov streliva 9mm Luger za zagotavljanje maksimalne vpetosti in zanesljivosti.<\/li>\n<li><strong>Visokokakovostno jeklo:<\/strong> Strojno oblikovan iz kakovostnega, toplotno obdelanega jekla, da prepre\u010di obrabo in zdr\u017ei velike udarne sile cikla zaklepa.<\/li>\n<li><strong>Zdru\u017eljivost z OEM:<\/strong> Neposredna zamenljiva oblika za KMR modele, kot sta L-02 in W-02, kar zagotavlja popolno tovarni\u0161ko prileganje.<\/li>\n<li><strong>Usklajena u\u010dinkovitost:<\/strong> Specializirana oblika krempljev minimizira te\u017eave &#8220;Odpoved izlo\u010danja&#8221; (FTE), tudi med hitrim streljanjem.<\/li>\n<\/ul>\n<p>Ohranite tekmovalno prednost svoje pi\u0161tole z zagotavljanjem, da je va\u0161 ekstraktni sistem v vrhunski kondiciji. Ta originalni KMR del je bistvenega pomena za vsakega strelca, ki zahteva 100% zanesljivost na streli\u0161\u010du ali na tekmovanju.<\/p>\n","protected":false},"excerpt":{"rendered":"<p>1080-00301-0400<\/p>\n","protected":false},"featured_media":25717,"template":"","meta":{"_acf_changed":false},"product_brand":[11509],"product_cat":[13433],"product_tag":[],"class_list":{"0":"post-689312","1":"product","2":"type-product","3":"status-publish","4":"has-post-thumbnail","6":"product_brand-kmr-precision","7":"product_cat-kmr-deli","9":"first","10":"instock","11":"taxable","12":"shipping-taxable","13":"product-type-simple"},"acf":[],"_links":{"self":[{"href":"https:\/\/nbg.eu\/sl\/wp-json\/wp\/v2\/product\/689312","targetHints":{"allow":["GET"]}}],"collection":[{"href":"https:\/\/nbg.eu\/sl\/wp-json\/wp\/v2\/product"}],"about":[{"href":"https:\/\/nbg.eu\/sl\/wp-json\/wp\/v2\/types\/product"}],"wp:featuredmedia":[{"embeddable":true,"href":"https:\/\/nbg.eu\/sl\/wp-json\/wp\/v2\/media\/25717"}],"wp:attachment":[{"href":"https:\/\/nbg.eu\/sl\/wp-json\/wp\/v2\/media?parent=689312"}],"wp:term":[{"taxonomy":"product_brand","embeddable":true,"href":"https:\/\/nbg.eu\/sl\/wp-json\/wp\/v2\/product_brand?post=689312"},{"taxonomy":"product_cat","embeddable":true,"href":"https:\/\/nbg.eu\/sl\/wp-json\/wp\/v2\/product_cat?post=689312"},{"taxonomy":"product_tag","embeddable":true,"href":"https:\/\/nbg.eu\/sl\/wp-json\/wp\/v2\/product_tag?post=689312"}],"curies":[{"name":"wp","href":"https:\/\/api.w.org\/{rel}","templated":true}]}}