{"id":689333,"date":"2024-08-17T15:16:22","date_gmt":"2024-08-17T12:16:22","guid":{"rendered":"https:\/\/nbg.eu\/product\/extractor-pin-22-lr-2x10-kmr\/"},"modified":"2026-05-13T16:02:13","modified_gmt":"2026-05-13T13:02:13","slug":"extractor-pin-22-lr-2x10-kmr","status":"publish","type":"product","link":"https:\/\/nbg.eu\/sl\/izdelek\/extractor-pin-22-lr-2x10-kmr\/","title":{"rendered":"KMR Zati\u010d Ekstraktorja .22 LR 2&#215;10"},"content":{"rendered":"<h2>Ekstrator za 22 Lr 2X10 KMR &#8211; Natan\u010dna vrtilna to\u010dka za zanesljivo izlo\u010danje<\/h2>\n<p>Zasnovan za platformo .22 LR KMR rimfire, ekstrator za 22 Lr 2X10 KMR zagotavlja kriti\u010dno vrtilno to\u010dko za delovanje mehanizma ekstraktorja. Izdelan iz kaljenega jekla, ta natan\u010dno dimenzioniran zati\u010d (2&#215;10 mm) zagotavlja stalno napetost in prepre\u010duje premikanje ali stri\u017e zati\u010da pri hitrem streljanju, kar zagotavlja, da va\u0161 pi\u0161tolj KMR zanesljivo izlo\u010da prazne tulce.<\/p>\n<p>Ekstrator za 22 Lr 2X10 KMR je bistvena komponenta za vzdr\u017eevanje optimalne zmogljivosti va\u0161ega .22 LR KMR. Njegova robustna konstrukcija in natan\u010dna zasnova zagotavljajo vrtilno podporo, potrebno za brezhibno delovanje ekstraktorja, strel za strelom. Bodisi da streljate na tar\u010de, plinkate ali tekmujete, je ta ekstraktor nenadomestljiva nadgradnja, ki zagotavlja, da va\u0161 pi\u0161tolj KMR deluje na vrhuncu svojih zmo\u017enosti.<\/p>\n<p>Nadgradite svoj .22 LR KMR z ekstrator za 22 Lr 2X10 KMR in do\u017eivite zaupanje v zanesljivo, visokokakovostno vrtilno to\u010dko, ki zagotavlja, da ekstraktor deluje natan\u010dno in dosledno. Vlagajte v podrobnosti, ki delajo razliko, in u\u017eivajte v miru, ki ga prina\u0161a oro\u017eje, ki zanesljivo izlo\u010da.<\/p>\n","protected":false},"excerpt":{"rendered":"<p>Natan\u010den 2x10mm izvle\u010dni vrtni \u010dep za pi\u0161tole .22 LR KMR; konstrukcija iz kaljenega jekla.<\/p>\n","protected":false},"featured_media":24073,"template":"","meta":{"_acf_changed":false},"product_brand":[11509],"product_cat":[13433],"product_tag":[],"class_list":{"0":"post-689333","1":"product","2":"type-product","3":"status-publish","4":"has-post-thumbnail","6":"product_brand-kmr-precision","7":"product_cat-kmr-deli","9":"first","10":"instock","11":"taxable","12":"shipping-taxable","13":"product-type-simple"},"acf":[],"_links":{"self":[{"href":"https:\/\/nbg.eu\/sl\/wp-json\/wp\/v2\/product\/689333","targetHints":{"allow":["GET"]}}],"collection":[{"href":"https:\/\/nbg.eu\/sl\/wp-json\/wp\/v2\/product"}],"about":[{"href":"https:\/\/nbg.eu\/sl\/wp-json\/wp\/v2\/types\/product"}],"wp:featuredmedia":[{"embeddable":true,"href":"https:\/\/nbg.eu\/sl\/wp-json\/wp\/v2\/media\/24073"}],"wp:attachment":[{"href":"https:\/\/nbg.eu\/sl\/wp-json\/wp\/v2\/media?parent=689333"}],"wp:term":[{"taxonomy":"product_brand","embeddable":true,"href":"https:\/\/nbg.eu\/sl\/wp-json\/wp\/v2\/product_brand?post=689333"},{"taxonomy":"product_cat","embeddable":true,"href":"https:\/\/nbg.eu\/sl\/wp-json\/wp\/v2\/product_cat?post=689333"},{"taxonomy":"product_tag","embeddable":true,"href":"https:\/\/nbg.eu\/sl\/wp-json\/wp\/v2\/product_tag?post=689333"}],"curies":[{"name":"wp","href":"https:\/\/api.w.org\/{rel}","templated":true}]}}