{"id":689346,"date":"2024-08-16T23:18:23","date_gmt":"2024-08-16T20:18:23","guid":{"rendered":"https:\/\/nbg.eu\/product\/extractor-pin-kmr\/"},"modified":"2026-05-13T16:02:07","modified_gmt":"2026-05-13T13:02:07","slug":"extractor-pin-kmr","status":"publish","type":"product","link":"https:\/\/nbg.eu\/sl\/izdelek\/extractor-pin-kmr\/","title":{"rendered":"KMR Zati\u010d Ekstraktorja"},"content":{"rendered":"<h2>Izvajalec zati\u010da za KMR pi\u0161tole<\/h2>\n<p>Izbolj\u0161ajte delovanje in zanesljivost va\u0161e KMR pi\u0161tole z Izvajalcem zati\u010da. Izdelan iz kaljivega orodnega jekla in izdelan v skladu z natan\u010dnimi tovarni\u0161kimi specifikacijami, ta komponenta zagotavlja popolno prileganje v sestav va\u0161e drsnice. Njegova obrabo odporna povr\u0161ina zagotavlja dolgotrajna trajnost, medtem ko njegova visoka natezna trdnost varuje kriti\u010dni sistem vrtilne osi izlo\u010devalca.<\/p>\n<p>Kot os za premikanje izlo\u010devalca ima ta zati\u010d klju\u010dno vlogo v ciklu izlo\u010danja. Z ohranjanjem enakomerne napetosti vzmeti prepre\u010duje mehanske okvare in zagotavlja gladko in zanesljivo delovanje pri vsakem strelu. Ne glede na to, ali ste vneten strelec na tar\u010do ali navdu\u0161enec za samoobrambo, je Izvajalec zati\u010da bistven nadgradnji za va\u0161o KMR pi\u0161tolo, ki zagotavlja delovanje in mir, ki ga zahtevate.<\/p>\n","protected":false},"excerpt":{"rendered":"<p>Visokotrdnostni izvle\u010dni \u010dep za pi\u0161tole KMR; natan\u010dno prileganje in obstojna povr\u0161inska obdelava.<\/p>\n","protected":false},"featured_media":23789,"template":"","meta":{"_acf_changed":false},"product_brand":[11509],"product_cat":[13433],"product_tag":[],"class_list":{"0":"post-689346","1":"product","2":"type-product","3":"status-publish","4":"has-post-thumbnail","6":"product_brand-kmr-precision","7":"product_cat-kmr-deli","9":"first","10":"instock","11":"taxable","12":"shipping-taxable","13":"product-type-simple"},"acf":[],"_links":{"self":[{"href":"https:\/\/nbg.eu\/sl\/wp-json\/wp\/v2\/product\/689346","targetHints":{"allow":["GET"]}}],"collection":[{"href":"https:\/\/nbg.eu\/sl\/wp-json\/wp\/v2\/product"}],"about":[{"href":"https:\/\/nbg.eu\/sl\/wp-json\/wp\/v2\/types\/product"}],"wp:featuredmedia":[{"embeddable":true,"href":"https:\/\/nbg.eu\/sl\/wp-json\/wp\/v2\/media\/23789"}],"wp:attachment":[{"href":"https:\/\/nbg.eu\/sl\/wp-json\/wp\/v2\/media?parent=689346"}],"wp:term":[{"taxonomy":"product_brand","embeddable":true,"href":"https:\/\/nbg.eu\/sl\/wp-json\/wp\/v2\/product_brand?post=689346"},{"taxonomy":"product_cat","embeddable":true,"href":"https:\/\/nbg.eu\/sl\/wp-json\/wp\/v2\/product_cat?post=689346"},{"taxonomy":"product_tag","embeddable":true,"href":"https:\/\/nbg.eu\/sl\/wp-json\/wp\/v2\/product_tag?post=689346"}],"curies":[{"name":"wp","href":"https:\/\/api.w.org\/{rel}","templated":true}]}}