{"id":689408,"date":"2024-08-17T17:59:06","date_gmt":"2024-08-17T14:59:06","guid":{"rendered":"https:\/\/nbg.eu\/product\/extractor-spring-kmr-s\/"},"modified":"2026-05-13T16:02:41","modified_gmt":"2026-05-13T13:02:41","slug":"extractor-spring-kmr-s","status":"publish","type":"product","link":"https:\/\/nbg.eu\/sl\/izdelek\/extractor-spring-kmr-s\/","title":{"rendered":"KMR Vzmet Ekstraktorja S"},"content":{"rendered":"<h2>Ekstraktorna vzmet KMR S: Natan\u010dno izdelana za optimalno delovanje oro\u017eja<\/h2>\n<p>Ekstraktorna vzmet je natan\u010dno zasnovana komponenta, izdelana za zagotavljanje izjemnega delovanja in zanesljivosti v razli\u010dnih sistemih oro\u017eja KMR.<\/p>\n<p>Zasnovana s poudarkom na natan\u010dnosti in trajnosti igra ta vzmet klju\u010dno vlogo v gladkem in zanesljivem delovanju teh naprednih sistemov oro\u017eja. Njeno natan\u010dno ugla\u0161eno oblikovanje zagotavlja dosledno in zanesljivo ekstrakcijo, kar uporabnikom omogo\u010da zaupanje v opremo v najzahtevnej\u0161ih situacijah.<\/p>\n<p>Za oro\u017eja KMR:<\/p>\n<p>KMR S-01 LANCE (OR)<\/p>\n<p>KMR S-02 10 (OR) SR ADA<\/p>\n<p>KMR S-02 75 (OR) SR ADA<\/p>\n<p>KMR S-02 FROM 2024<\/p>\n<p>KMR S-02 SH1 (OR) SR ADA<\/p>\n<p>KMR S-02 SH2 (OR) SR ADA<\/p>\n<p>KMR S-02 TS (OR) SR ADA<\/p>\n<p>KMR S-02 UNTIL 2023<\/p>\n","protected":false},"excerpt":{"rendered":"<p>Ekstraktorna vzmet za razli\u010dno oro\u017eje KMR, zdru\u017eljiva od leta 2024.<\/p>\n","protected":false},"featured_media":24765,"template":"","meta":{"_acf_changed":false},"product_brand":[11509],"product_cat":[13433,13451],"product_tag":[],"class_list":{"0":"post-689408","1":"product","2":"type-product","3":"status-publish","4":"has-post-thumbnail","6":"product_brand-kmr-precision","7":"product_cat-kmr-deli","8":"product_cat-vzmeti","10":"first","11":"instock","12":"taxable","13":"shipping-taxable","14":"product-type-simple"},"acf":[],"_links":{"self":[{"href":"https:\/\/nbg.eu\/sl\/wp-json\/wp\/v2\/product\/689408","targetHints":{"allow":["GET"]}}],"collection":[{"href":"https:\/\/nbg.eu\/sl\/wp-json\/wp\/v2\/product"}],"about":[{"href":"https:\/\/nbg.eu\/sl\/wp-json\/wp\/v2\/types\/product"}],"wp:featuredmedia":[{"embeddable":true,"href":"https:\/\/nbg.eu\/sl\/wp-json\/wp\/v2\/media\/24765"}],"wp:attachment":[{"href":"https:\/\/nbg.eu\/sl\/wp-json\/wp\/v2\/media?parent=689408"}],"wp:term":[{"taxonomy":"product_brand","embeddable":true,"href":"https:\/\/nbg.eu\/sl\/wp-json\/wp\/v2\/product_brand?post=689408"},{"taxonomy":"product_cat","embeddable":true,"href":"https:\/\/nbg.eu\/sl\/wp-json\/wp\/v2\/product_cat?post=689408"},{"taxonomy":"product_tag","embeddable":true,"href":"https:\/\/nbg.eu\/sl\/wp-json\/wp\/v2\/product_tag?post=689408"}],"curies":[{"name":"wp","href":"https:\/\/api.w.org\/{rel}","templated":true}]}}