{"id":689429,"date":"2024-09-18T13:09:26","date_gmt":"2024-09-18T10:09:26","guid":{"rendered":"https:\/\/nbg.eu\/product\/extractor-spring-or-kmr\/"},"modified":"2026-05-13T16:02:17","modified_gmt":"2026-05-13T13:02:17","slug":"extractor-spring-or-kmr","status":"publish","type":"product","link":"https:\/\/nbg.eu\/sl\/izdelek\/extractor-spring-or-kmr\/","title":{"rendered":"KMR Vzmet Ekstraktorja OR"},"content":{"rendered":"<h2>EKSTRAKTOR VZMET ALI KMR<\/h2>\n<p>Izdelana iz kakovostnih materialov in zasnovana za izdr\u017eljivost intenzivne uporabe, ta vzmet zagotavlja potrebno napetost in odzivnost, da ekstraktorski mehanizem va\u0161ega oro\u017eja deluje gladko. Ne glede na to, ali sodelujete na tekmovanjih v strelstvu, se ukvarjate s takti\u010dnim usposabljanjem ali se zana\u0161ate na svoj KMR za osebno obrambo, ta nadomestna vzmet zagotavlja nemoteno in zanesljivo delovanje, enkrat za vselej.<\/p>\n<p>Nadgradnja ali zamenjava va\u0161e vzmeti je preprost in neposreden proces, ki vam omogo\u010da, da ohranite vrhunsko delovanje in podalj\u0161ate \u017eivljenjsko dobo va\u0161ega KMR-ja. Z natan\u010dnim prileganjem in enostavno namestitvijo lahko va\u0161e oro\u017eje vrnete v delovanje z minimalnimi zastoji, tako da ste vedno pripravljeni na naslednji izziv.<\/p>\n<\/p>\n<p>Za oro\u017eje KMR:<\/p>\n<\/p>\n<p>KMR L-02 EMIQ (OR)<\/p>\n<\/p>\n<p>KMR L-02 SPECTRA od 2024<\/p>\n<\/p>\n<p>KMR L-02 SPECTRA do 2023<\/p>\n<\/p>\n<p>KMR L-02 UMBRA (OR) SR<\/p>\n<\/p>\n<p>KMR W-02 CUDA (OR)<\/p>\n<\/p>\n<p>KMR W-02 UMBRA (OR)<\/p>\n","protected":false},"excerpt":{"rendered":"<p>Nadomestna vzmet za ekstraktor za oro\u017eje KMR L-02 in KMR W-02.<\/p>\n","protected":false},"featured_media":24788,"template":"","meta":{"_acf_changed":false},"product_brand":[11509],"product_cat":[13433,13451],"product_tag":[],"class_list":{"0":"post-689429","1":"product","2":"type-product","3":"status-publish","4":"has-post-thumbnail","6":"product_brand-kmr-precision","7":"product_cat-kmr-deli","8":"product_cat-vzmeti","10":"first","11":"instock","12":"taxable","13":"shipping-taxable","14":"product-type-simple"},"acf":[],"_links":{"self":[{"href":"https:\/\/nbg.eu\/sl\/wp-json\/wp\/v2\/product\/689429","targetHints":{"allow":["GET"]}}],"collection":[{"href":"https:\/\/nbg.eu\/sl\/wp-json\/wp\/v2\/product"}],"about":[{"href":"https:\/\/nbg.eu\/sl\/wp-json\/wp\/v2\/types\/product"}],"wp:featuredmedia":[{"embeddable":true,"href":"https:\/\/nbg.eu\/sl\/wp-json\/wp\/v2\/media\/24788"}],"wp:attachment":[{"href":"https:\/\/nbg.eu\/sl\/wp-json\/wp\/v2\/media?parent=689429"}],"wp:term":[{"taxonomy":"product_brand","embeddable":true,"href":"https:\/\/nbg.eu\/sl\/wp-json\/wp\/v2\/product_brand?post=689429"},{"taxonomy":"product_cat","embeddable":true,"href":"https:\/\/nbg.eu\/sl\/wp-json\/wp\/v2\/product_cat?post=689429"},{"taxonomy":"product_tag","embeddable":true,"href":"https:\/\/nbg.eu\/sl\/wp-json\/wp\/v2\/product_tag?post=689429"}],"curies":[{"name":"wp","href":"https:\/\/api.w.org\/{rel}","templated":true}]}}