{"id":689522,"date":"2024-09-18T14:15:05","date_gmt":"2024-09-18T11:15:05","guid":{"rendered":"https:\/\/nbg.eu\/product\/fiber-optic-front-sight-kmr-675xd1x3-red\/"},"modified":"2026-05-13T16:02:28","modified_gmt":"2026-05-13T13:02:28","slug":"fiber-optic-front-sight-kmr-675xd1x3-red","status":"publish","type":"product","link":"https:\/\/nbg.eu\/sl\/izdelek\/fiber-optic-front-sight-kmr-675xd1x3-red\/","title":{"rendered":"KMR Opti\u010dni Prednji Merilo 6.75xD1x3 Rde\u010d"},"content":{"rendered":"<h2>Izbolj\u0161ajte natan\u010dnost va\u0161ega oro\u017eja s FIBER OPTIC FRONT SIGHT KMR 6,75xD1x3 RDE\u010cO<\/h2>\n<p>Zasnovana za optimalno delovanje, FIBER OPTIC FRONT SIGHT KMR 6,75xD1x3 RDE\u010cA je popolna dodatna oprema za va\u0161e KMR oro\u017eje. Ta visokokakovostno izdelan vizir ima vlakno opti\u010dno zasnovo, ki zagotavlja izbolj\u0161ano vidljivost in hitrej\u0161e pridobivanje tar\u010de, tudi v slabih svetlobnih pogojih.<\/p>\n<p>FIBER OPTIC FRONT SIGHT KMR 6,75xD1x3 RDE\u010cA se pona\u0161a z kompaktno in suhoparno zasnovo, kar omogo\u010da enostavno namestitev in neovirano integracijo z va\u0161im oro\u017ejem. Rde\u010di vlakno opti\u010dni vstavek zagotavlja barvito in dobro vidno sliko za vizir, kar olaj\u0161a natan\u010dno in hitro pridobivanje tar\u010de.<\/p>\n<p>Izbolj\u0161ajte natan\u010dnost in u\u010dinkovitost va\u0161ega oro\u017eja z FIBER OPTIC FRONT SIGHT KMR 6,75xD1x3 RDE\u010cO. Nadgradite svoj KMR strelno oro\u017eje \u0161e danes in ob\u010dutite razliko, ki jo lahko naredi ta izjemni vizir.<\/p>\n","protected":false},"excerpt":{"rendered":"<p>Opti\u010dno vlakenski prednji visir za modele oro\u017eja KMR, 6,75x1x3 rde\u010d.<\/p>\n","protected":false},"featured_media":24165,"template":"","meta":{"_acf_changed":false},"product_brand":[11509],"product_cat":[13433],"product_tag":[],"class_list":{"0":"post-689522","1":"product","2":"type-product","3":"status-publish","4":"has-post-thumbnail","6":"product_brand-kmr-precision","7":"product_cat-kmr-deli","9":"first","10":"instock","11":"taxable","12":"shipping-taxable","13":"product-type-simple"},"acf":[],"_links":{"self":[{"href":"https:\/\/nbg.eu\/sl\/wp-json\/wp\/v2\/product\/689522","targetHints":{"allow":["GET"]}}],"collection":[{"href":"https:\/\/nbg.eu\/sl\/wp-json\/wp\/v2\/product"}],"about":[{"href":"https:\/\/nbg.eu\/sl\/wp-json\/wp\/v2\/types\/product"}],"wp:featuredmedia":[{"embeddable":true,"href":"https:\/\/nbg.eu\/sl\/wp-json\/wp\/v2\/media\/24165"}],"wp:attachment":[{"href":"https:\/\/nbg.eu\/sl\/wp-json\/wp\/v2\/media?parent=689522"}],"wp:term":[{"taxonomy":"product_brand","embeddable":true,"href":"https:\/\/nbg.eu\/sl\/wp-json\/wp\/v2\/product_brand?post=689522"},{"taxonomy":"product_cat","embeddable":true,"href":"https:\/\/nbg.eu\/sl\/wp-json\/wp\/v2\/product_cat?post=689522"},{"taxonomy":"product_tag","embeddable":true,"href":"https:\/\/nbg.eu\/sl\/wp-json\/wp\/v2\/product_tag?post=689522"}],"curies":[{"name":"wp","href":"https:\/\/api.w.org\/{rel}","templated":true}]}}