{"id":689745,"date":"2024-08-17T15:11:05","date_gmt":"2024-08-17T12:11:05","guid":{"rendered":"https:\/\/nbg.eu\/product\/firing-pin-3x16-kmr\/"},"modified":"2026-05-13T16:02:51","modified_gmt":"2026-05-13T13:02:51","slug":"firing-pin-3x16-kmr","status":"publish","type":"product","link":"https:\/\/nbg.eu\/sl\/izdelek\/firing-pin-3x16-kmr\/","title":{"rendered":"KMR Zadr\u017eevalni Zati\u010d Udarne Igle 3&#215;16 S-02"},"content":{"rendered":"<h2>Spro\u017eilni zati\u010d 3X16 KMR: Zanesljivost v\u017eiga, zasnovana za tekmovalno strelstvo<\/h2>\n<p>Zasnovan za zahteve tekmovalnega strelstva, Spro\u017eilni zati\u010d 3X16 KMR zagotavlja neizprosen v\u017eig in odpornost na udarce. Natan\u010dno strojno obdelan na dimenzije 3&#215;16 mm iz visokokakovostnega kaljenja jekla, je ta spro\u017eilni zati\u010d zasnovan za prena\u0161anje ponavljajo\u010de se mehanske obremenitve hitrih strelov brez deformacije ali odloma konice.<\/p>\n<p>Konsistentni, centrirani udarci na v\u017eigalne kapice prepre\u010dujejo \u0161ibke udarce ali zgre\u0161ene v\u017eige, zagotavljajo zanesljivo v\u017eiganje pri vsakem strelu. Trdna zgradba in natan\u010dne tolerance Spro\u017eilnega zati\u010da 3X16 KMR ga delajo bistveno nadgradnjo za resne tekmovalne strelce, ki \u017eelijo optimizirati svoje delovanje in odpraviti okvare.<\/p>\n<p>Ne glede na to, ali se soo\u010date z izzivi 3-pu\u0161kine tekme ali \u017eelite izkoristiti zmogljivost svojega KMR pi\u0161tole, vam Spro\u017eilni zati\u010d 3X16 KMR nudi zanesljiv v\u017eig in trajno vzdr\u017eljivost, ki jih potrebujete za uspeh. Nadgradite svoj KMR danes in do\u017eivite razliko, ki jo lahko naredi precizna in\u017eenirska zasnova.<\/p>\n","protected":false},"excerpt":{"rendered":"<p>Natan\u010den 3x16mm jekleni v\u017eigalni zati\u010d, izdelan za zanesljivost v\u017eiga in odpornost na udarce v pi\u0161tolah KMR.<\/p>\n","protected":false},"featured_media":24004,"template":"","meta":{"_acf_changed":false},"product_brand":[11509],"product_cat":[13433,14779],"product_tag":[],"class_list":{"0":"post-689745","1":"product","2":"type-product","3":"status-publish","4":"has-post-thumbnail","6":"product_brand-kmr-precision","7":"product_cat-kmr-deli","8":"product_cat-udarne-zatice","10":"first","11":"instock","12":"taxable","13":"shipping-taxable","14":"product-type-simple"},"acf":[],"_links":{"self":[{"href":"https:\/\/nbg.eu\/sl\/wp-json\/wp\/v2\/product\/689745","targetHints":{"allow":["GET"]}}],"collection":[{"href":"https:\/\/nbg.eu\/sl\/wp-json\/wp\/v2\/product"}],"about":[{"href":"https:\/\/nbg.eu\/sl\/wp-json\/wp\/v2\/types\/product"}],"wp:featuredmedia":[{"embeddable":true,"href":"https:\/\/nbg.eu\/sl\/wp-json\/wp\/v2\/media\/24004"}],"wp:attachment":[{"href":"https:\/\/nbg.eu\/sl\/wp-json\/wp\/v2\/media?parent=689745"}],"wp:term":[{"taxonomy":"product_brand","embeddable":true,"href":"https:\/\/nbg.eu\/sl\/wp-json\/wp\/v2\/product_brand?post=689745"},{"taxonomy":"product_cat","embeddable":true,"href":"https:\/\/nbg.eu\/sl\/wp-json\/wp\/v2\/product_cat?post=689745"},{"taxonomy":"product_tag","embeddable":true,"href":"https:\/\/nbg.eu\/sl\/wp-json\/wp\/v2\/product_tag?post=689745"}],"curies":[{"name":"wp","href":"https:\/\/api.w.org\/{rel}","templated":true}]}}